{"id":4170,"date":"2022-08-29T14:04:50","date_gmt":"2022-08-29T14:04:50","guid":{"rendered":"https:\/\/www.bulldogproject.eu\/moodle-platform\/"},"modified":"2022-08-30T15:35:13","modified_gmt":"2022-08-30T15:35:13","slug":"moodle-platform","status":"publish","type":"page","link":"https:\/\/www.bulldogproject.eu\/sk\/moodle-platform\/","title":{"rendered":"Platforme BULLDOG MOODLE"},"content":{"rendered":"\n<p><strong>PLATFORME BULLDOG MOODLE<\/strong>: 30 Kurzov pre&nbsp; tr\u00e9nerov &amp; u\u010dite\u013eov<\/p>\n\n\n\n<p><a href=\"https:\/\/moodle.bulldogproject.eu\/\">https:\/\/moodle.bulldogproject.eu\/<\/a><\/p>\n\n\n\n<ul class=\"wp-block-list\" id=\"yui_3_17_2_1_1661781298807_42\"><li><strong>Pr\u00edpadov\u00e9&nbsp;\u0161t\u00fadie<\/strong><\/li><li><strong>V\u00ddSLEDKY- pre \u0161portovcov, pre t\u00edm <\/strong><\/li><li><strong>Praktick\u00e9 tipy a in\u0161trukcie<\/strong><\/li><li><strong>Kv\u00edzy<\/strong><\/li><li><strong>Pou\u017eit\u00e1 literat\u00fara<\/strong><\/li><\/ul>\n\n\n\n<figure class=\"wp-block-image size-large\"><a href=\"https:\/\/moodle.bulldogproject.eu\/\"><img loading=\"lazy\" decoding=\"async\" width=\"1024\" height=\"484\" src=\"https:\/\/www.bulldogproject.eu\/wp-content\/uploads\/2022\/08\/MOODLE-1024x484.jpg\" alt=\"\" class=\"wp-image-4159\" srcset=\"https:\/\/www.bulldogproject.eu\/wp-content\/uploads\/2022\/08\/MOODLE-1024x484.jpg 1024w, https:\/\/www.bulldogproject.eu\/wp-content\/uploads\/2022\/08\/MOODLE-300x142.jpg 300w, https:\/\/www.bulldogproject.eu\/wp-content\/uploads\/2022\/08\/MOODLE-768x363.jpg 768w, https:\/\/www.bulldogproject.eu\/wp-content\/uploads\/2022\/08\/MOODLE-1170x553.jpg 1170w, https:\/\/www.bulldogproject.eu\/wp-content\/uploads\/2022\/08\/MOODLE.jpg 1312w\" sizes=\"auto, (max-width: 1024px) 100vw, 1024px\" \/><\/a><\/figure>\n","protected":false},"excerpt":{"rendered":"<p>PLATFORME BULLDOG MOODLE: 30 Kurzov pre&nbsp; tr\u00e9nerov &amp; u\u010dite\u013eov https:\/\/moodle.bulldogproject.eu\/ Pr\u00edpadov\u00e9&nbsp;\u0161t\u00fadie V\u00ddSLEDKY- pre \u0161portovcov, pre t\u00edm Praktick\u00e9 tipy a in\u0161trukcie Kv\u00edzy Pou\u017eit\u00e1 literat\u00fara<\/p>\n","protected":false},"author":3,"featured_media":0,"parent":0,"menu_order":0,"comment_status":"closed","ping_status":"closed","template":"","meta":{"footnotes":""},"class_list":["post-4170","page","type-page","status-publish","hentry"],"_links":{"self":[{"href":"https:\/\/www.bulldogproject.eu\/sk\/wp-json\/wp\/v2\/pages\/4170","targetHints":{"allow":["GET"]}}],"collection":[{"href":"https:\/\/www.bulldogproject.eu\/sk\/wp-json\/wp\/v2\/pages"}],"about":[{"href":"https:\/\/www.bulldogproject.eu\/sk\/wp-json\/wp\/v2\/types\/page"}],"author":[{"embeddable":true,"href":"https:\/\/www.bulldogproject.eu\/sk\/wp-json\/wp\/v2\/users\/3"}],"replies":[{"embeddable":true,"href":"https:\/\/www.bulldogproject.eu\/sk\/wp-json\/wp\/v2\/comments?post=4170"}],"version-history":[{"count":3,"href":"https:\/\/www.bulldogproject.eu\/sk\/wp-json\/wp\/v2\/pages\/4170\/revisions"}],"predecessor-version":[{"id":4323,"href":"https:\/\/www.bulldogproject.eu\/sk\/wp-json\/wp\/v2\/pages\/4170\/revisions\/4323"}],"wp:attachment":[{"href":"https:\/\/www.bulldogproject.eu\/sk\/wp-json\/wp\/v2\/media?parent=4170"}],"curies":[{"name":"wp","href":"https:\/\/api.w.org\/{rel}","templated":true}]}}