{"id":3294,"date":"2022-08-21T19:31:08","date_gmt":"2022-08-21T19:31:08","guid":{"rendered":"https:\/\/demo.bulldogproject.eu\/bulldog-partnership\/"},"modified":"2022-08-30T15:33:37","modified_gmt":"2022-08-30T15:33:37","slug":"bulldog-partnership","status":"publish","type":"page","link":"https:\/\/www.bulldogproject.eu\/sk\/bulldog-partnership\/","title":{"rendered":"BULLDOG partnerstvo"},"content":{"rendered":"\n<figure class=\"wp-block-image size-large\"><img loading=\"lazy\" decoding=\"async\" width=\"1024\" height=\"683\" src=\"https:\/\/demo.bulldogproject.eu\/wp-content\/uploads\/2022\/08\/IMG_5619-1024x683.jpg\" alt=\"\" class=\"wp-image-2427\" srcset=\"https:\/\/www.bulldogproject.eu\/wp-content\/uploads\/2022\/08\/IMG_5619-1024x683.jpg 1024w, https:\/\/www.bulldogproject.eu\/wp-content\/uploads\/2022\/08\/IMG_5619-300x200.jpg 300w, https:\/\/www.bulldogproject.eu\/wp-content\/uploads\/2022\/08\/IMG_5619-768x512.jpg 768w, https:\/\/www.bulldogproject.eu\/wp-content\/uploads\/2022\/08\/IMG_5619-1536x1024.jpg 1536w, https:\/\/www.bulldogproject.eu\/wp-content\/uploads\/2022\/08\/IMG_5619-2048x1365.jpg 2048w, https:\/\/www.bulldogproject.eu\/wp-content\/uploads\/2022\/08\/IMG_5619-1170x780.jpg 1170w\" sizes=\"auto, (max-width: 1024px) 100vw, 1024px\" \/><\/figure>\n\n\n\n<p><\/p>\n\n\n\n<p><\/p>\n\n\n\n<h5 class=\"wp-block-heading\">S PODPOROU \u0160PORTOV\u00c9HO PROGRAMU ERASMUS+<\/h5>\n\n\n\n<p><\/p>\n\n\n\n<figure class=\"wp-block-image size-large is-resized\"><img loading=\"lazy\" decoding=\"async\" src=\"https:\/\/demo.bulldogproject.eu\/wp-content\/uploads\/2022\/08\/logosbeneficaireserasmusright_en-1024x210.jpg\" alt=\"\" class=\"wp-image-3038\" width=\"414\" height=\"85\" srcset=\"https:\/\/www.bulldogproject.eu\/wp-content\/uploads\/2022\/08\/logosbeneficaireserasmusright_en-1024x210.jpg 1024w, https:\/\/www.bulldogproject.eu\/wp-content\/uploads\/2022\/08\/logosbeneficaireserasmusright_en-300x62.jpg 300w, https:\/\/www.bulldogproject.eu\/wp-content\/uploads\/2022\/08\/logosbeneficaireserasmusright_en-768x158.jpg 768w, https:\/\/www.bulldogproject.eu\/wp-content\/uploads\/2022\/08\/logosbeneficaireserasmusright_en-1536x315.jpg 1536w, https:\/\/www.bulldogproject.eu\/wp-content\/uploads\/2022\/08\/logosbeneficaireserasmusright_en-2048x420.jpg 2048w, https:\/\/www.bulldogproject.eu\/wp-content\/uploads\/2022\/08\/logosbeneficaireserasmusright_en-1170x240.jpg 1170w\" sizes=\"auto, (max-width: 414px) 100vw, 414px\" \/><\/figure>\n\n\n\n<h5 class=\"wp-block-heading\"><\/h5>\n\n\n<p>T\u00e1to aplik\u00e1cia bola spolufinancovan\u00e1 Eur\u00f3pskou komisiou v r\u00e1mci akcie programu ERASMUS+ SPORT.<\/p>\n<p>Obsah aplik\u00e1cie odr\u00e1\u017ea iba poh\u013ead autorov a agent\u00fara ani Komisia nenes\u00fa zodpovednos\u0165 za ak\u00e9ko\u013evek pou\u017eitie inform\u00e1ci\u00ed, ktor\u00e9 aplik\u00e1cia obsahuje.<\/p>\n<h5><span style=\"color: #333399;\">BULLDOG PARTNERSTVO<\/span><\/h5>\n<p>Aplik\u00e1cia bola vyvinut\u00e1 v spolupr\u00e1ci \u0161iestich in\u0161tit\u00faci\u00ed z t\u00fdchto kraj\u00edn:<\/p>\n<p><strong>ROMANIA:<\/strong>&nbsp;&nbsp;SCOALA GIMNAZIALA REDIU<\/p>\n<p>SOS. Valea Rediului N.R 342,<\/p>\n<p>Rediu 707405<\/p>\n<p><strong>website:&nbsp;<a href=\"https:\/\/scoalagimnazialarediu.ro\/\">https:\/\/scoalagimnazialarediu.ro\/<\/a><\/strong><\/p>\n<p><strong>GR\u00c9CKO: <\/strong>MAIANDROS EPE<\/p>\n<p>7 Artemidos st. Ekali<\/p>\n<p>14578 Athens<\/p>\n<p><strong>website:&nbsp;<a href=\"https:\/\/meandrosltd.gr\/\">https:\/\/meandrosltd.gr\/<\/a><\/strong><\/p>\n<p><strong>TALIANSKO:<\/strong>&nbsp;CENTRO UNIVERSITARIO SPORTIVO \u2013 CUS PADOVA<\/p>\n<p>Via Giordano Bruno 27,<\/p>\n<p>35124 Padova<\/p>\n<p><strong>website<\/strong><em>:&nbsp;<\/em><strong><a href=\"https:\/\/www.cuspadova.it\/\">https:\/\/www.cuspadova.it\/<\/a><\/strong><\/p>\n<p><strong>PORTUGALSKO:<\/strong>&nbsp;ASSOCIA\u00c7\u00c3O DE FUTEBOL DE BRAGAN\u00c7A<\/p>\n<p>Bairro da Coxa Fundo de Fomento de Habita\u00e7\u00e3o,<\/p>\n<p>Bloco C&nbsp; Entrada 1,<\/p>\n<p>5300 \u2013 098 Bragan\u00e7a<\/p>\n<p><strong>website:&nbsp;<a href=\"https:\/\/afbraganca.fpf.pt\/\">https:\/\/afbraganca.fpf.pt\/<\/a><\/strong><\/p>\n<p><strong>SLOVENSKO:<\/strong>&nbsp;GYMNAZIUM PAVLA HOROVA<\/p>\n<p>Masarykova 1,<\/p>\n<p>07101 Michalovce, Ko\u0161ick\u00fd kraj<\/p>\n<p><strong>website:&nbsp;<a href=\"https:\/\/www.gphmi.sk\/\">https:\/\/www.gphmi.sk\/<\/a><\/strong><\/p>\n<p><strong>\u00cdRSKO<\/strong>: CHAMPIONS FACTORY IRELAND LIMITED<\/p>\n<p>94 Northlands, Bettystown, Co. Meath,<\/p>\n<p>Dublin A92 D3T0<\/p>\n<p><strong>website:&nbsp;<a href=\"https:\/\/championsfactory.bg\/cf-community\/champions-factory-ireland\/\">https:\/\/championsfactory.bg<\/a><\/strong><\/p>\n<blockquote>\n<p>N\u00c1VRH A V\u00ddVOJ APLIK\u00c1CIE: TOOL LTD. &#8211; GREECE<\/p>\n<\/blockquote>\n\n<div class=\"wp-block-image\">\n<figure class=\"alignleft size-full is-resized\"><a href=\"https:\/\/scoalagimnazialarediu.ro\/\"><img loading=\"lazy\" decoding=\"async\" src=\"https:\/\/demo.bulldogproject.eu\/wp-content\/uploads\/2022\/08\/5.jpg\" alt=\"\" class=\"wp-image-3001\" width=\"105\" height=\"106\" srcset=\"https:\/\/www.bulldogproject.eu\/wp-content\/uploads\/2022\/08\/5.jpg 150w, https:\/\/www.bulldogproject.eu\/wp-content\/uploads\/2022\/08\/5-80x80.jpg 80w\" sizes=\"auto, (max-width: 105px) 100vw, 105px\" \/><\/a><\/figure>\n<\/div>\n\n<div class=\"wp-block-image\">\n<figure class=\"alignleft size-full is-resized\"><a href=\"https:\/\/meandrosltd.gr\/\"><img loading=\"lazy\" decoding=\"async\" src=\"https:\/\/demo.bulldogproject.eu\/wp-content\/uploads\/2022\/08\/6.jpg\" alt=\"\" class=\"wp-image-3007\" width=\"221\" height=\"68\"\/><\/a><\/figure>\n<\/div>\n\n<div class=\"wp-block-image\">\n<figure class=\"alignleft size-full is-resized\"><a href=\"https:\/\/www.cuspadova.it\/\"><img loading=\"lazy\" decoding=\"async\" src=\"https:\/\/demo.bulldogproject.eu\/wp-content\/uploads\/2022\/08\/3.png\" alt=\"\" class=\"wp-image-2989\" width=\"101\" height=\"106\"\/><\/a><\/figure>\n<\/div>\n\n<div class=\"wp-block-image\">\n<figure class=\"alignleft size-full is-resized\"><a href=\"https:\/\/www.gphmi.sk\/\"><img loading=\"lazy\" decoding=\"async\" src=\"https:\/\/demo.bulldogproject.eu\/wp-content\/uploads\/2022\/08\/4.png\" alt=\"\" class=\"wp-image-2995\" width=\"101\" height=\"103\"\/><\/a><\/figure>\n<\/div>\n\n<div class=\"wp-block-image\">\n<figure class=\"alignleft size-full is-resized\"><a href=\"https:\/\/afbraganca.fpf.pt\/\"><img loading=\"lazy\" decoding=\"async\" src=\"https:\/\/demo.bulldogproject.eu\/wp-content\/uploads\/2022\/08\/1.png\" alt=\"\" class=\"wp-image-2977\" width=\"91\" height=\"107\"\/><\/a><\/figure>\n<\/div>\n\n<div class=\"wp-block-image\">\n<figure class=\"alignleft size-full is-resized\"><a href=\"https:\/\/championsfactory.bg\"><img loading=\"lazy\" decoding=\"async\" src=\"https:\/\/demo.bulldogproject.eu\/wp-content\/uploads\/2022\/08\/2.png\" alt=\"\" class=\"wp-image-2983\" width=\"95\" height=\"96\" srcset=\"https:\/\/www.bulldogproject.eu\/wp-content\/uploads\/2022\/08\/2.png 139w, https:\/\/www.bulldogproject.eu\/wp-content\/uploads\/2022\/08\/2-80x80.png 80w\" sizes=\"auto, (max-width: 95px) 100vw, 95px\" \/><\/a><\/figure>\n<\/div>","protected":false},"excerpt":{"rendered":"<p>S PODPOROU \u0160PORTOV\u00c9HO PROGRAMU ERASMUS+ T\u00e1to aplik\u00e1cia bola spolufinancovan\u00e1 Eur\u00f3pskou komisiou v r\u00e1mci akcie programu ERASMUS+ SPORT. Obsah aplik\u00e1cie odr\u00e1\u017ea iba poh\u013ead autorov a agent\u00fara ani Komisia nenes\u00fa zodpovednos\u0165 za ak\u00e9ko\u013evek pou\u017eitie inform\u00e1ci\u00ed, ktor\u00e9 aplik\u00e1cia obsahuje. BULLDOG PARTNERSTVO Aplik\u00e1cia bola vyvinut\u00e1 v spolupr\u00e1ci \u0161iestich in\u0161tit\u00faci\u00ed z t\u00fdchto kraj\u00edn: ROMANIA:&nbsp;&nbsp;SCOALA GIMNAZIALA REDIU SOS. Valea Rediului N.R [&hellip;]<\/p>\n","protected":false},"author":3,"featured_media":0,"parent":0,"menu_order":0,"comment_status":"closed","ping_status":"closed","template":"","meta":{"footnotes":""},"class_list":["post-3294","page","type-page","status-publish","hentry"],"_links":{"self":[{"href":"https:\/\/www.bulldogproject.eu\/sk\/wp-json\/wp\/v2\/pages\/3294","targetHints":{"allow":["GET"]}}],"collection":[{"href":"https:\/\/www.bulldogproject.eu\/sk\/wp-json\/wp\/v2\/pages"}],"about":[{"href":"https:\/\/www.bulldogproject.eu\/sk\/wp-json\/wp\/v2\/types\/page"}],"author":[{"embeddable":true,"href":"https:\/\/www.bulldogproject.eu\/sk\/wp-json\/wp\/v2\/users\/3"}],"replies":[{"embeddable":true,"href":"https:\/\/www.bulldogproject.eu\/sk\/wp-json\/wp\/v2\/comments?post=3294"}],"version-history":[{"count":7,"href":"https:\/\/www.bulldogproject.eu\/sk\/wp-json\/wp\/v2\/pages\/3294\/revisions"}],"predecessor-version":[{"id":4321,"href":"https:\/\/www.bulldogproject.eu\/sk\/wp-json\/wp\/v2\/pages\/3294\/revisions\/4321"}],"wp:attachment":[{"href":"https:\/\/www.bulldogproject.eu\/sk\/wp-json\/wp\/v2\/media?parent=3294"}],"curies":[{"name":"wp","href":"https:\/\/api.w.org\/{rel}","templated":true}]}}