{"id":2799,"date":"2022-08-20T17:29:46","date_gmt":"2022-08-20T17:29:46","guid":{"rendered":"https:\/\/demo.bulldogproject.eu\/instructions-for-bulldog-app\/"},"modified":"2022-08-20T17:56:56","modified_gmt":"2022-08-20T17:56:56","slug":"instructions-for-bulldog-app","status":"publish","type":"page","link":"https:\/\/www.bulldogproject.eu\/sk\/instructions-for-bulldog-app\/","title":{"rendered":"Pokyny aplik\u00e1cie bulldog"},"content":{"rendered":"\n<div class=\"wp-block-cover aligncenter is-light\" style=\"min-height:315px;aspect-ratio:unset;\"><span aria-hidden=\"true\" class=\"wp-block-cover__background has-background-dim\"><\/span><img loading=\"lazy\" decoding=\"async\" width=\"1920\" height=\"738\" class=\"wp-block-cover__image-background wp-image-2806\" alt=\"\" src=\"https:\/\/demo.bulldogproject.eu\/wp-content\/uploads\/2022\/08\/logo-crop.png\" data-object-fit=\"cover\" srcset=\"https:\/\/www.bulldogproject.eu\/wp-content\/uploads\/2022\/08\/logo-crop.png 1920w, https:\/\/www.bulldogproject.eu\/wp-content\/uploads\/2022\/08\/logo-crop-300x115.png 300w, https:\/\/www.bulldogproject.eu\/wp-content\/uploads\/2022\/08\/logo-crop-1024x394.png 1024w, https:\/\/www.bulldogproject.eu\/wp-content\/uploads\/2022\/08\/logo-crop-768x295.png 768w, https:\/\/www.bulldogproject.eu\/wp-content\/uploads\/2022\/08\/logo-crop-1536x590.png 1536w, https:\/\/www.bulldogproject.eu\/wp-content\/uploads\/2022\/08\/logo-crop-1170x450.png 1170w\" sizes=\"auto, (max-width: 1920px) 100vw, 1920px\" \/><div class=\"wp-block-cover__inner-container is-layout-flow wp-block-cover-is-layout-flow\">\n<p class=\"has-text-align-center has-large-font-size\"><\/p>\n<\/div><\/div>\n\n\n\n<p><\/p>\n\n\n\n<p><\/p>\n\n\n\n<p>U\u010dite\u013e\/tr\u00e9ner, aby mohol pou\u017e\u00edva\u0165 aplik\u00e1ciu BULLDOG, mus\u00ed vytvori\u0165 nov\u00fa hru pomocou hlavn\u00e9ho panela aplik\u00e1cie.<\/p>\n\n\n\n<p><strong>NA HLAVNOM PANELI<\/strong><\/p>\n\n\n\n<p><strong>Hlavn\u00fd panel sa nach\u00e1dza na adrese: <a rel=\"noreferrer noopener\" href=\"https:\/\/bulldog-admin.netlify.app\/\" target=\"_blank\">https:\/\/bulldog-admin.netlify.app\/<\/a><\/strong><\/p>\n\n\n\n<p>Pri prvom pou\u017eit\u00ed aplik\u00e1cie sa mus\u00edte zaregistrova\u0165.<\/p>\n\n\n\n<p>Dostanete overovac\u00ed e-mail s heslom, ktor\u00e9 pou\u017eijete pri prvom pripojen\u00ed. (pozrite si aj nevy\u017eiadan\u00fa po\u0161tu)<\/p>\n\n\n\n<p>Potom prejdete na NOV\u00c1 HRA Pomenujete hru, ktor\u00fa vytvor\u00edte.<\/p>\n\n\n\n<p>Ak stla\u010d\u00edte HR\u00c1\u010cI, potom sa objavia v\u0161etci, ktor\u00ed odoslali svoje sk\u00f3re. Na za\u010diatku je zoznam pr\u00e1zdny.<\/p>\n\n\n\n<p>Z\u00edskate ID hry, ktor\u00e9 sa nach\u00e1dza v hornej \u010dasti zoznamu a rozo\u0161lete ho hr\u00e1\u010dom.<\/p>\n\n\n\n<p>M\u00f4\u017eete vytvori\u0165 to\u013eko hier, ko\u013eko chcete bez obmedzen\u00ed.<\/p>\n\n\n\n<p><strong>V APLIK\u00c1CII<\/strong><\/p>\n\n\n\n<p>Hne\u010f ako hr\u00e1\u010di dokon\u010dia \u010das\u0165 1 alebo 3, pou\u017eij\u00fa ID hry a svoje pou\u017e\u00edvate\u013esk\u00e9 meno, aby mohli odosla\u0165 svoje sk\u00f3re.<\/p>\n\n\n\n<p>Odpovede, ID hry a pou\u017e\u00edvate\u013esk\u00e9 meno (ak ich pou\u017e\u00edvate\u013e odoslal) s\u00fa ulo\u017een\u00e9 po\u010das cel\u00e9ho trvania hry.<\/p>\n\n\n\n<p>Ak pou\u017e\u00edvate\u013e stla\u010d\u00ed HRA\u0164 NOV\u00da HRU, potom sa z hry vyma\u017e\u00fa v\u0161etky spom\u00ednan\u00e9 \u00fadaje.<\/p>\n\n\n\n<p>Aplik\u00e1cia BULLDOG zais\u0165uje, \u017ee do infra\u0161trukt\u00fary pre \u0161tudentov sa neulo\u017eia \u017eiadne osobn\u00e9 \u00fadaje. Jedin\u00fdm osobn\u00fdm \u00fadajom, ktor\u00fd bude syst\u00e9m uchov\u00e1va\u0165, je e-mail u\u010dite\u013ea\/tr\u00e9nera, ktor\u00fd je potrebn\u00fd na \u00fa\u010dely overenia.<\/p>\n\n\n\n<p>Aplik\u00e1cia BULLDOG sp\u013a\u0148a po\u017eiadavky s\u00fa\u010dasn\u00e9ho pr\u00e1vneho r\u00e1mca t\u00fdkaj\u00face sa spracovania \u00fadajov a je v s\u00falade s nariaden\u00edm Eur\u00f3pskeho parlamentu a Rady (E\u00da) 2016\/679 z 27. apr\u00edla 2016 o ochrane fyzick\u00fdch os\u00f4b pri sprac\u00favan\u00ed osobn\u00fdch \u00fadajov a o vo\u013enom pohybe tak\u00fdchto \u00fadajov, ktor\u00fdm sa zru\u0161uje smernica 95\/46\/ES (v\u0161eobecn\u00e9 nariadenie o ochrane \u00fadajov).<strong><\/strong><\/p>\n\n\n\n<figure class=\"wp-block-gallery has-nested-images columns-default is-cropped wp-block-gallery-1 is-layout-flex wp-block-gallery-is-layout-flex\">\n<figure class=\"wp-block-image size-large\"><img loading=\"lazy\" decoding=\"async\" width=\"958\" height=\"486\" data-id=\"2778\" src=\"https:\/\/demo.bulldogproject.eu\/wp-content\/uploads\/2022\/08\/DASHBOARD1.jpg\" alt=\"\" class=\"wp-image-2778\" srcset=\"https:\/\/www.bulldogproject.eu\/wp-content\/uploads\/2022\/08\/DASHBOARD1.jpg 958w, https:\/\/www.bulldogproject.eu\/wp-content\/uploads\/2022\/08\/DASHBOARD1-300x152.jpg 300w, https:\/\/www.bulldogproject.eu\/wp-content\/uploads\/2022\/08\/DASHBOARD1-768x390.jpg 768w\" sizes=\"auto, (max-width: 958px) 100vw, 958px\" \/><\/figure>\n\n\n\n<figure class=\"wp-block-image size-large\"><img loading=\"lazy\" decoding=\"async\" width=\"947\" height=\"456\" data-id=\"2776\" src=\"https:\/\/demo.bulldogproject.eu\/wp-content\/uploads\/2022\/08\/DASHBOARD2.jpg\" alt=\"\" class=\"wp-image-2776\" srcset=\"https:\/\/www.bulldogproject.eu\/wp-content\/uploads\/2022\/08\/DASHBOARD2.jpg 947w, https:\/\/www.bulldogproject.eu\/wp-content\/uploads\/2022\/08\/DASHBOARD2-300x144.jpg 300w, https:\/\/www.bulldogproject.eu\/wp-content\/uploads\/2022\/08\/DASHBOARD2-768x370.jpg 768w\" sizes=\"auto, (max-width: 947px) 100vw, 947px\" \/><\/figure>\n\n\n\n<figure class=\"wp-block-image size-large\"><img loading=\"lazy\" decoding=\"async\" width=\"937\" height=\"479\" data-id=\"2788\" src=\"https:\/\/demo.bulldogproject.eu\/wp-content\/uploads\/2022\/08\/DASHBOARD3.jpg\" alt=\"\" class=\"wp-image-2788\" srcset=\"https:\/\/www.bulldogproject.eu\/wp-content\/uploads\/2022\/08\/DASHBOARD3.jpg 937w, https:\/\/www.bulldogproject.eu\/wp-content\/uploads\/2022\/08\/DASHBOARD3-300x153.jpg 300w, https:\/\/www.bulldogproject.eu\/wp-content\/uploads\/2022\/08\/DASHBOARD3-768x393.jpg 768w\" sizes=\"auto, (max-width: 937px) 100vw, 937px\" \/><\/figure>\n<\/figure>\n","protected":false},"excerpt":{"rendered":"<p>U\u010dite\u013e\/tr\u00e9ner, aby mohol pou\u017e\u00edva\u0165 aplik\u00e1ciu BULLDOG, mus\u00ed vytvori\u0165 nov\u00fa hru pomocou hlavn\u00e9ho panela aplik\u00e1cie. NA HLAVNOM PANELI Hlavn\u00fd panel sa nach\u00e1dza na adrese: https:\/\/bulldog-admin.netlify.app\/ Pri prvom pou\u017eit\u00ed aplik\u00e1cie sa mus\u00edte zaregistrova\u0165. Dostanete overovac\u00ed e-mail s heslom, ktor\u00e9 pou\u017eijete pri prvom pripojen\u00ed. (pozrite si aj nevy\u017eiadan\u00fa po\u0161tu) Potom prejdete na NOV\u00c1 HRA Pomenujete hru, ktor\u00fa vytvor\u00edte. [&hellip;]<\/p>\n","protected":false},"author":3,"featured_media":0,"parent":0,"menu_order":0,"comment_status":"closed","ping_status":"closed","template":"","meta":{"footnotes":""},"class_list":["post-2799","page","type-page","status-publish","hentry"],"_links":{"self":[{"href":"https:\/\/www.bulldogproject.eu\/sk\/wp-json\/wp\/v2\/pages\/2799","targetHints":{"allow":["GET"]}}],"collection":[{"href":"https:\/\/www.bulldogproject.eu\/sk\/wp-json\/wp\/v2\/pages"}],"about":[{"href":"https:\/\/www.bulldogproject.eu\/sk\/wp-json\/wp\/v2\/types\/page"}],"author":[{"embeddable":true,"href":"https:\/\/www.bulldogproject.eu\/sk\/wp-json\/wp\/v2\/users\/3"}],"replies":[{"embeddable":true,"href":"https:\/\/www.bulldogproject.eu\/sk\/wp-json\/wp\/v2\/comments?post=2799"}],"version-history":[{"count":5,"href":"https:\/\/www.bulldogproject.eu\/sk\/wp-json\/wp\/v2\/pages\/2799\/revisions"}],"predecessor-version":[{"id":2844,"href":"https:\/\/www.bulldogproject.eu\/sk\/wp-json\/wp\/v2\/pages\/2799\/revisions\/2844"}],"wp:attachment":[{"href":"https:\/\/www.bulldogproject.eu\/sk\/wp-json\/wp\/v2\/media?parent=2799"}],"curies":[{"name":"wp","href":"https:\/\/api.w.org\/{rel}","templated":true}]}}