{"id":1621,"date":"2014-03-13T06:58:45","date_gmt":"2014-03-13T06:58:45","guid":{"rendered":"https:\/\/demo.bulldogproject.eu\/contact-alt\/"},"modified":"2022-08-25T01:48:06","modified_gmt":"2022-08-25T01:48:06","slug":"contact-alt","status":"publish","type":"page","link":"https:\/\/www.bulldogproject.eu\/sk\/contact-alt\/","title":{"rendered":"Kontact"},"content":{"rendered":"<p>[vc_row][vc_column width=&#8220;1\/3&#8243;][vc_widget_sidebar sidebar_id=&#8220;grve-sidebar-4&#8243;][\/vc_column][vc_column width=&#8220;2\/3&#8243;]<h4 class=\"grve-element grve-align-left grve-title-no-line\" style=\"\">Spojme sa....<\/h4>[vc_column_text]<strong>Gymn\u00e1zium Pavla Horova<\/strong><\/p>\n<p>Masarykova 1<\/p>\n<p>07101 Michalovce<\/p>\n<p>Slovakia<\/p>\n<p><a href=\"https:\/\/www.gphmi.sk\/\">https:\/\/www.gphmi.sk\/<\/a>[\/vc_column_text]<div class=\"grve-element grve-map\" data-marker=\"https:\/\/www.bulldogproject.eu\/wp-content\/themes\/reload\/images\/markers\/markers.png\" data-lat=\"48.75928907903631\" data-lng=\"21.912533011119233\" data-zoom=\"14\" style=\"height: 300px;\"><\/div>[\/vc_column][\/vc_row][vc_row opacity_overlay=&#8220;10&#8243; footer_feature=&#8220;yes&#8220; bg_color=&#8220;#24d1c4&#8243; font_color=&#8220;#ffffff&#8220; padding_top=&#8220;40&#8243; padding_bottom=&#8220;40&#8243;][vc_column]<div class=\"grve-element grve-callout grve-style-2\" style=\"\">  <div class=\"grve-callout-content\">    <span class=\"grve-callout-title\">Ako sa m\u00e1me? Budeme radi za va\u0161u sp\u00e4tn\u00fa v\u00e4zbu!<\/span><a class=\"grve-btn grve-btn-extrasmall grve-primary\" href=\"https:\/\/www.gphmi.sk\/\"  target=\"_blank\" style=\"\"><span>Button<\/span><\/a>  <\/div><\/div>[\/vc_column][\/vc_row]<\/p>\n","protected":false},"excerpt":{"rendered":"<p>[vc_row][vc_column width=&#8220;1\/3&#8243;][vc_widget_sidebar sidebar_id=&#8220;grve-sidebar-4&#8243;][\/vc_column][vc_column width=&#8220;2\/3&#8243;][vc_column_text]Gymn\u00e1zium Pavla Horova Masarykova 1 07101 Michalovce Slovakia https:\/\/www.gphmi.sk\/[\/vc_column_text][\/vc_column][\/vc_row][vc_row opacity_overlay=&#8220;10&#8243; footer_feature=&#8220;yes&#8220; bg_color=&#8220;#24d1c4&#8243; font_color=&#8220;#ffffff&#8220; padding_top=&#8220;40&#8243; padding_bottom=&#8220;40&#8243;][vc_column][\/vc_column][\/vc_row]<\/p>\n","protected":false},"author":2,"featured_media":0,"parent":0,"menu_order":0,"comment_status":"open","ping_status":"open","template":"","meta":{"footnotes":""},"class_list":["post-1621","page","type-page","status-publish","hentry"],"_links":{"self":[{"href":"https:\/\/www.bulldogproject.eu\/sk\/wp-json\/wp\/v2\/pages\/1621","targetHints":{"allow":["GET"]}}],"collection":[{"href":"https:\/\/www.bulldogproject.eu\/sk\/wp-json\/wp\/v2\/pages"}],"about":[{"href":"https:\/\/www.bulldogproject.eu\/sk\/wp-json\/wp\/v2\/types\/page"}],"author":[{"embeddable":true,"href":"https:\/\/www.bulldogproject.eu\/sk\/wp-json\/wp\/v2\/users\/2"}],"replies":[{"embeddable":true,"href":"https:\/\/www.bulldogproject.eu\/sk\/wp-json\/wp\/v2\/comments?post=1621"}],"version-history":[{"count":9,"href":"https:\/\/www.bulldogproject.eu\/sk\/wp-json\/wp\/v2\/pages\/1621\/revisions"}],"predecessor-version":[{"id":3993,"href":"https:\/\/www.bulldogproject.eu\/sk\/wp-json\/wp\/v2\/pages\/1621\/revisions\/3993"}],"wp:attachment":[{"href":"https:\/\/www.bulldogproject.eu\/sk\/wp-json\/wp\/v2\/media?parent=1621"}],"curies":[{"name":"wp","href":"https:\/\/api.w.org\/{rel}","templated":true}]}}