{"id":1530,"date":"2022-07-29T15:43:31","date_gmt":"2022-07-29T15:43:31","guid":{"rendered":"https:\/\/demo.bulldogproject.eu\/policy-2\/"},"modified":"2022-08-30T15:39:36","modified_gmt":"2022-08-30T15:39:36","slug":"policy-2","status":"publish","type":"page","link":"https:\/\/www.bulldogproject.eu\/sk\/policy-2\/","title":{"rendered":"Politika"},"content":{"rendered":"\n<figure class=\"wp-block-image size-full is-resized\"><img loading=\"lazy\" decoding=\"async\" src=\"https:\/\/demo.bulldogproject.eu\/wp-content\/uploads\/2022\/07\/Logopit_1570302109969-2.png\" alt=\"\" class=\"wp-image-1591\" width=\"621\" height=\"275\" srcset=\"https:\/\/www.bulldogproject.eu\/wp-content\/uploads\/2022\/07\/Logopit_1570302109969-2.png 600w, https:\/\/www.bulldogproject.eu\/wp-content\/uploads\/2022\/07\/Logopit_1570302109969-2-300x133.png 300w\" sizes=\"auto, (max-width: 621px) 100vw, 621px\" \/><\/figure>\n\n\n\n<p><\/p>\n\n\n\n<p><strong>Podmienky pou\u017e\u00edvania: Aplik\u00e1cia BULLDOG<\/strong><\/p>\n\n\n\n<p><strong><br>1. \u00davod<\/strong><br>T\u00fdmto ozn\u00e1men\u00edm by sme v\u00e1s chceli informova\u0165 o&nbsp;podmienkach n\u00e1\u0161ho zberu a&nbsp;spracovania osobn\u00fdch \u00fadajov, ktor\u00e9 vykon\u00e1va zdru\u017eenie BULLDOG PARTNERSHIP pozost\u00e1vaj\u00face z&nbsp;nasleduj\u00facich in\u0161tit\u00faci\u00ed: \u0218COALA GIMNAZIAL\u0102 REDIU, MAIANDROS EPE, CENTRO UNIVERSITARIO SPORTIVO &#8211; CUS PADOVA, ASSOCIA\u00c7\u00c3O DE FUTEBOL DE BRAGAN\u00c7A, GYMN\u00c1ZIUM PAVLA HOROVA a&nbsp;CHAMPIONS FACTORY IRELAND LIMITED majitelia aplik\u00e1cie BULLDOG (slovenskej, gr\u00e9ckej, talianskej, portugalskej a&nbsp;anglickej verzie) a&nbsp;prev\u00e1dzkovate\u013e osobn\u00fdch \u00fadajov zhroma\u017eden\u00fdch prostredn\u00edctvom tejto aplik\u00e1cie (\u010falej len \u201eBULLDOG\u201c).<br><br>BULLDOG prijal v\u0161etky potrebn\u00e9 opatrenia na zabezpe\u010denie vysokej \u00farovne ochrany a&nbsp;bezpe\u010dnosti aplik\u00e1cie BULLDOG v&nbsp;s\u00falade s&nbsp;uzn\u00e1van\u00fdmi najlep\u0161\u00edmi obchodn\u00fdmi postupmi.<br>Pr\u00edstup a&nbsp;navig\u00e1cia v&nbsp;aplik\u00e1cii BULLDOG s\u00fa bezplatn\u00e9. Ak\u00e9ko\u013evek kop\u00edrovanie alebo reprodukcia ak\u00fdmko\u013evek sp\u00f4sobom, publikovanie, \u00faprava alebo ak\u00fdmko\u013evek in\u00fdm sp\u00f4sobom pou\u017eitie fotografi\u00ed, vide\u00ed, obr\u00e1zkov a&nbsp;log zahrnut\u00fdch v&nbsp;aplik\u00e1cii BULLDOG je pr\u00edsne zak\u00e1zan\u00e9.<br>BULLDOG si vyhradzuje pr\u00e1vo kedyko\u013evek upravi\u0165 tieto podmienky bez predch\u00e1dzaj\u00faceho upozornenia pou\u017e\u00edvate\u013eov. Preto v\u00e1m odpor\u00fa\u010dame, aby ste ich pri pou\u017e\u00edvan\u00ed aplik\u00e1cie pravidelne kontrolovali.<br><br><strong>2. Ak\u00e9 osobn\u00e9 \u00fadaje zbierame?<\/strong><\/p>\n\n\n\n<p>Pri pou\u017e\u00edvan\u00ed tejto aplik\u00e1cie nie je potrebn\u00e9 zaregistrova\u0165 \u017eiadne osobn\u00e9 \u00fadaje.<br>Ak sa v\u0161ak chcete prihl\u00e1si\u0165 do hlavn\u00e9ho panela BULLDOG, aby ste mohli vytvori\u0165 nov\u00fa hru pre aplik\u00e1ciu BULLDOG, budete po\u017eiadan\u00ed o&nbsp;zadanie ur\u010dit\u00fdch osobn\u00fdch \u00fadajov, ako je napr\u00edklad: meno a&nbsp;e-mailov\u00e1 adresa.<\/p>\n\n\n\n<p><br><strong>3. Na ak\u00e9 \u00fa\u010dely zbierame va\u0161e osobn\u00e9 \u00fadaje?<\/strong><\/p>\n\n\n\n<p>Db\u00e1me na to, aby sme zbierali iba nevyhnutn\u00e9 osobn\u00e9 \u00fadaje, ktor\u00e9 s\u00fa vhodn\u00e9 a&nbsp;jasn\u00e9 na zam\u00fd\u0161\u013ean\u00e9 \u00fa\u010dely, a&nbsp;nepodliehaj\u00fa \u017eiadnemu \u010fal\u0161iemu spracovaniu \u017eiadnym sp\u00f4sobom nezlu\u010dite\u013en\u00fdm s&nbsp;p\u00f4vodn\u00fdmi \u00fa\u010delmi.<br>Va\u0161e osobn\u00e9 \u00fadaje sprac\u00favame na nasleduj\u00face \u00fa\u010dely:<br>\u2022 aby sme v\u00e1s mohli kontaktova\u0165 pri registr\u00e1cii, aby sme dostali v\u00e1\u0161 e-mail a&nbsp;poslali v\u00e1m heslo na vstup do aplik\u00e1cie.<br><br><strong>4. Ako dlho uchov\u00e1vame va\u0161e osobn\u00e9 \u00fadaje?<\/strong><\/p>\n\n\n\n<p>Zabezpe\u010dujeme, aby osobn\u00e9 \u00fadaje, ktor\u00e9 zbierame, neboli sprac\u00favan\u00e9 dlh\u0161ie, ako je potrebn\u00e9 na dan\u00fd \u00fa\u010del spracovania. Z\u00e1kladn\u00e9 krit\u00e9ri\u00e1, ktor\u00e9 zoh\u013ead\u0148ujeme pri ur\u010dovan\u00ed \u010dasu, po\u010das ktor\u00e9ho uchov\u00e1vame va\u0161e osobn\u00e9 \u00fadaje, je z\u00e1konom stanoven\u00e1 lehota na uplatnenie n\u00e1rokov a&nbsp;lehoty, v&nbsp;ktor\u00fdch m\u00f4\u017ee org\u00e1n verejnej moci po\u017eadova\u0165, aby sme mu poskytli inform\u00e1cie, ktor\u00e9 m\u00e1me v&nbsp;evidencii.<br><br><strong>5. Ak\u00fd je pr\u00e1vny z\u00e1klad pre spracovanie va\u0161ich \u00fadajov zo strany BULLDOG?<\/strong><strong><\/strong><\/p>\n\n\n\n<p>\u2022 V\u00e1\u0161 s\u00fahlas, v&nbsp;pr\u00edpade potreby, na jeden \u00fa\u010del (napr. ke\u010f sa zaregistrujete na hlavnom paneli BULLDOG)<br>\u2022 Dodr\u017eiavanie povinnost\u00ed vypl\u00fdvaj\u00facich zo z\u00e1kona (napr. ke\u010f mus\u00edme da\u0148ov\u00fdm \u00faradom ozn\u00e1mi\u0165 kontaktn\u00e9 \u00fadaje na\u0161ich partnerov)<br>\u2022 Ochrana opr\u00e1vnen\u00fdch z\u00e1ujmov partnerstva BULLDOG, ako aj plnenie zmluvn\u00fdch alebo z\u00e1konn\u00fdch povinnost\u00ed.<br><\/p>\n\n\n\n<p><strong>6. S&nbsp;k\u00fdm zdie\u013eame va\u0161e osobn\u00e9 \u00fadaje?<\/strong><\/p>\n\n\n\n<p>\u00dadaje, ktor\u00e9 n\u00e1m poskytnete, sa spravidla nezverej\u0148uj\u00fa tret\u00edm stran\u00e1m a&nbsp;\u017eiadnym sp\u00f4sobom sa nezverej\u0148uj\u00fa ani nezneu\u017e\u00edvaj\u00fa. Vo v\u00fdnimo\u010dn\u00fdch pr\u00edpadoch m\u00f4\u017eu by\u0165 osobn\u00e9 \u00fadaje pou\u017e\u00edvate\u013eov odovzdan\u00e9 poskytovate\u013eom slu\u017eieb tret\u00edch str\u00e1n BULLDOG, ktor\u00ed sprac\u00favaj\u00fa va\u0161e osobn\u00e9 \u00fadaje v\u00fdlu\u010dne za \u00fa\u010delom plnenia svojich z\u00e1v\u00e4zkov vypl\u00fdvaj\u00facich z&nbsp;ich zmluvn\u00e9ho vz\u0165ahu so zdru\u017een\u00edm BULLDOG a&nbsp;z&nbsp;ich postavenia spracovate\u013eov (ako napr. poskytovatelia slu\u017eieb tret\u00edch str\u00e1n, poskytovatelia poradenstva v&nbsp;oblasti bezpe\u010dnosti at\u010f.).<br><br>Zdru\u017eenie BULLDOG m\u00f4\u017ee tie\u017e zverejni\u0165 va\u0161e osobn\u00e9 \u00fadaje v&nbsp;nasleduj\u00facich pr\u00edpadoch:<br>\u2022 ak m\u00e1 v\u00fdslovn\u00fd s\u00fahlas osoby zverejni\u0165 jej \u00fadaje ak\u00fdmko\u013evek sp\u00f4sobom,<br>\u2022 ak je tak\u00e9to zverejnenie potrebn\u00e9 na uplatnenie pr\u00e1v zdru\u017eenia BULLDOG,<br>\u2022 ak to vy\u017eaduje z\u00e1kon, s\u00fadny pr\u00edkaz alebo in\u00fd vl\u00e1dny alebo regula\u010dn\u00fd org\u00e1n.<\/p>\n\n\n\n<p><br>V&nbsp;pr\u00edpade, \u017ee zdru\u017eenie BULLDOG prenesie va\u0161e osobn\u00e9 \u00fadaje pr\u00edjemcom mimo Eur\u00f3pskej \u00fanie alebo Eur\u00f3pskeho hospod\u00e1rskeho priestoru, uplatn\u00ed primeran\u00e9 z\u00e1ruky na zabezpe\u010denie primeranej \u00farovne ochrany va\u0161ich osobn\u00fdch \u00fadajov.<br><br><strong>7. Ako zabezpe\u010d\u00edme, aby spracovatelia re\u0161pektovali va\u0161e \u00fadaje?<\/strong><\/p>\n\n\n\n<p>Spracovatelia \u00fadajov sa v&nbsp;mene zdru\u017eenia dohodli a&nbsp;s\u00fa s&nbsp;nami zmluvne viazan\u00ed okrem in\u00e9ho:<br><br>\u2022 dodr\u017eiava\u0165 d\u00f4vernos\u0165,<br>\u2022 nezdie\u013ea\u0165 \u00fadaje s&nbsp;tret\u00edmi stranami bez s\u00fahlasu zdru\u017eenia ani ich pou\u017e\u00edva\u0165 pre svoj osobn\u00fd prospech,<br>\u2022 prija\u0165 vhodn\u00e9 bezpe\u010dnostn\u00e9 opatrenia.<br>\u2022 dodr\u017eiava\u0165 pr\u00e1vny r\u00e1mec na ochranu osobn\u00fdch \u00fadajov, najm\u00e4 nariadenie 979\/2016\/\u0395\u0395 (inak zn\u00e1me ako GDPR).<\/p>\n\n\n\n<p><br><strong>8. Ak\u00e9 s\u00fa va\u0161e pr\u00e1va?<br><br><\/strong>\u2022 M\u00e1te pr\u00e1vo na pr\u00edstup k&nbsp;svojim osobn\u00fdm \u00fadajom.<br>To znamen\u00e1, \u017ee m\u00e1te pr\u00e1vo by\u0165 nami informovan\u00fd, ak spracov\u00e1vame va\u0161e \u00fadaje. Ak spracov\u00e1vame va\u0161e \u00fadaje, m\u00f4\u017eete n\u00e1s po\u017eiada\u0165 o&nbsp;inform\u00e1cie o&nbsp;\u00fa\u010dele spracovania, o&nbsp;type \u00fadajov, ktor\u00e9 uchov\u00e1vame, komu ich zdie\u013eame, ako dlho ich uchov\u00e1vame, ale aj o&nbsp;va\u0161ich \u010fal\u0161\u00edch pr\u00e1vach, ako je oprava, vymazanie, a&nbsp;podanie s\u0165a\u017enosti org\u00e1nu pre ochranu osobn\u00fdch \u00fadajov.<br><br>\u2022 M\u00e1te pr\u00e1vo na opravu nepresn\u00fdch osobn\u00fdch \u00fadajov.<br>Ak zist\u00edte, \u017ee vo va\u0161ich \u00fadajoch je chyba, m\u00f4\u017eete n\u00e1s po\u017eiada\u0165 o&nbsp;jej opravu (napr\u00edklad opravu mena alebo aktualiz\u00e1ciu zmeny adresy).<br>\u2022 M\u00e1te pr\u00e1vo by\u0165 vymazan\u00fd\/pr\u00e1vo by\u0165 zabudnut\u00fd.<br>\u2022 M\u00f4\u017eete n\u00e1s po\u017eiada\u0165 o&nbsp;vymazanie va\u0161ich \u00fadajov, ak plat\u00ed jeden z&nbsp;d\u00f4vodov stanoven\u00fdch platnou legislat\u00edvou.<br><br>\u2022 M\u00e1te pr\u00e1vo na prenos svojich \u00fadajov.<br><br>V&nbsp;pr\u00edpade, \u017ee je spracovanie zalo\u017een\u00e9 na va\u0161om s\u00fahlase alebo je potrebn\u00e9 na plnenie zmluvy s&nbsp;vami alebo sa vykon\u00e1va automatizovan\u00fdmi prostriedkami, m\u00f4\u017eete n\u00e1s po\u017eiada\u0165, aby ste v&nbsp;\u010ditate\u013enej forme dostali \u00fadaje, ktor\u00e9 ste n\u00e1m poskytli, alebo n\u00e1s m\u00f4\u017eete po\u017eiada\u0165, aby sme preposlali in\u00e9mu prev\u00e1dzkovate\u013eovi\/spracovate\u013eovi.<br>\u2022 M\u00e1te pr\u00e1vo na obmedzenie spracovania.<br><br>M\u00f4\u017eete n\u00e1s po\u017eiada\u0165, aby sme obmedzili sprac\u00favanie va\u0161ich osobn\u00fdch \u00fadajov, ak plat\u00ed d\u00f4vod stanoven\u00fd platnou legislat\u00edvou.<br><br>\u2022 M\u00e1te pr\u00e1vo namieta\u0165 a&nbsp;odvola\u0165 s\u00fahlas so spracovan\u00edm va\u0161ich \u00fadajov.<br><br>Ak si \u017eel\u00e1te uplatni\u0165 tieto pr\u00e1va, po\u0161lite n\u00e1m e-mail na adresu gdpr@bulldogproject.eu alebo list na adresu:<br><br>SCOALA GIMNAZIALA REDIU<br>SOS. VALEA REDIULUI NR. 342<br>707405 REDIU<br>ROMANIA<br><br>Nakoniec, ak sa domnievate, \u017ee poru\u0161ujeme platn\u00e9 z\u00e1kony na ochranu va\u0161ich osobn\u00fdch \u00fadajov, m\u00e1te pr\u00e1vo poda\u0165 s\u0165a\u017enos\u0165 org\u00e1nu pre ochranu osobn\u00fdch \u00fadajov, ktor\u00fd m\u00e1 s\u00eddlo v&nbsp;Sos.Valea Rediuluinr 342 Rediu 70740, Rumunsko.<br><br><strong>9. Obmedzenie zodpovednosti<\/strong><\/p>\n\n\n\n<p><br>Aplik\u00e1cia BULLDOG m\u00f4\u017ee obsahova\u0165 odkazy na in\u00e9 webov\u00e9 str\u00e1nky, ktor\u00e9 nie s\u00fa kontrolovan\u00e9 zdru\u017een\u00edm BULDOG, ale in\u00fdmi vlastn\u00edkmi (fyzick\u00fdmi alebo pr\u00e1vnick\u00fdmi osobami), ktor\u00fdm patria vy\u0161\u0161ie uveden\u00e9 webov\u00e9 str\u00e1nky. Zdru\u017eenie BULLDOG nenesie za \u017eiadnych okolnost\u00ed zodpovednos\u0165 za ak\u00fako\u013evek \u0161kodu, ktor\u00fa m\u00f4\u017ee pou\u017e\u00edvate\u013e utrpie\u0165 n\u00e1v\u0161tevou in\u00fdch str\u00e1nok, vr\u00e1tane ak\u00e9hoko\u013evek nez\u00e1konn\u00e9ho spracovania jeho osobn\u00fdch \u00fadajov z&nbsp;d\u00f4vodu n\u00e1v\u0161tevy vy\u0161\u0161ie uveden\u00fdch str\u00e1nok.<br><br><strong>10. Cookies<\/strong><\/p>\n\n\n\n<p><br>Cookies s\u00fa mal\u00e9 textov\u00e9 s\u00fabory s&nbsp;inform\u00e1ciami, ktor\u00e9 s\u00fa odosielan\u00e9 webovou str\u00e1nkou bulldogproject.eu a&nbsp;s\u00fa stiahnut\u00e9 do osobn\u00e9ho po\u010d\u00edta\u010da alebo inteligentn\u00e9ho zariadenia pou\u017e\u00edvate\u013ea-n\u00e1v\u0161tevn\u00edka. Tieto s\u00fabory m\u00f4\u017eu obsahova\u0165 inform\u00e1cie o&nbsp;type webov\u00e9ho prehliada\u010da pou\u017e\u00edvan\u00e9ho ka\u017ed\u00fdm u\u017e\u00edvate\u013eom-n\u00e1v\u0161tevn\u00edkom, type po\u010d\u00edta\u010da, opera\u010dnom syst\u00e9me, poskytovate\u013eovi internetu a&nbsp;\u010fal\u0161ie technick\u00e9 inform\u00e1cie.<br><br>S\u00fabory cookie nepo\u0161kodzuj\u00fa v\u00e1\u0161 po\u010d\u00edta\u010d alebo mobiln\u00e9 zariadenie ani s\u00fabory v&nbsp;nich ulo\u017een\u00e9 a&nbsp;\u017eiadnym sp\u00f4sobom nezasahuj\u00fa do \u017eiadnych dokumentov alebo s\u00faborov ulo\u017een\u00fdch vo va\u0161om po\u010d\u00edta\u010di pri n\u00e1v\u0161teve webovej str\u00e1nky bulldogproject.eu. Pou\u017e\u00edvanie cookies neodhal\u00ed va\u0161u identitu, ale m\u00f4\u017ee vies\u0165 k&nbsp;identifik\u00e1cii v\u00e1\u0161ho po\u010d\u00edta\u010da.<br><br>Webov\u00e1 str\u00e1nka bulldogproject.eu m\u00f4\u017ee pou\u017e\u00edva\u0165 s\u00fabory cookie na tieto \u00fa\u010dely:<br><br><strong>a) Google Analytics<\/strong><\/p>\n\n\n\n<p><br>Vykon\u00e1va\u0165 prieskumy na \u0161tatistick\u00e9 \u00fa\u010dely a\/alebo zlep\u0161ova\u0165 obsah a&nbsp;slu\u017eby Bulldogproject.eu a\/alebo mera\u0165 jej efektivitu.<br><br><strong>b) Soci\u00e1lne siete<\/strong><\/p>\n\n\n\n<p><br>Cookies umiest\u0148uj\u00fa poskytovatelia str\u00e1nok soci\u00e1lnych siet\u00ed, aby umo\u017enili n\u00e1v\u0161tevn\u00edkovi jednoducho zdie\u013ea\u0165 obsah bulldogproject.eu prostredn\u00edctvom t\u00fdchto str\u00e1nok.<br><br>V\u00e4\u010d\u0161ina webov\u00fdch prehliada\u010dov \u0161tandardne akceptuje pou\u017e\u00edvanie s\u00faborov cookie, ale je mo\u017en\u00e9 nastavi\u0165 v\u00e1\u0161 prehliada\u010d tak, aby odmietal prijatie alebo selekt\u00edvne akceptoval ur\u010dit\u00e9 s\u00fabory cookie. Ak zak\u00e1\u017eete prij\u00edmanie s\u00faborov cookie, niektor\u00e9 funkcie poskytovan\u00e9 na\u0161ou webovou str\u00e1nkou m\u00f4\u017eu by\u0165 nedostupn\u00e9, pri\u010dom niektor\u00e9 str\u00e1nky sa nemusia zobrazova\u0165 spr\u00e1vne.<br><br>Webov\u00e1 str\u00e1nka www.allaboutcookies.org pon\u00faka dobr\u00e9 a&nbsp;jednoduch\u00e9 pokyny, ako spravova\u0165 s\u00fabory cookie pomocou r\u00f4znych typov webov\u00fdch prehliada\u010dov.<br>&nbsp;<\/p>\n\n\n\n<p><\/p>\n","protected":false},"excerpt":{"rendered":"<p>Podmienky pou\u017e\u00edvania: Aplik\u00e1cia BULLDOG 1. \u00davodT\u00fdmto ozn\u00e1men\u00edm by sme v\u00e1s chceli informova\u0165 o&nbsp;podmienkach n\u00e1\u0161ho zberu a&nbsp;spracovania osobn\u00fdch \u00fadajov, ktor\u00e9 vykon\u00e1va zdru\u017eenie BULLDOG PARTNERSHIP pozost\u00e1vaj\u00face z&nbsp;nasleduj\u00facich in\u0161tit\u00faci\u00ed: \u0218COALA GIMNAZIAL\u0102 REDIU, MAIANDROS EPE, CENTRO UNIVERSITARIO SPORTIVO &#8211; CUS PADOVA, ASSOCIA\u00c7\u00c3O DE FUTEBOL DE BRAGAN\u00c7A, GYMN\u00c1ZIUM PAVLA HOROVA a&nbsp;CHAMPIONS FACTORY IRELAND LIMITED majitelia aplik\u00e1cie BULLDOG (slovenskej, gr\u00e9ckej, talianskej, [&hellip;]<\/p>\n","protected":false},"author":3,"featured_media":0,"parent":0,"menu_order":0,"comment_status":"closed","ping_status":"closed","template":"","meta":{"footnotes":""},"class_list":["post-1530","page","type-page","status-publish","hentry"],"_links":{"self":[{"href":"https:\/\/www.bulldogproject.eu\/sk\/wp-json\/wp\/v2\/pages\/1530","targetHints":{"allow":["GET"]}}],"collection":[{"href":"https:\/\/www.bulldogproject.eu\/sk\/wp-json\/wp\/v2\/pages"}],"about":[{"href":"https:\/\/www.bulldogproject.eu\/sk\/wp-json\/wp\/v2\/types\/page"}],"author":[{"embeddable":true,"href":"https:\/\/www.bulldogproject.eu\/sk\/wp-json\/wp\/v2\/users\/3"}],"replies":[{"embeddable":true,"href":"https:\/\/www.bulldogproject.eu\/sk\/wp-json\/wp\/v2\/comments?post=1530"}],"version-history":[{"count":9,"href":"https:\/\/www.bulldogproject.eu\/sk\/wp-json\/wp\/v2\/pages\/1530\/revisions"}],"predecessor-version":[{"id":4328,"href":"https:\/\/www.bulldogproject.eu\/sk\/wp-json\/wp\/v2\/pages\/1530\/revisions\/4328"}],"wp:attachment":[{"href":"https:\/\/www.bulldogproject.eu\/sk\/wp-json\/wp\/v2\/media?parent=1530"}],"curies":[{"name":"wp","href":"https:\/\/api.w.org\/{rel}","templated":true}]}}