{"id":1504,"date":"2022-07-29T15:27:00","date_gmt":"2022-07-29T15:27:00","guid":{"rendered":"https:\/\/demo.bulldogproject.eu\/intellectual-outputs\/"},"modified":"2022-08-30T15:34:46","modified_gmt":"2022-08-30T15:34:46","slug":"intellectual-outputs","status":"publish","type":"page","link":"https:\/\/www.bulldogproject.eu\/sk\/intellectual-outputs\/","title":{"rendered":"Intelektu\u00e1lne v\u00fdstupy"},"content":{"rendered":"\n<div class=\"wp-block-cover is-light\"><span aria-hidden=\"true\" class=\"wp-block-cover__background has-background-dim\"><\/span><img loading=\"lazy\" decoding=\"async\" width=\"2560\" height=\"1711\" class=\"wp-block-cover__image-background wp-image-1486\" alt=\"\" src=\"https:\/\/demo.bulldogproject.eu\/wp-content\/uploads\/2022\/07\/DSC_8190-scaled.jpg\" data-object-fit=\"cover\" srcset=\"https:\/\/www.bulldogproject.eu\/wp-content\/uploads\/2022\/07\/DSC_8190-scaled.jpg 2560w, https:\/\/www.bulldogproject.eu\/wp-content\/uploads\/2022\/07\/DSC_8190-300x201.jpg 300w, https:\/\/www.bulldogproject.eu\/wp-content\/uploads\/2022\/07\/DSC_8190-1024x684.jpg 1024w, https:\/\/www.bulldogproject.eu\/wp-content\/uploads\/2022\/07\/DSC_8190-768x513.jpg 768w, https:\/\/www.bulldogproject.eu\/wp-content\/uploads\/2022\/07\/DSC_8190-1536x1027.jpg 1536w, https:\/\/www.bulldogproject.eu\/wp-content\/uploads\/2022\/07\/DSC_8190-2048x1369.jpg 2048w, https:\/\/www.bulldogproject.eu\/wp-content\/uploads\/2022\/07\/DSC_8190-1170x782.jpg 1170w\" sizes=\"auto, (max-width: 2560px) 100vw, 2560px\" \/><div class=\"wp-block-cover__inner-container is-layout-flow wp-block-cover-is-layout-flow\">\n<p class=\"has-text-align-center has-large-font-size\"><\/p>\n<\/div><\/div>\n\n\n\n<p><\/p>\n\n\n\n<p>a)&nbsp;<strong>6 APLIK\u00c1CI\u00cd<\/strong>&nbsp;pre mobily a&nbsp;tablety so syst\u00e9mom Android a&nbsp;iOS v&nbsp;\u0161iestich jazykov\u00fdch verzi\u00e1ch (EN, RO, IT, EL, PT, SK),<br>ktor\u00e9 obsahuj\u00fa:<\/p>\n\n\n<div class=\"wp-block-image\">\n<figure class=\"alignleft size-full is-resized\"><img loading=\"lazy\" decoding=\"async\" src=\"https:\/\/demo.bulldogproject.eu\/wp-content\/uploads\/2022\/08\/APPS.jpg\" alt=\"\" class=\"wp-image-2858\" width=\"290\" height=\"151\" srcset=\"https:\/\/www.bulldogproject.eu\/wp-content\/uploads\/2022\/08\/APPS.jpg 886w, https:\/\/www.bulldogproject.eu\/wp-content\/uploads\/2022\/08\/APPS-300x157.jpg 300w, https:\/\/www.bulldogproject.eu\/wp-content\/uploads\/2022\/08\/APPS-768x401.jpg 768w\" sizes=\"auto, (max-width: 290px) 100vw, 290px\" \/><\/figure>\n<\/div>\n\n\n<p><br>i)&nbsp;&nbsp;&nbsp;hodnotiaci test&nbsp;(testuje pocity pou\u017e\u00edvate\u013ea vo\u010di \u0161ikanovaniu\/schopnos\u0165 reagova\u0165\/sebad\u00f4veru)<br>ii)&nbsp;&nbsp;vzdel\u00e1vaciu hru&nbsp;(vzdel\u00e1va pou\u017e\u00edvate\u013ea, informuje o&nbsp;mo\u017enostiach obrany)<br>iii)&nbsp;hra na hodnotenie&nbsp;(vyhodnotenie z\u00edskan\u00fdch vedomost\u00ed)<\/p>\n\n\n\n<p><br>b)<strong> WEBOV\u00c1 STR\u00c1NKA<\/strong> zah\u0155\u0148aj\u00faca propaga\u010dn\u00fa \u010das\u0165 a&nbsp;e-moduly zapracovan\u00e9 do <a rel=\"noreferrer noopener\" href=\"https:\/\/moodle.bulldogproject.eu\/?redirect=0\" target=\"_blank\">platformy Moodle<\/a> pre u\u010dite\u013eov\/tr\u00e9nerov a&nbsp;rodi\u010dov<br>c) <strong>PEDAGOGICK\u00c9 MATERI\u00c1LY<\/strong>&nbsp;pre druh\u00fa \u010das\u0165 BULLDOG (BULLDOG NA \u0160PORTOVISK\u00c1CH) vr\u00e1tane:<br><\/p>\n\n\n\n<p>a) pokyny pre tr\u00e9nerov\/u\u010dite\u013eov,<br>b) pedagogick\u00fd materi\u00e1l, ktor\u00fd sa m\u00e1 pou\u017ei\u0165 po\u010das aktiv\u00edt proti \u0161ikanovaniu:<\/p>\n\n\n\n<p>i) brainstormingov\u00e9 hern\u00e9 ot\u00e1zky<br>ii) scen\u00e1re na rie\u0161enie probl\u00e9mov<br>iii) karty s&nbsp;pr\u00edbehmi<br>iv) informa\u010dn\u00e9 karty pod\u013ea pr\u00edslu\u0161nej vekovej skupiny, ktor\u00e9 sa maj\u00fa pou\u017e\u00edva\u0165 pri aktivit\u00e1ch proti \u0161ikanovaniu.<\/p>\n\n\n\n<p><br><\/p>\n","protected":false},"excerpt":{"rendered":"<p>a)&nbsp;6 APLIK\u00c1CI\u00cd&nbsp;pre mobily a&nbsp;tablety so syst\u00e9mom Android a&nbsp;iOS v&nbsp;\u0161iestich jazykov\u00fdch verzi\u00e1ch (EN, RO, IT, EL, PT, SK),ktor\u00e9 obsahuj\u00fa: i)&nbsp;&nbsp;&nbsp;hodnotiaci test&nbsp;(testuje pocity pou\u017e\u00edvate\u013ea vo\u010di \u0161ikanovaniu\/schopnos\u0165 reagova\u0165\/sebad\u00f4veru)ii)&nbsp;&nbsp;vzdel\u00e1vaciu hru&nbsp;(vzdel\u00e1va pou\u017e\u00edvate\u013ea, informuje o&nbsp;mo\u017enostiach obrany)iii)&nbsp;hra na hodnotenie&nbsp;(vyhodnotenie z\u00edskan\u00fdch vedomost\u00ed) b) WEBOV\u00c1 STR\u00c1NKA zah\u0155\u0148aj\u00faca propaga\u010dn\u00fa \u010das\u0165 a&nbsp;e-moduly zapracovan\u00e9 do platformy Moodle pre u\u010dite\u013eov\/tr\u00e9nerov a&nbsp;rodi\u010dovc) PEDAGOGICK\u00c9 MATERI\u00c1LY&nbsp;pre druh\u00fa \u010das\u0165 BULLDOG (BULLDOG NA [&hellip;]<\/p>\n","protected":false},"author":3,"featured_media":0,"parent":0,"menu_order":0,"comment_status":"closed","ping_status":"closed","template":"","meta":{"footnotes":""},"class_list":["post-1504","page","type-page","status-publish","hentry"],"_links":{"self":[{"href":"https:\/\/www.bulldogproject.eu\/sk\/wp-json\/wp\/v2\/pages\/1504","targetHints":{"allow":["GET"]}}],"collection":[{"href":"https:\/\/www.bulldogproject.eu\/sk\/wp-json\/wp\/v2\/pages"}],"about":[{"href":"https:\/\/www.bulldogproject.eu\/sk\/wp-json\/wp\/v2\/types\/page"}],"author":[{"embeddable":true,"href":"https:\/\/www.bulldogproject.eu\/sk\/wp-json\/wp\/v2\/users\/3"}],"replies":[{"embeddable":true,"href":"https:\/\/www.bulldogproject.eu\/sk\/wp-json\/wp\/v2\/comments?post=1504"}],"version-history":[{"count":5,"href":"https:\/\/www.bulldogproject.eu\/sk\/wp-json\/wp\/v2\/pages\/1504\/revisions"}],"predecessor-version":[{"id":4322,"href":"https:\/\/www.bulldogproject.eu\/sk\/wp-json\/wp\/v2\/pages\/1504\/revisions\/4322"}],"wp:attachment":[{"href":"https:\/\/www.bulldogproject.eu\/sk\/wp-json\/wp\/v2\/media?parent=1504"}],"curies":[{"name":"wp","href":"https:\/\/api.w.org\/{rel}","templated":true}]}}