{"id":1287,"date":"2022-07-28T22:24:03","date_gmt":"2022-07-28T22:24:03","guid":{"rendered":"https:\/\/demo.bulldogproject.eu\/how-the-game-works\/"},"modified":"2022-08-30T15:37:29","modified_gmt":"2022-08-30T15:37:29","slug":"how-the-game-works","status":"publish","type":"page","link":"https:\/\/www.bulldogproject.eu\/sk\/how-the-game-works\/","title":{"rendered":"Ako funguj\u00fa hry"},"content":{"rendered":"\n<div class=\"wp-block-cover is-light\"><span aria-hidden=\"true\" class=\"wp-block-cover__background has-background-dim\"><\/span><img loading=\"lazy\" decoding=\"async\" width=\"1152\" height=\"768\" class=\"wp-block-cover__image-background wp-image-1316\" alt=\"\" src=\"https:\/\/demo.bulldogproject.eu\/wp-content\/uploads\/2022\/07\/8-b.jpg\" data-object-fit=\"cover\" srcset=\"https:\/\/www.bulldogproject.eu\/wp-content\/uploads\/2022\/07\/8-b.jpg 1152w, https:\/\/www.bulldogproject.eu\/wp-content\/uploads\/2022\/07\/8-b-300x200.jpg 300w, https:\/\/www.bulldogproject.eu\/wp-content\/uploads\/2022\/07\/8-b-1024x683.jpg 1024w, https:\/\/www.bulldogproject.eu\/wp-content\/uploads\/2022\/07\/8-b-768x512.jpg 768w\" sizes=\"auto, (max-width: 1152px) 100vw, 1152px\" \/><div class=\"wp-block-cover__inner-container is-layout-flow wp-block-cover-is-layout-flow\">\n<p class=\"has-text-align-center has-large-font-size\"><\/p>\n<\/div><\/div>\n\n\n\n<figure class=\"wp-block-image size-large is-resized\"><img loading=\"lazy\" decoding=\"async\" src=\"https:\/\/demo.bulldogproject.eu\/wp-content\/uploads\/2022\/07\/bulldog-logo.-1024x387.jpg\" alt=\"\" class=\"wp-image-1295\" width=\"265\" height=\"100\" srcset=\"https:\/\/www.bulldogproject.eu\/wp-content\/uploads\/2022\/07\/bulldog-logo.-1024x387.jpg 1024w, https:\/\/www.bulldogproject.eu\/wp-content\/uploads\/2022\/07\/bulldog-logo.-300x113.jpg 300w, https:\/\/www.bulldogproject.eu\/wp-content\/uploads\/2022\/07\/bulldog-logo.-768x290.jpg 768w, https:\/\/www.bulldogproject.eu\/wp-content\/uploads\/2022\/07\/bulldog-logo.-1536x581.jpg 1536w, https:\/\/www.bulldogproject.eu\/wp-content\/uploads\/2022\/07\/bulldog-logo.-1170x442.jpg 1170w, https:\/\/www.bulldogproject.eu\/wp-content\/uploads\/2022\/07\/bulldog-logo..jpg 1920w\" sizes=\"auto, (max-width: 265px) 100vw, 265px\" \/><\/figure>\n\n\n\n<p>Ka\u017ed\u00e1 HRA BULLDOG bude trva\u0165 minim\u00e1lne dva dni. Pod\u013ea potreby m\u00f4\u017eu \u0161portov\u00e9 zv\u00e4zy a&nbsp;\u0161koly organizova\u0165 na \u0161portovisk\u00e1ch viac aktiv\u00edt na boj proti \u0161ikanovaniu, ke\u010f\u017ee celkov\u00fd po\u010det aktiv\u00edt zameran\u00fdch na boj proti \u0161ikanovaniu v&nbsp;r\u00e1mci n\u00e1\u0161ho projektu bude 60 a&nbsp;maxim\u00e1lny denn\u00fd po\u010det odpor\u00fa\u010dan\u00fdch aktiv\u00edt bude 6.<\/p>\n\n\n\n<p><\/p>\n\n\n\n<figure class=\"wp-block-image size-full is-resized\"><img loading=\"lazy\" decoding=\"async\" src=\"https:\/\/demo.bulldogproject.eu\/wp-content\/uploads\/2022\/07\/logo-digital.jpg\" alt=\"\" class=\"wp-image-1270\" width=\"582\" height=\"83\" srcset=\"https:\/\/www.bulldogproject.eu\/wp-content\/uploads\/2022\/07\/logo-digital.jpg 517w, https:\/\/www.bulldogproject.eu\/wp-content\/uploads\/2022\/07\/logo-digital-300x43.jpg 300w\" sizes=\"auto, (max-width: 582px) 100vw, 582px\" \/><\/figure>\n\n\n<div class=\"wp-block-image\">\n<figure class=\"alignleft size-large is-resized\"><img loading=\"lazy\" decoding=\"async\" src=\"https:\/\/demo.bulldogproject.eu\/wp-content\/uploads\/2022\/07\/Screenshot_20220729-013934_BulldogApp-461x1024.jpg\" alt=\"\" class=\"wp-image-1329\" width=\"231\" height=\"512\" srcset=\"https:\/\/www.bulldogproject.eu\/wp-content\/uploads\/2022\/07\/Screenshot_20220729-013934_BulldogApp-461x1024.jpg 461w, https:\/\/www.bulldogproject.eu\/wp-content\/uploads\/2022\/07\/Screenshot_20220729-013934_BulldogApp-135x300.jpg 135w, https:\/\/www.bulldogproject.eu\/wp-content\/uploads\/2022\/07\/Screenshot_20220729-013934_BulldogApp-768x1707.jpg 768w, https:\/\/www.bulldogproject.eu\/wp-content\/uploads\/2022\/07\/Screenshot_20220729-013934_BulldogApp-691x1536.jpg 691w, https:\/\/www.bulldogproject.eu\/wp-content\/uploads\/2022\/07\/Screenshot_20220729-013934_BulldogApp-922x2048.jpg 922w, https:\/\/www.bulldogproject.eu\/wp-content\/uploads\/2022\/07\/Screenshot_20220729-013934_BulldogApp.jpg 1080w\" sizes=\"auto, (max-width: 231px) 100vw, 231px\" \/><\/figure>\n<\/div>\n\n\n<p><strong>AKO FUNGUJ\u00da HRY<\/strong><strong><\/strong><\/p>\n\n\n\n<p>Ka\u017ed\u00e1 HRA BULLDOG bude trva\u0165 minim\u00e1lne dva dni. Pod\u013ea potreby m\u00f4\u017eu \u0161portov\u00e9 zv\u00e4zy a&nbsp;\u0161koly organizova\u0165 na \u0161portovisk\u00e1ch viac aktiv\u00edt na boj proti \u0161ikanovaniu, ke\u010f\u017ee celkov\u00fd po\u010det aktiv\u00edt zameran\u00fdch na boj proti \u0161ikanovaniu v&nbsp;r\u00e1mci n\u00e1\u0161ho projektu bude 60 a&nbsp;maxim\u00e1lny denn\u00fd po\u010det odpor\u00fa\u010dan\u00fdch aktiv\u00edt bude 6.<br>&nbsp;<br><strong>1. DE\u0147<\/strong><\/p>\n\n\n\n<p>Po\u010det \u00fa\u010dastn\u00edkov v&nbsp;ka\u017edej hre BULDOG: maxim\u00e1lne 30&nbsp;mlad\u00fdch \u0161portovcov.<\/p>\n\n\n\n<p>Vy\u017eaduje sa s\u00fahlas rodi\u010da.<\/p>\n\n\n\n<p>Ka\u017ed\u00fd \u00fa\u010dastn\u00edk mus\u00ed ma\u0165 smartf\u00f3n a&nbsp;stiahnu\u0165 si aplik\u00e1ciu BULLDOG vo svojej jazykovej verzii EN, EL, RO, IT, PT, SK.<\/p>\n\n\n\n<p>Trvanie: maxim\u00e1lne 60 min\u00fat (20 min\u00fat na ka\u017ed\u00fa \u010das\u0165 na\u0161ej mobilnej aplik\u00e1cie). Ak je vekov\u00e1 skupina ve\u013emi mlad\u00e1, u\u010ditelia\/tr\u00e9neri sa m\u00f4\u017eu rozhodn\u00fa\u0165 rozdeli\u0165 digit\u00e1lne stretnutia do dvoch dn\u00ed.<\/p>\n\n\n\n<p><strong>&nbsp;AKO FUNGUJE HRA :<\/strong><\/p>\n\n\n\n<p>Hra za\u010d\u00edna takto:<br><\/p>\n\n\n\n<p><strong>1. \u010cAS\u0164:<\/strong><br>1) Pou\u017e\u00edvate\u013e (mlad\u00fd \u0161portovec) mus\u00ed odpoveda\u0165 na kr\u00e1tke ot\u00e1zky s&nbsp;volite\u013en\u00fdmi odpove\u010fami zalo\u017een\u00e9 na form\u00e1te hodnotiaceho testu s&nbsp;pou\u017eit\u00edm ilustrovan\u00e9ho a&nbsp;atrakt\u00edvneho pozadia a&nbsp;vzh\u013eadu.<br>Test bude obsahova\u0165: a) osobnostn\u00fd test obsahuj\u00faci ot\u00e1zky, ktor\u00e9 odhalia pocity a&nbsp;tajn\u00e9 my\u0161lienky pou\u017e\u00edvate\u013ea vo\u010di spoluhr\u00e1\u010dom, tr\u00e9nerom a&nbsp;fan\u00fa\u0161ikom, jeho mo\u017en\u00fa reakciu na incidenty \u0161ikanovania alebo provokovania, \u00farove\u0148 jeho sebavedomia at\u010f.<\/p>\n\n\n\n<p><br>b) sociometrick\u00fd test obsahuj\u00faci ot\u00e1zky s\u00favisiace so soci\u00e1lnym kontextom, v&nbsp;ktorom sa \u0161ikanovanie vyskytuje.&nbsp;Analyzuje sa p\u00e4\u0165 faktorov: viktimiz\u00e1cia, akcept\u00e1cia, prosoci\u00e1lnos\u0165, stiahnutie sa a&nbsp;agresivita.<br>Na konci testu bude ma\u0165 pou\u017e\u00edvate\u013e mo\u017enos\u0165 zdie\u013ea\u0165 v\u00fdsledky hodnotiaceho testu so svoj\u00edm tr\u00e9nerom.&nbsp;V\u00fdsledky testu nebud\u00fa pre pou\u017e\u00edvate\u013ea dostupn\u00e9. Pou\u017e\u00edvate\u013e bude vedie\u0165 iba to, \u017ee \u00faspe\u0161ne odpovedal na v\u0161etky ot\u00e1zky testu.<br>&nbsp;<br>Pod\u013ea v\u00fdsledkov hodnotiacich testov u\u010ditelia telesnej v\u00fdchovy\/tr\u00e9neri z\u00edskaj\u00fa cenn\u00e9 inform\u00e1cie o&nbsp;pou\u017e\u00edvate\u013eovi\/\u0161portovcovi a&nbsp;tie\u017e niektor\u00e9 ukazovatele, \u017ee pou\u017e\u00edvate\u013e\/\u0161portovec by mohol patri\u0165 k&nbsp;\u010derven\u00fdm buldogom, modr\u00fdm buldogom alebo \u010diernym buldogom:&nbsp;<br><\/p>\n\n\n\n<p>a) \u010derven\u00fd buldog (zranite\u013en\u00fd vo\u010di \u0161ikanovaniu alebo u\u017e obe\u0165 \u0161ikanovania),<br>b) modr\u00fd buldog (\u0161portovec so siln\u00fdm sebavedom\u00edm, ktor\u00fd sa dok\u00e1\u017ee nau\u010di\u0165 vystupova\u0165 \u010destne),<br>c) \u010dierny buldog (potenci\u00e1lny agresor alebo u\u017e agresor, netolerantn\u00e9 spr\u00e1vanie).<br>&nbsp;<br><strong>2. \u010cAS\u0164:<\/strong><br>Vzdel\u00e1vacia rolov\u00e1 hra: Pou\u017e\u00edvate\u013e\/\u0161portovec sa nau\u010d\u00ed reagova\u0165 na r\u00f4zne stresuj\u00face pr\u00edpady \u0161ikanovania a&nbsp;netolerantn\u00e9ho spr\u00e1vania, ktor\u00e9 sa m\u00f4\u017eu vyskytn\u00fa\u0165 na \u0161portovisk\u00e1ch.<br>Nieko\u013eko pr\u00edpadov \u0161ikanovania, n\u00e1silia, diskrimin\u00e1cie a&nbsp;rasizmu v&nbsp;kolekt\u00edvnych \u0161portoch bude prezentovan\u00fdch formou scen\u00e1rov rolov\u00fdch hier. Zaka\u017ed\u00fdm bude musie\u0165 pou\u017e\u00edvate\u013e hra\u0165 in\u00fa rolu: rolu obete \u0161ikanovania (\u010derven\u00fd buldog), rolu agresora (\u010dierny buldog) alebo rolu pozorovate\u013ea (modr\u00fd buldog). Pou\u017e\u00edvate\u013e si vyberie svoju obrann\u00fa l\u00edniu z&nbsp;dvoch mo\u017enost\u00ed a&nbsp;syst\u00e9m ho okam\u017eite informuje, \u010di bola jeho vo\u013eba spr\u00e1vna alebo nespr\u00e1vna.<br><\/p>\n\n\n\n<p>Cie\u013eom vzdel\u00e1vacej rolovej hry je nau\u010di\u0165:<br>&#8211; \u010derven\u00e9ho buldoga ako sa br\u00e1ni\u0165 \u0161ikanovaniu,<br>&#8211; modr\u00e9ho buldoga, ako zmeni\u0165 svoju rolu z&nbsp;pozorovate\u013ea na akt\u00edvneho \u00fa\u010dastn\u00edka (to je \u010dlovek, ktor\u00fd vid\u00ed, \u010do sa deje a&nbsp;zasiahne, preru\u0161\u00ed situ\u00e1ciu alebo prehovor\u00ed), aby zastavil \u0161ikanovanie a&nbsp;povzbudil obete \u0161ikanovania, aby sa op\u00e4\u0165 zapojili do t\u00edmov\u00fdch \u0161portov,<br>&#8211; \u010dierneho buldoga, aby pochopil, ako sa c\u00edtia obete \u0161ikanovania, ke\u010f zn\u00e1\u0161aj\u00fa \u0161ikanovanie a&nbsp;ak\u00e9 s\u00fa d\u00f4sledky t\u00fdchto \u010dinov, napr. z\u00e1kaz vstupu do t\u00edmu at\u010f.<\/p>\n\n\n\n<p><br><strong>3. \u010cAS\u0164:<br><\/strong>\u200bVyhodnotenie vedomost\u00ed z\u00edskan\u00fdch prostredn\u00edctvom sebahodnotiacej hry\/testu na vyhodnotenie znalost\u00ed po tr\u00e9ningu.<br>V&nbsp;tretej \u010dasti softv\u00e9ru si pou\u017e\u00edvate\u013e\/\u0161portovec otestuje svoje z\u00edskan\u00e9 znalosti prostredn\u00edctvom v\u00fdberu spr\u00e1vnych krokov na vyrie\u0161enie hypotetick\u00e9ho incidentu \u0161ikanovania-diskrimin\u00e1cie, ktor\u00fd sa odohr\u00e1va na \u0161portovisku. Realistick\u00fd scen\u00e1r bude vypracovan\u00fd s&nbsp;fotografiami, grafikou a&nbsp;pod\u013ea mo\u017enosti aj videami.<br>V\u0161etky f\u00e1zy incidentu bud\u00fa op\u00edsan\u00e9 vo viacer\u00fdch scen\u00e1roch.<br>Napr.: kde sa incident za\u010dal (na \u0161portovisk\u00e1ch, v&nbsp;\u0161portov\u00fdch zariadeniach at\u010f.)<\/p>\n\n\n<div class=\"wp-block-image\">\n<figure class=\"alignleft size-large is-resized\"><img loading=\"lazy\" decoding=\"async\" src=\"https:\/\/demo.bulldogproject.eu\/wp-content\/uploads\/2022\/07\/Screenshot_20220729-015106_BulldogApp-461x1024.jpg\" alt=\"\" class=\"wp-image-1346\" width=\"253\" height=\"562\" srcset=\"https:\/\/www.bulldogproject.eu\/wp-content\/uploads\/2022\/07\/Screenshot_20220729-015106_BulldogApp-461x1024.jpg 461w, https:\/\/www.bulldogproject.eu\/wp-content\/uploads\/2022\/07\/Screenshot_20220729-015106_BulldogApp-135x300.jpg 135w, https:\/\/www.bulldogproject.eu\/wp-content\/uploads\/2022\/07\/Screenshot_20220729-015106_BulldogApp-768x1707.jpg 768w, https:\/\/www.bulldogproject.eu\/wp-content\/uploads\/2022\/07\/Screenshot_20220729-015106_BulldogApp-691x1536.jpg 691w, https:\/\/www.bulldogproject.eu\/wp-content\/uploads\/2022\/07\/Screenshot_20220729-015106_BulldogApp-922x2048.jpg 922w, https:\/\/www.bulldogproject.eu\/wp-content\/uploads\/2022\/07\/Screenshot_20220729-015106_BulldogApp.jpg 1080w\" sizes=\"auto, (max-width: 253px) 100vw, 253px\" \/><\/figure>\n<\/div>\n\n\n<p><br>pre\u010do sa za\u010dal,<br>kto bol obe\u0165ou,<br>kto bol agresorom,<br>\u010do mus\u00ed obe\u0165 urobi\u0165 (obrann\u00e9 strat\u00e9gie),<br>ako reagovali ostatn\u00ed spoluhr\u00e1\u010di,<br>ak\u00e1 bola \u00faloha u\u010dite\u013ea\/tr\u00e9nera,<br>ak\u00e1 bola \u00faloha rodi\u010dov na oboch stran\u00e1ch,<br>ako bol probl\u00e9m vyrie\u0161en\u00fd,<br>ako zabr\u00e1ni\u0165 nov\u00e9mu \u0161ikanovaniu.<\/p>\n\n\n\n<p><br>Pou\u017e\u00edvatelia, ktor\u00ed zvolia spr\u00e1vne kroky a&nbsp;vyrie\u0161ia incident \u0161ikanovania a&nbsp;z\u00edskaj\u00fa vysok\u00e9 sk\u00f3re viac ako 98 %, z\u00edskaj\u00fa titul&nbsp;Zlat\u00fd buldog.<br>&nbsp;<br>Zlat\u00ed buldogovia sa stan\u00fa vzormi \u0161portovcov a&nbsp;vodcov men\u0161\u00edch t\u00edmov, ktor\u00ed bud\u00fa pom\u00e1ha\u0165 tr\u00e9nerom po\u010das stretnut\u00ed na zvy\u0161ovanie povedomia a&nbsp;stretnut\u00ed na boj proti \u0161ikanovaniu. Zlat\u00fdmi buldogmi bud\u00fa vyspel\u00ed \u0161portovci, ktor\u00ed sa vedia spr\u00e1va\u0165 v&nbsp;kolekt\u00edvnych \u0161portoch, vedia sa spr\u00e1vne rozhodova\u0165 a&nbsp;vedia dobre spolupracova\u0165 s&nbsp;u\u010dite\u013emi telesnej v\u00fdchovy a&nbsp;tr\u00e9nermi pri ich pr\u00e1ci.<br>Zlat\u00fd buldog z\u00edska tri\u010dko s&nbsp;logom projektu v&nbsp;zlatej farbe.<\/p>\n\n\n\n<p>Aktiv\u00edt na boj proti \u0161ikanovaniu vyvinut\u00fdch v&nbsp;r\u00e1mci n\u00e1\u0161ho projektu bude 60 a&nbsp;maxim\u00e1lny po\u010det odpor\u00fa\u010dan\u00fdch aktiv\u00edt na de\u0148 bude 6.<br>&nbsp;<\/p>\n\n\n\n<figure class=\"wp-block-image size-full is-resized\"><img loading=\"lazy\" decoding=\"async\" src=\"https:\/\/demo.bulldogproject.eu\/wp-content\/uploads\/2022\/07\/logo-awareness.jpg\" alt=\"\" class=\"wp-image-1264\" width=\"626\" height=\"81\" srcset=\"https:\/\/www.bulldogproject.eu\/wp-content\/uploads\/2022\/07\/logo-awareness.jpg 533w, https:\/\/www.bulldogproject.eu\/wp-content\/uploads\/2022\/07\/logo-awareness-300x39.jpg 300w\" sizes=\"auto, (max-width: 626px) 100vw, 626px\" \/><\/figure>\n\n\n\n<p><strong>2. DE\u0147<\/strong><br>Ka\u017ed\u00fd \u0161portov\u00fd zv\u00e4z po obdr\u017ean\u00ed v\u00fdsledkov z&nbsp;aplik\u00e1cie BULLDOG prist\u00fapi k&nbsp;aktivit\u00e1m na boj proti \u0161ikanovaniu na \u0161portovisk\u00e1ch.<br>Maxim\u00e1lne trvanie ka\u017edej aktivity: 15 min.<br>Celkov\u00fd po\u010det aktiv\u00edt za de\u0148: 6<\/p>\n\n\n\n<p><br>Mlad\u00ed \u0161portovci bud\u00fa rozdelen\u00ed do men\u0161\u00edch skup\u00edn po maxim\u00e1lne 10 \u0161portovcov. Ka\u017ed\u00e1 skupina bude obsahova\u0165 \u0161portovcov v\u0161etk\u00fdch typov buldogov, \u010d\u00edm sa vytvoria men\u0161ie t\u00edmy vr\u00e1tane \u0161portovcov so v\u0161etk\u00fdmi typmi spr\u00e1vania (\u010derven\u00ed, modr\u00ed, \u010dierni buldogovia).<br>Zlat\u00ed buldogovia bud\u00fa vies\u0165 ka\u017ed\u00fa skupinu a&nbsp;pom\u00e1ha\u0165 tr\u00e9nerom pri vykon\u00e1van\u00ed r\u00f4znych aktiv\u00edt na boj proti \u0161ikanovaniu. Aktivity bud\u00fa zah\u0155\u0148a\u0165:<br><\/p>\n\n\n\n<p>a) vyu\u017eite vyvinut\u00fdch pedagogick\u00fdch materi\u00e1lov: (ot\u00e1zky na brainstorming, scen\u00e1re na rie\u0161enie probl\u00e9mov, karty s&nbsp;pr\u00edbehmi, informa\u010dn\u00e9 karty at\u010f.)<\/p>\n\n\n\n<p><br>b)&nbsp;fyzick\u00e9 aktivity&nbsp;(napr. pohyb po \u0161portovisk\u00e1ch pod\u013ea dan\u00fdch pokynov, postupujte pod\u013ea pokynov, napr. \u201ev\u0161etci, ktor\u00ed sa c\u00edtia by\u0165 \u0161ikanovan\u00ed \u010do i&nbsp;len raz vo svojom \u0161portovom \u017eivote, kopn\u00fa loptu na br\u00e1nkov\u00fa ty\u010d\u201c at\u010f.).<\/p>\n\n\n\n<p><br>Na konci v\u0161etk\u00fdch aktiv\u00edt bud\u00fa \u0161portovci vyzvan\u00ed, aby zap\u00edsali pr\u00edpady \u0161ikanovania, ktor\u00e9 za\u017eili, videli alebo spr\u00e1vanie, ktor\u00e9 im sp\u00f4sobilo nepr\u00edjemn\u00e9 pocity a&nbsp;chceli by sa o&nbsp;nich porozpr\u00e1va\u0165, a&nbsp;vlo\u017eili svoj papier do urny.<br>&nbsp;<br>Hry BULLDOG podporia aj \u00fa\u010das\u0165 rodi\u010dov, ktor\u00ed bud\u00fa hry nielen sledova\u0165, ale bud\u00fa aj motivovan\u00ed z\u00fa\u010dastni\u0165 sa rolov\u00fdch hier.<br>&nbsp;<br>Po\u010das posledn\u00e9ho d\u0148a BULLDOG bud\u00fa musie\u0165 v\u0161etci \u00fa\u010dastn\u00edci (mlad\u00ed \u0161portovci, u\u010ditelia, tr\u00e9neri, rodi\u010dia) vyplni\u0165 kr\u00e1tky formul\u00e1r na vyhodnotenie materi\u00e1lov.<br>&nbsp;<\/p>\n\n\n\n<figure class=\"wp-block-image size-large is-resized\"><img loading=\"lazy\" decoding=\"async\" src=\"https:\/\/demo.bulldogproject.eu\/wp-content\/uploads\/2022\/07\/logo-crop-1024x394.png\" alt=\"\" class=\"wp-image-1276\" width=\"239\" height=\"92\" srcset=\"https:\/\/www.bulldogproject.eu\/wp-content\/uploads\/2022\/07\/logo-crop-1024x394.png 1024w, https:\/\/www.bulldogproject.eu\/wp-content\/uploads\/2022\/07\/logo-crop-300x115.png 300w, https:\/\/www.bulldogproject.eu\/wp-content\/uploads\/2022\/07\/logo-crop-768x295.png 768w, https:\/\/www.bulldogproject.eu\/wp-content\/uploads\/2022\/07\/logo-crop-1536x590.png 1536w, https:\/\/www.bulldogproject.eu\/wp-content\/uploads\/2022\/07\/logo-crop-1170x450.png 1170w, https:\/\/www.bulldogproject.eu\/wp-content\/uploads\/2022\/07\/logo-crop.png 1920w\" sizes=\"auto, (max-width: 239px) 100vw, 239px\" \/><\/figure>\n\n\n\n<p><strong>ORGANIZ\u00c1CIA PODPORN\u00ddCH SKUP\u00cdN:<\/strong>&nbsp;\u0160portovci, ktor\u00ed p\u00f4sobili ako ZLAT\u00cd BULDOGOVIA v&nbsp;hr\u00e1ch Bulldog, vytvoria podporn\u00fa skupinu pre ka\u017ed\u00fd t\u00edm. V\u0161etci \u010dlenovia t\u00edmu, ktor\u00ed sa c\u00edtia nepr\u00edjemne alebo v&nbsp;strese v&nbsp;d\u00f4sledku n\u00e1siln\u00e9ho spr\u00e1vania in\u00e9ho spoluhr\u00e1\u010da, ale ob\u00e1vaj\u00fa sa nahl\u00e1si\u0165 incident u\u010dite\u013eovi telesnej v\u00fdchovy\/tr\u00e9nerovi alebo rodi\u010dovi, m\u00f4\u017eu ma\u0165 mo\u017enos\u0165 porozpr\u00e1va\u0165 sa s&nbsp;\u010dlenmi tejto podpornej skupiny. Zlat\u00ed buldogovia potom bud\u00fa sprostredkovate\u013emi medzi obe\u0165ami a&nbsp;u\u010dite\u013emi\/tr\u00e9nermi a&nbsp;bud\u00fa hl\u00e1si\u0165 tak\u00e9to incidenty dospel\u00fdm.&nbsp; &nbsp; &nbsp;<\/p>\n","protected":false},"excerpt":{"rendered":"<p>Ka\u017ed\u00e1 HRA BULLDOG bude trva\u0165 minim\u00e1lne dva dni. Pod\u013ea potreby m\u00f4\u017eu \u0161portov\u00e9 zv\u00e4zy a&nbsp;\u0161koly organizova\u0165 na \u0161portovisk\u00e1ch viac aktiv\u00edt na boj proti \u0161ikanovaniu, ke\u010f\u017ee celkov\u00fd po\u010det aktiv\u00edt zameran\u00fdch na boj proti \u0161ikanovaniu v&nbsp;r\u00e1mci n\u00e1\u0161ho projektu bude 60 a&nbsp;maxim\u00e1lny denn\u00fd po\u010det odpor\u00fa\u010dan\u00fdch aktiv\u00edt bude 6. AKO FUNGUJ\u00da HRY Ka\u017ed\u00e1 HRA BULLDOG bude trva\u0165 minim\u00e1lne dva dni. [&hellip;]<\/p>\n","protected":false},"author":2,"featured_media":1263,"parent":0,"menu_order":0,"comment_status":"closed","ping_status":"closed","template":"","meta":{"footnotes":""},"class_list":["post-1287","page","type-page","status-publish","has-post-thumbnail","hentry"],"_links":{"self":[{"href":"https:\/\/www.bulldogproject.eu\/sk\/wp-json\/wp\/v2\/pages\/1287","targetHints":{"allow":["GET"]}}],"collection":[{"href":"https:\/\/www.bulldogproject.eu\/sk\/wp-json\/wp\/v2\/pages"}],"about":[{"href":"https:\/\/www.bulldogproject.eu\/sk\/wp-json\/wp\/v2\/types\/page"}],"author":[{"embeddable":true,"href":"https:\/\/www.bulldogproject.eu\/sk\/wp-json\/wp\/v2\/users\/2"}],"replies":[{"embeddable":true,"href":"https:\/\/www.bulldogproject.eu\/sk\/wp-json\/wp\/v2\/comments?post=1287"}],"version-history":[{"count":11,"href":"https:\/\/www.bulldogproject.eu\/sk\/wp-json\/wp\/v2\/pages\/1287\/revisions"}],"predecessor-version":[{"id":4325,"href":"https:\/\/www.bulldogproject.eu\/sk\/wp-json\/wp\/v2\/pages\/1287\/revisions\/4325"}],"wp:featuredmedia":[{"embeddable":true,"href":"https:\/\/www.bulldogproject.eu\/sk\/wp-json\/wp\/v2\/media\/1263"}],"wp:attachment":[{"href":"https:\/\/www.bulldogproject.eu\/sk\/wp-json\/wp\/v2\/media?parent=1287"}],"curies":[{"name":"wp","href":"https:\/\/api.w.org\/{rel}","templated":true}]}}