{"id":1250,"date":"2022-07-28T22:00:49","date_gmt":"2022-07-28T22:00:49","guid":{"rendered":"https:\/\/demo.bulldogproject.eu\/bulldog-demo\/"},"modified":"2022-08-30T15:39:51","modified_gmt":"2022-08-30T15:39:51","slug":"bulldog-demo","status":"publish","type":"page","link":"https:\/\/www.bulldogproject.eu\/sk\/bulldog-demo\/","title":{"rendered":"BULLDOG Demo"},"content":{"rendered":"\n<figure class=\"wp-block-video\"><video height=\"1080\" style=\"aspect-ratio: 1920 \/ 1080;\" width=\"1920\" controls src=\"https:\/\/demo.bulldogproject.eu\/wp-content\/uploads\/2014\/03\/DEMO-FINAL.mp4\"><\/video><\/figure>\n\n\n\n<p><\/p>\n\n\n\n<p>BULLDOG&nbsp;je projekt spolufinancovan\u00fd z&nbsp;programu Eur\u00f3pskej \u00fanie ERASMUS+ SPORT.<br>Hlavn\u00fdm cie\u013eom projektu je predch\u00e1dza\u0165 \u0161ikanovaniu, diskrimin\u00e1cii a&nbsp;intolerancii v&nbsp;kolekt\u00edvnych \u0161portoch a&nbsp;bojova\u0165 proti nim, a&nbsp;to prostredn\u00edctvom v\u00fdvoja rozsiahlej, inovat\u00edvnej hry proti \u0161ikanovaniu, hry BULLDOG, s&nbsp;vyu\u017eit\u00edm:<br>1. modern\u00fdch technol\u00f3gi\u00ed a&nbsp;2. aktiv\u00edt proti \u0161ikanovaniu na \u0161portovisk\u00e1ch.&nbsp;<\/p>\n\n\n\n<p>Bulldog vyvinul inovat\u00edvnu aplik\u00e1ciu vr\u00e1tane hodnotiaceho testu a 60 vzdel\u00e1vac\u00edch vide\u00ed. Aplik\u00e1ciu Bulldog si m\u00f4\u017eete stiahnu\u0165 v \u0161iestich jazykov\u00fdch verzi\u00e1ch z Google Play a Apple Store, TERAZ.<\/p>\n","protected":false},"excerpt":{"rendered":"<p>BULLDOG&nbsp;je projekt spolufinancovan\u00fd z&nbsp;programu Eur\u00f3pskej \u00fanie ERASMUS+ SPORT.Hlavn\u00fdm cie\u013eom projektu je predch\u00e1dza\u0165 \u0161ikanovaniu, diskrimin\u00e1cii a&nbsp;intolerancii v&nbsp;kolekt\u00edvnych \u0161portoch a&nbsp;bojova\u0165 proti nim, a&nbsp;to prostredn\u00edctvom v\u00fdvoja rozsiahlej, inovat\u00edvnej hry proti \u0161ikanovaniu, hry BULLDOG, s&nbsp;vyu\u017eit\u00edm:1. modern\u00fdch technol\u00f3gi\u00ed a&nbsp;2. aktiv\u00edt proti \u0161ikanovaniu na \u0161portovisk\u00e1ch.&nbsp; Bulldog vyvinul inovat\u00edvnu aplik\u00e1ciu vr\u00e1tane hodnotiaceho testu a 60 vzdel\u00e1vac\u00edch vide\u00ed. Aplik\u00e1ciu Bulldog si m\u00f4\u017eete stiahnu\u0165 [&hellip;]<\/p>\n","protected":false},"author":3,"featured_media":0,"parent":0,"menu_order":0,"comment_status":"closed","ping_status":"closed","template":"","meta":{"footnotes":""},"class_list":["post-1250","page","type-page","status-publish","hentry"],"_links":{"self":[{"href":"https:\/\/www.bulldogproject.eu\/sk\/wp-json\/wp\/v2\/pages\/1250","targetHints":{"allow":["GET"]}}],"collection":[{"href":"https:\/\/www.bulldogproject.eu\/sk\/wp-json\/wp\/v2\/pages"}],"about":[{"href":"https:\/\/www.bulldogproject.eu\/sk\/wp-json\/wp\/v2\/types\/page"}],"author":[{"embeddable":true,"href":"https:\/\/www.bulldogproject.eu\/sk\/wp-json\/wp\/v2\/users\/3"}],"replies":[{"embeddable":true,"href":"https:\/\/www.bulldogproject.eu\/sk\/wp-json\/wp\/v2\/comments?post=1250"}],"version-history":[{"count":5,"href":"https:\/\/www.bulldogproject.eu\/sk\/wp-json\/wp\/v2\/pages\/1250\/revisions"}],"predecessor-version":[{"id":4329,"href":"https:\/\/www.bulldogproject.eu\/sk\/wp-json\/wp\/v2\/pages\/1250\/revisions\/4329"}],"wp:attachment":[{"href":"https:\/\/www.bulldogproject.eu\/sk\/wp-json\/wp\/v2\/media?parent=1250"}],"curies":[{"name":"wp","href":"https:\/\/api.w.org\/{rel}","templated":true}]}}