{"id":2798,"date":"2022-08-20T17:29:46","date_gmt":"2022-08-20T17:29:46","guid":{"rendered":"https:\/\/demo.bulldogproject.eu\/instructions-for-bulldog-app\/"},"modified":"2022-08-20T17:54:16","modified_gmt":"2022-08-20T17:54:16","slug":"instructions-for-bulldog-app","status":"publish","type":"page","link":"https:\/\/www.bulldogproject.eu\/ro\/instructions-for-bulldog-app\/","title":{"rendered":"Utilizarea aplica\u021biei BULLDOG"},"content":{"rendered":"\n<div class=\"wp-block-cover aligncenter is-light\" style=\"min-height:328px;aspect-ratio:unset;\"><span aria-hidden=\"true\" class=\"wp-block-cover__background has-background-dim\"><\/span><img loading=\"lazy\" decoding=\"async\" width=\"1920\" height=\"738\" class=\"wp-block-cover__image-background wp-image-2806\" alt=\"\" src=\"https:\/\/demo.bulldogproject.eu\/wp-content\/uploads\/2022\/08\/logo-crop.png\" data-object-fit=\"cover\" srcset=\"https:\/\/www.bulldogproject.eu\/wp-content\/uploads\/2022\/08\/logo-crop.png 1920w, https:\/\/www.bulldogproject.eu\/wp-content\/uploads\/2022\/08\/logo-crop-300x115.png 300w, https:\/\/www.bulldogproject.eu\/wp-content\/uploads\/2022\/08\/logo-crop-1024x394.png 1024w, https:\/\/www.bulldogproject.eu\/wp-content\/uploads\/2022\/08\/logo-crop-768x295.png 768w, https:\/\/www.bulldogproject.eu\/wp-content\/uploads\/2022\/08\/logo-crop-1536x590.png 1536w, https:\/\/www.bulldogproject.eu\/wp-content\/uploads\/2022\/08\/logo-crop-1170x450.png 1170w\" sizes=\"auto, (max-width: 1920px) 100vw, 1920px\" \/><div class=\"wp-block-cover__inner-container is-layout-flow wp-block-cover-is-layout-flow\">\n<p class=\"has-text-align-center has-large-font-size\"><\/p>\n<\/div><\/div>\n\n\n\n<p><\/p>\n\n\n\n<p><\/p>\n\n\n\n<p>Profesorul\/antrenorul, pentru a utiliza aplica\u021bia BULLDOG, trebuie s\u0103 creeze un joc nou folosind tabloul de bord al aplica\u021biei (DASHBOARD).<\/p>\n\n\n\n<p><strong>DASHBOARD<\/strong><\/p>\n\n\n\n<p>Tabloul de bord se afl\u0103 la: <a href=\"https:\/\/bulldog-admin.netlify.app\" target=\"_blank\" rel=\"noreferrer noopener\">https:\/\/bulldog-admin.netlify.app<\/a><\/p>\n\n\n\n<p>\u00cenainte de a utiliza aplica\u021bia, trebuie s\u0103 v\u0103 \u00eenregistra\u021bi.<\/p>\n\n\n\n<p>Ve\u021bi primi un e-mail de verificare cu parola pe care o ve\u021bi folosi la prima conectare. (Verifica\u021bi \u0219i la sec\u021biunea mesajelor SPAM!)<\/p>\n\n\n\n<p>Apoi, selecta\u021bi din meniu NEW GAME.<\/p>\n\n\n\n<p>Denumi\u021bi jocul nou creat (se poate alege numele grupei\/echipei de sportivi). Dac\u0103 selecta\u021bi JUC\u0102TORI (PLAYERS), va fi afi\u0219at tabelul cu punctajele ob\u021binute de to\u021bi cei care au trimis online r\u0103spunsurile la \u00eentreb\u0103rile din aplica\u021bia mobil\u0103. La \u00eenceput, lista este goal\u0103.<\/p>\n\n\n\n<p>Se afi\u0219eaz\u0103 sus codul jocului pe care \u00eel ve\u021bi distribui juc\u0103torilor.<\/p>\n\n\n\n<p>Pute\u021bi crea oric\u00e2te jocuri dori\u021bi.<\/p>\n\n\n\n<p><strong>\u00cen aplica\u021bia mobil\u0103<\/strong><\/p>\n\n\n\n<p>De \u00eendat\u0103 ce juc\u0103torii finalizeaz\u0103 partea \u00eent\u00e2i sau a treia din aplica\u021bie, folosesc codul jocului \u0219i un nume de utilizator la alegere pentru trimiterea online a rezultatelor.<\/p>\n\n\n\n<p>R\u0103spunsurile, codul jocului \u0219i numele de utilizator ales (dac\u0103 au fost trimise online) sunt stocate \u00een aplica\u021bia mobil\u0103 pe toat\u0103 durata jocului.<\/p>\n\n\n\n<p>Dac\u0103 utilizatorul selecteaz\u0103 JOC NOU, toate datele de mai sus sunt \u0219terse din aplica\u021bia mobil\u0103.<\/p>\n\n\n\n<p>Aplica\u021bia BULLDOG nu salveaz\u0103 date personale ale copiilor. Singurele date personale pe care sistemul le va p\u0103stra pe platforma online sunt adresele de e-mail ale profesorilor\/antrenorilor care sunt necesare pentru autentificare.<\/p>\n\n\n\n<p>Aplica\u021bia BULLDOG respect\u0103 cerin\u021bele cadrului legal actual \u00een privin\u021ba prelucr\u0103rii datelor \u0219i ale Regulamentul (UE) 2016\/679 al Parlamentului European \u0219i al Consiliului din 27 aprilie 2016 privind protec\u021bia persoanelor fizice \u00een ceea ce prive\u0219te prelucrarea datelor cu caracter personal \u0219i libera circula\u021bie a acestor date \u0219i de abrogare a Directivei 95\/46\/CE (Regulamentul general privind protec\u021bia datelor).<\/p>\n\n\n\n<figure class=\"wp-block-gallery has-nested-images columns-default is-cropped wp-block-gallery-1 is-layout-flex wp-block-gallery-is-layout-flex\">\n<figure class=\"wp-block-image size-large\"><img loading=\"lazy\" decoding=\"async\" width=\"958\" height=\"486\" data-id=\"2778\" src=\"https:\/\/demo.bulldogproject.eu\/wp-content\/uploads\/2022\/08\/DASHBOARD1.jpg\" alt=\"\" class=\"wp-image-2778\" srcset=\"https:\/\/www.bulldogproject.eu\/wp-content\/uploads\/2022\/08\/DASHBOARD1.jpg 958w, https:\/\/www.bulldogproject.eu\/wp-content\/uploads\/2022\/08\/DASHBOARD1-300x152.jpg 300w, https:\/\/www.bulldogproject.eu\/wp-content\/uploads\/2022\/08\/DASHBOARD1-768x390.jpg 768w\" sizes=\"auto, (max-width: 958px) 100vw, 958px\" \/><\/figure>\n\n\n\n<figure class=\"wp-block-image size-large\"><img loading=\"lazy\" decoding=\"async\" width=\"947\" height=\"456\" data-id=\"2776\" src=\"https:\/\/demo.bulldogproject.eu\/wp-content\/uploads\/2022\/08\/DASHBOARD2.jpg\" alt=\"\" class=\"wp-image-2776\" srcset=\"https:\/\/www.bulldogproject.eu\/wp-content\/uploads\/2022\/08\/DASHBOARD2.jpg 947w, https:\/\/www.bulldogproject.eu\/wp-content\/uploads\/2022\/08\/DASHBOARD2-300x144.jpg 300w, https:\/\/www.bulldogproject.eu\/wp-content\/uploads\/2022\/08\/DASHBOARD2-768x370.jpg 768w\" sizes=\"auto, (max-width: 947px) 100vw, 947px\" \/><\/figure>\n\n\n\n<figure class=\"wp-block-image size-large\"><img loading=\"lazy\" decoding=\"async\" width=\"937\" height=\"479\" data-id=\"2788\" src=\"https:\/\/demo.bulldogproject.eu\/wp-content\/uploads\/2022\/08\/DASHBOARD3.jpg\" alt=\"\" class=\"wp-image-2788\" srcset=\"https:\/\/www.bulldogproject.eu\/wp-content\/uploads\/2022\/08\/DASHBOARD3.jpg 937w, https:\/\/www.bulldogproject.eu\/wp-content\/uploads\/2022\/08\/DASHBOARD3-300x153.jpg 300w, https:\/\/www.bulldogproject.eu\/wp-content\/uploads\/2022\/08\/DASHBOARD3-768x393.jpg 768w\" sizes=\"auto, (max-width: 937px) 100vw, 937px\" \/><\/figure>\n<\/figure>\n","protected":false},"excerpt":{"rendered":"<p>Profesorul\/antrenorul, pentru a utiliza aplica\u021bia BULLDOG, trebuie s\u0103 creeze un joc nou folosind tabloul de bord al aplica\u021biei (DASHBOARD). DASHBOARD Tabloul de bord se afl\u0103 la: https:\/\/bulldog-admin.netlify.app \u00cenainte de a utiliza aplica\u021bia, trebuie s\u0103 v\u0103 \u00eenregistra\u021bi. Ve\u021bi primi un e-mail de verificare cu parola pe care o ve\u021bi folosi la prima conectare. (Verifica\u021bi \u0219i la [&hellip;]<\/p>\n","protected":false},"author":3,"featured_media":0,"parent":0,"menu_order":0,"comment_status":"closed","ping_status":"closed","template":"","meta":{"footnotes":""},"class_list":["post-2798","page","type-page","status-publish","hentry"],"_links":{"self":[{"href":"https:\/\/www.bulldogproject.eu\/ro\/wp-json\/wp\/v2\/pages\/2798","targetHints":{"allow":["GET"]}}],"collection":[{"href":"https:\/\/www.bulldogproject.eu\/ro\/wp-json\/wp\/v2\/pages"}],"about":[{"href":"https:\/\/www.bulldogproject.eu\/ro\/wp-json\/wp\/v2\/types\/page"}],"author":[{"embeddable":true,"href":"https:\/\/www.bulldogproject.eu\/ro\/wp-json\/wp\/v2\/users\/3"}],"replies":[{"embeddable":true,"href":"https:\/\/www.bulldogproject.eu\/ro\/wp-json\/wp\/v2\/comments?post=2798"}],"version-history":[{"count":6,"href":"https:\/\/www.bulldogproject.eu\/ro\/wp-json\/wp\/v2\/pages\/2798\/revisions"}],"predecessor-version":[{"id":2842,"href":"https:\/\/www.bulldogproject.eu\/ro\/wp-json\/wp\/v2\/pages\/2798\/revisions\/2842"}],"wp:attachment":[{"href":"https:\/\/www.bulldogproject.eu\/ro\/wp-json\/wp\/v2\/media?parent=2798"}],"curies":[{"name":"wp","href":"https:\/\/api.w.org\/{rel}","templated":true}]}}