{"id":1620,"date":"2014-03-13T06:58:45","date_gmt":"2014-03-13T06:58:45","guid":{"rendered":"https:\/\/demo.bulldogproject.eu\/contact-alt\/"},"modified":"2022-08-25T01:23:37","modified_gmt":"2022-08-25T01:23:37","slug":"contact-alt","status":"publish","type":"page","link":"https:\/\/www.bulldogproject.eu\/ro\/contact-alt\/","title":{"rendered":"Contact"},"content":{"rendered":"<p>[vc_row][vc_column width=&#8221;1\/3&#8243;][vc_widget_sidebar sidebar_id=&#8221;grve-sidebar-4&#8243;][\/vc_column][vc_column width=&#8221;2\/3&#8243;]<h4 class=\"grve-element grve-align-left grve-title-no-line\" style=\"\">S\u0103 lu\u0103m leg\u0103tura....<\/h4>[vc_column_text]<strong>SCOALA GIMNAZIALA REDIU<\/strong><\/p>\n<p>SOS. VALEA REDIULUI NR. 342<\/p>\n<p>REDIU 707405<\/p>\n<p>ROMANIA<\/p>\n<p><a href=\"https:\/\/scoalagimnazialarediu.ro\/\">https:\/\/scoalagimnazialarediu.ro\/<\/a>[\/vc_column_text]<div class=\"grve-element grve-map\" data-marker=\"https:\/\/www.bulldogproject.eu\/wp-content\/themes\/reload\/images\/markers\/markers.png\" data-lat=\"47.20817437059627\" data-lng=\"27.510704207351623\" data-zoom=\"14\" style=\"height: 300px;\"><\/div>[\/vc_column][\/vc_row][vc_row opacity_overlay=&#8221;10&#8243; footer_feature=&#8221;yes&#8221; bg_color=&#8221;#24d1c4&#8243; font_color=&#8221;#ffffff&#8221; padding_top=&#8221;40&#8243; padding_bottom=&#8221;40&#8243;][vc_column]<div class=\"grve-element grve-callout grve-style-2\" style=\"\">  <div class=\"grve-callout-content\">    <span class=\"grve-callout-title\">Cum facem? Ne-ar pl\u0103cea feedback-ul t\u0103u!<\/span><a class=\"grve-btn grve-btn-extrasmall grve-primary\" href=\"https:\/\/scoalagimnazialarediu.ro\/\"  target=\"_blank\" style=\"\"><span>Button<\/span><\/a>  <\/div><\/div>[\/vc_column][\/vc_row]<\/p>\n","protected":false},"excerpt":{"rendered":"<p>[vc_row][vc_column width=&#8221;1\/3&#8243;][vc_widget_sidebar sidebar_id=&#8221;grve-sidebar-4&#8243;][\/vc_column][vc_column width=&#8221;2\/3&#8243;][vc_column_text]SCOALA GIMNAZIALA REDIU SOS. VALEA REDIULUI NR. 342 REDIU 707405 ROMANIA https:\/\/scoalagimnazialarediu.ro\/[\/vc_column_text][\/vc_column][\/vc_row][vc_row opacity_overlay=&#8221;10&#8243; footer_feature=&#8221;yes&#8221; bg_color=&#8221;#24d1c4&#8243; font_color=&#8221;#ffffff&#8221; padding_top=&#8221;40&#8243; padding_bottom=&#8221;40&#8243;][vc_column][\/vc_column][\/vc_row]<\/p>\n","protected":false},"author":2,"featured_media":0,"parent":0,"menu_order":0,"comment_status":"open","ping_status":"open","template":"","meta":{"footnotes":""},"class_list":["post-1620","page","type-page","status-publish","hentry"],"_links":{"self":[{"href":"https:\/\/www.bulldogproject.eu\/ro\/wp-json\/wp\/v2\/pages\/1620","targetHints":{"allow":["GET"]}}],"collection":[{"href":"https:\/\/www.bulldogproject.eu\/ro\/wp-json\/wp\/v2\/pages"}],"about":[{"href":"https:\/\/www.bulldogproject.eu\/ro\/wp-json\/wp\/v2\/types\/page"}],"author":[{"embeddable":true,"href":"https:\/\/www.bulldogproject.eu\/ro\/wp-json\/wp\/v2\/users\/2"}],"replies":[{"embeddable":true,"href":"https:\/\/www.bulldogproject.eu\/ro\/wp-json\/wp\/v2\/comments?post=1620"}],"version-history":[{"count":11,"href":"https:\/\/www.bulldogproject.eu\/ro\/wp-json\/wp\/v2\/pages\/1620\/revisions"}],"predecessor-version":[{"id":3989,"href":"https:\/\/www.bulldogproject.eu\/ro\/wp-json\/wp\/v2\/pages\/1620\/revisions\/3989"}],"wp:attachment":[{"href":"https:\/\/www.bulldogproject.eu\/ro\/wp-json\/wp\/v2\/media?parent=1620"}],"curies":[{"name":"wp","href":"https:\/\/api.w.org\/{rel}","templated":true}]}}