{"id":1433,"date":"2022-07-29T13:43:16","date_gmt":"2022-07-29T13:43:16","guid":{"rendered":"https:\/\/demo.bulldogproject.eu\/our-goals\/"},"modified":"2022-08-30T15:26:18","modified_gmt":"2022-08-30T15:26:18","slug":"our-goals","status":"publish","type":"page","link":"https:\/\/www.bulldogproject.eu\/ro\/our-goals\/","title":{"rendered":"Obiective"},"content":{"rendered":"\n<p><\/p>\n\n\n\n<p>\u201eBULL.D.O.G.\u201d \u00ee\u0219i propune:<br>a) identificarea sportivilor juniori vulnerabili la bullying \u0219i victimele agresiunii care sufer\u0103 \u00een secret, pe cei cu predispozi\u021bie c\u0103tre un comportament agresiv \u0219i a celor care pot reprezenta modele de urmat \u00een activit\u0103\u021bile tip joc de rol.<\/p>\n\n\n\n<p>b) educarea sportivilor juniori, a p\u0103rin\u021bilor \u0219i antrenorilor\/profesorilor acestora, precum \u0219i organizarea unor activit\u0103\u021bi antibullying tip joc de rol pe terenul sau \u00een sala de sport;<\/p>\n\n\n\n<p>c) \u00eencurajarea particip\u0103rii victimelor bullyingului la sporturile de echip\u0103,<\/p>\n\n\n\n<p>d) cre\u0219terea gradului de con\u0219tientizare a grupurilor-\u021bint\u0103 cu privire la orice tip de bullying \u00een sport;<\/p>\n\n\n\n<p>e) facilitarea comunic\u0103rii online a victimelor bullyingului cu antrenorii \u0219i exper\u021bii.<\/p>\n\n\n\n<figure class=\"wp-block-image size-large is-resized\"><img loading=\"lazy\" decoding=\"async\" src=\"https:\/\/demo.bulldogproject.eu\/wp-content\/uploads\/2022\/07\/bulldog-logo.-1-1024x387.jpg\" alt=\"\" class=\"wp-image-1416\" width=\"211\" height=\"80\" srcset=\"https:\/\/www.bulldogproject.eu\/wp-content\/uploads\/2022\/07\/bulldog-logo.-1-1024x387.jpg 1024w, https:\/\/www.bulldogproject.eu\/wp-content\/uploads\/2022\/07\/bulldog-logo.-1-300x113.jpg 300w, https:\/\/www.bulldogproject.eu\/wp-content\/uploads\/2022\/07\/bulldog-logo.-1-768x290.jpg 768w, https:\/\/www.bulldogproject.eu\/wp-content\/uploads\/2022\/07\/bulldog-logo.-1-1536x581.jpg 1536w, https:\/\/www.bulldogproject.eu\/wp-content\/uploads\/2022\/07\/bulldog-logo.-1-1170x442.jpg 1170w, https:\/\/www.bulldogproject.eu\/wp-content\/uploads\/2022\/07\/bulldog-logo.-1.jpg 1920w\" sizes=\"auto, (max-width: 211px) 100vw, 211px\" \/><\/figure>\n\n\n\n<p><\/p>\n\n\n\n<p><strong>GRUPURI<\/strong><strong>&#8211;<\/strong><strong>\u021aINT\u0102:<\/strong><\/p>\n\n\n\n<p>a) sportivii juniori (9-13 ani),<\/p>\n\n\n\n<p>b) p\u0103rin\u021bii acestora,<\/p>\n\n\n\n<p>c) antrenorii, profesorii de sport etc.,<\/p>\n\n\n\n<p>d) federa\u021biile \/ asocia\u021biile sportive, echipele de sportivi din \u0219coli \u0219i universit\u0103\u021bi din Rom\u00e2nia, Grecia, Italia, Irlanda, Portugalia, Slovacia \u0219i din \u00eentreaga Europ\u0103. <\/p>\n\n\n\n<p>SPORTURILE VIZATE: fotbalul \u0219i alte sporturi de echip\u0103.<\/p>\n","protected":false},"excerpt":{"rendered":"<p>\u201eBULL.D.O.G.\u201d \u00ee\u0219i propune:a) identificarea sportivilor juniori vulnerabili la bullying \u0219i victimele agresiunii care sufer\u0103 \u00een secret, pe cei cu predispozi\u021bie c\u0103tre un comportament agresiv \u0219i a celor care pot reprezenta modele de urmat \u00een activit\u0103\u021bile tip joc de rol. b) educarea sportivilor juniori, a p\u0103rin\u021bilor \u0219i antrenorilor\/profesorilor acestora, precum \u0219i organizarea unor activit\u0103\u021bi antibullying tip [&hellip;]<\/p>\n","protected":false},"author":2,"featured_media":0,"parent":0,"menu_order":0,"comment_status":"closed","ping_status":"closed","template":"","meta":{"footnotes":""},"class_list":["post-1433","page","type-page","status-publish","hentry"],"_links":{"self":[{"href":"https:\/\/www.bulldogproject.eu\/ro\/wp-json\/wp\/v2\/pages\/1433","targetHints":{"allow":["GET"]}}],"collection":[{"href":"https:\/\/www.bulldogproject.eu\/ro\/wp-json\/wp\/v2\/pages"}],"about":[{"href":"https:\/\/www.bulldogproject.eu\/ro\/wp-json\/wp\/v2\/types\/page"}],"author":[{"embeddable":true,"href":"https:\/\/www.bulldogproject.eu\/ro\/wp-json\/wp\/v2\/users\/2"}],"replies":[{"embeddable":true,"href":"https:\/\/www.bulldogproject.eu\/ro\/wp-json\/wp\/v2\/comments?post=1433"}],"version-history":[{"count":7,"href":"https:\/\/www.bulldogproject.eu\/ro\/wp-json\/wp\/v2\/pages\/1433\/revisions"}],"predecessor-version":[{"id":4311,"href":"https:\/\/www.bulldogproject.eu\/ro\/wp-json\/wp\/v2\/pages\/1433\/revisions\/4311"}],"wp:attachment":[{"href":"https:\/\/www.bulldogproject.eu\/ro\/wp-json\/wp\/v2\/media?parent=1433"}],"curies":[{"name":"wp","href":"https:\/\/api.w.org\/{rel}","templated":true}]}}