{"id":1286,"date":"2022-07-28T22:24:03","date_gmt":"2022-07-28T22:24:03","guid":{"rendered":"https:\/\/demo.bulldogproject.eu\/how-the-game-works\/"},"modified":"2022-08-30T15:29:42","modified_gmt":"2022-08-30T15:29:42","slug":"how-the-game-works","status":"publish","type":"page","link":"https:\/\/www.bulldogproject.eu\/ro\/how-the-game-works\/","title":{"rendered":"Cum se desf\u0103\u0219oar\u0103 jocul?"},"content":{"rendered":"\n<div class=\"wp-block-cover is-light\"><span aria-hidden=\"true\" class=\"wp-block-cover__background has-background-dim\"><\/span><img loading=\"lazy\" decoding=\"async\" width=\"1152\" height=\"768\" class=\"wp-block-cover__image-background wp-image-1316\" alt=\"\" src=\"https:\/\/demo.bulldogproject.eu\/wp-content\/uploads\/2022\/07\/8-b.jpg\" data-object-fit=\"cover\" srcset=\"https:\/\/www.bulldogproject.eu\/wp-content\/uploads\/2022\/07\/8-b.jpg 1152w, https:\/\/www.bulldogproject.eu\/wp-content\/uploads\/2022\/07\/8-b-300x200.jpg 300w, https:\/\/www.bulldogproject.eu\/wp-content\/uploads\/2022\/07\/8-b-1024x683.jpg 1024w, https:\/\/www.bulldogproject.eu\/wp-content\/uploads\/2022\/07\/8-b-768x512.jpg 768w\" sizes=\"auto, (max-width: 1152px) 100vw, 1152px\" \/><div class=\"wp-block-cover__inner-container is-layout-flow wp-block-cover-is-layout-flow\">\n<p class=\"has-text-align-center has-large-font-size\"><\/p>\n<\/div><\/div>\n\n\n\n<figure class=\"wp-block-image size-large is-resized\"><img loading=\"lazy\" decoding=\"async\" src=\"https:\/\/demo.bulldogproject.eu\/wp-content\/uploads\/2022\/07\/bulldog-logo.-1024x387.jpg\" alt=\"\" class=\"wp-image-1295\" width=\"265\" height=\"100\" srcset=\"https:\/\/www.bulldogproject.eu\/wp-content\/uploads\/2022\/07\/bulldog-logo.-1024x387.jpg 1024w, https:\/\/www.bulldogproject.eu\/wp-content\/uploads\/2022\/07\/bulldog-logo.-300x113.jpg 300w, https:\/\/www.bulldogproject.eu\/wp-content\/uploads\/2022\/07\/bulldog-logo.-768x290.jpg 768w, https:\/\/www.bulldogproject.eu\/wp-content\/uploads\/2022\/07\/bulldog-logo.-1536x581.jpg 1536w, https:\/\/www.bulldogproject.eu\/wp-content\/uploads\/2022\/07\/bulldog-logo.-1170x442.jpg 1170w, https:\/\/www.bulldogproject.eu\/wp-content\/uploads\/2022\/07\/bulldog-logo..jpg 1920w\" sizes=\"auto, (max-width: 265px) 100vw, 265px\" \/><\/figure>\n\n\n\n<p>Fiecare parte a \u201cJocului BULLDOG\u201d va avea o durat\u0103 de minim dou\u0103 zile. \u00cen func\u021bie de context, organiza\u021biile sportive \u0219i \u0219colile pot desf\u0103\u0219ura mai multe activit\u0103\u021bi antibullying pe terenul sau \u00een sala de sport din totalul activit\u0103\u021bilor antibullying propuse de proiectul nostru (60 de scenarii). Zilnic se recomand\u0103 a se desf\u0103\u0219ura maxim 6 activit\u0103\u021bi.<br><\/p>\n\n\n\n<p><strong>ZIUA 1<\/strong><\/p>\n\n\n\n<p>Num\u0103rul de participan\u021bi la fiecare \u201cJoc BULLDOG\u201d: cel mult 30 de sportivi juniori.<\/p>\n\n\n\n<p>Este necesar acordul p\u0103rin\u021bilor\/tutorilor acestora.<\/p>\n\n\n\n<p>Fiecare participant trebuie s\u0103 dispun\u0103 de un smartphone\/tablet\u0103 (tip Android sau IOS) \u0219i s\u0103 instaleze versiunea lingvistic\u0103 potrivit\u0103 a aplica\u021biei mobile \u201cBULLDOG\u201d:&nbsp; EN, EL, RO, IT, PT, SK, av\u00e2nd un fundal ilustrat \u0219i un aspect atractiv.<\/p>\n\n\n\n<p>Durat\u0103: maximum 60 de minute (20 de minute pentru fiecare parte a aplica\u021biei mobile). Dac\u0103 juc\u0103torii au o v\u00e2rst\u0103 mai mic\u0103, profesorii\/antrenorii pot decide s\u0103 \u00eempart\u0103 sesiunea digital\u0103 \u00een dou\u0103 \u0219edin\u021be.<\/p>\n\n\n\n<p class=\"has-medium-font-size\"><\/p>\n\n\n\n<p><strong>CUM FUNC\u021aIONEAZ\u0102 <\/strong><strong>APLICA<\/strong><strong>\u021a<\/strong><strong>IA MOBIL<\/strong><strong>\u0102?<\/strong><strong><br><br><\/strong> Aplica\u021bia mobil\u0103 cuprinde trei p\u0103r\u021bi:<br><\/p>\n\n\n\n<figure class=\"wp-block-image size-full is-resized\"><img loading=\"lazy\" decoding=\"async\" src=\"https:\/\/demo.bulldogproject.eu\/wp-content\/uploads\/2022\/07\/logo-digital.jpg\" alt=\"\" class=\"wp-image-1270\" width=\"582\" height=\"83\" srcset=\"https:\/\/www.bulldogproject.eu\/wp-content\/uploads\/2022\/07\/logo-digital.jpg 517w, https:\/\/www.bulldogproject.eu\/wp-content\/uploads\/2022\/07\/logo-digital-300x43.jpg 300w\" sizes=\"auto, (max-width: 582px) 100vw, 582px\" \/><\/figure>\n\n\n<div class=\"wp-block-image\">\n<figure class=\"alignleft size-large is-resized\"><img loading=\"lazy\" decoding=\"async\" src=\"https:\/\/demo.bulldogproject.eu\/wp-content\/uploads\/2022\/07\/Screenshot_20220729-013934_BulldogApp-461x1024.jpg\" alt=\"\" class=\"wp-image-1329\" width=\"231\" height=\"512\" srcset=\"https:\/\/www.bulldogproject.eu\/wp-content\/uploads\/2022\/07\/Screenshot_20220729-013934_BulldogApp-461x1024.jpg 461w, https:\/\/www.bulldogproject.eu\/wp-content\/uploads\/2022\/07\/Screenshot_20220729-013934_BulldogApp-135x300.jpg 135w, https:\/\/www.bulldogproject.eu\/wp-content\/uploads\/2022\/07\/Screenshot_20220729-013934_BulldogApp-768x1707.jpg 768w, https:\/\/www.bulldogproject.eu\/wp-content\/uploads\/2022\/07\/Screenshot_20220729-013934_BulldogApp-691x1536.jpg 691w, https:\/\/www.bulldogproject.eu\/wp-content\/uploads\/2022\/07\/Screenshot_20220729-013934_BulldogApp-922x2048.jpg 922w, https:\/\/www.bulldogproject.eu\/wp-content\/uploads\/2022\/07\/Screenshot_20220729-013934_BulldogApp.jpg 1080w\" sizes=\"auto, (max-width: 231px) 100vw, 231px\" \/><\/figure>\n<\/div>\n\n\n<p><strong>PARTEA 1:<\/strong><br>1) Utilizatorul (sportivul junior) va alege pentru fiecare \u00eentrebare a testului de Autocunoa\u0219tere varianta de r\u0103spuns pe care o consider\u0103 potrivit\u0103.<br>Testul include:<\/p>\n\n\n\n<p>a) testul de Personalitate, cu \u00eentreb\u0103ri care vor dezv\u0103lui sentimentele \u0219i g\u00e2ndurile utilizatorului fa\u021b\u0103 de colegii s\u0103i de echip\u0103, antrenori \u0219i fani, posibila sa reac\u021bie la incidente de bullying sau de tachinare, nivelul \u00eencrederii de sine etc.<br>b) testul Sociometric, con\u021bin\u00e2nd \u00eentreb\u0103ri legate de contextul social \u00een care are loc bullyingul. Vor fi analiza\u021bi cinci factori: Victimizarea, Acceptarea, Comportamentul prosocial, Retragerea \u0219i Agresivitatea.<\/p>\n\n\n\n<p>La final, utilizatorul va avea op\u021biunea de a trimite antrenorului\/profesorului s\u0103u rezultatele testului de autocunoa\u0219tere. Aceste rezultate nu \u00eei vor fi disponibile. Dar va fi informat c\u0103 a r\u0103spuns la toate \u00eentreb\u0103rile testului \u0219i c\u0103 a trimis online sau nu rezultatele acestuia.<\/p>\n\n\n\n<p>Profesorii de educa\u021bie fizic\u0103 \u0219i sport\/antrenorii&nbsp; vor ob\u021bine informa\u021bii valoroase cu privire la utilizatori\/sportivi din interpretarea rezultatelor acestor teste de autocunoa\u0219tere, precum \u0219i indici de \u00eencadrare a acestora \u00een unul dintre grupurile: \u201cBuldogii Ro\u0219ii\u201d, \u201cBuldogii Alba\u0219tri\u201d sau \u201cBuldogii Negri\u201d.<\/p>\n\n\n\n<p>a) \u201cBuldogul Ro\u0219u\u201d = juc\u0103torul vulnerabil la bullying sau chiar o victim\u0103,<br>b) \u201cBuldogul Albastru\u201d= sportivul cu o mare \u00eencredere de sine, care poate fi preg\u0103tit s\u0103 se comporte ca un \u201cupstander\u201d*,<br>c) \u201cBuldogul Negru\u201d= un poten\u021bial agresor sau chiar sportivul cu un comportament agresiv, de netolerat.<\/p>\n\n\n\n<p>&#8211;&#8211;&#8211;&#8211;&#8211;&#8211;&#8211;&#8211;&#8211;<\/p>\n\n\n\n<p>\/* <em>upstander <\/em>= o persoan\u0103 care vorbe\u0219te sau ac\u021bioneaz\u0103 \u00een sprijinul unei persoane sau a unei cauze, un martor proactiv care intervine \u00een numele victimei bullyingului.<\/p>\n\n\n\n<p><\/p>\n\n\n\n<p><strong>PARTEA <\/strong><strong>a <\/strong><strong>2<\/strong><strong>-a<\/strong><strong>:<\/strong><br>Jocul Educa\u021bional: &nbsp;utilizatorul\/sportivul va \u00eenv\u0103\u021ba cum s\u0103 reac\u021bioneze la diverse incidente stresante de bullying \u0219i comportament intolerant care pot ap\u0103rea \u00een sport. Mai multe incidente de intimidare, violen\u021b\u0103, discriminare, rasism \u00een sporturile de echip\u0103 vor fi prezentate sub forma unor scenarii tip joc de rol.<\/p>\n\n\n\n<p>De fiecare dat\u0103, utilizatorul va trebui s\u0103 joace un rol diferit: rolul victimei agresiunii (buldogul ro\u0219u), rolul b\u0103t\u0103u\u0219ului (buldogul negru) sau rolul spectatorului (buldogul albastru).<\/p>\n\n\n\n<p>Utilizatorul va trebui s\u0103-\u0219i selecteze linia de ap\u0103rare dintre dou\u0103 op\u021biuni \u0219i va fi imediat informat de c\u0103tre sistem dac\u0103 alegerea sa a fost corect\u0103 sau gre\u0219it\u0103.<\/p>\n\n\n\n<p>Jocul Educa\u021bional \u00ee\u0219i propune s\u0103 educe:<\/p>\n\n\n\n<p>* \u201cBuldogul Ro\u0219u\u201d &#8211; cum s\u0103 se apere \u00eempotriva agresiunii;<\/p>\n\n\n\n<p>* \u201cBuldogul Albastru\u201d &#8211; cum s\u0103-\u0219i schimbe rolul: dintr-un simplu spectator s\u0103 devin\u0103 un \u201cupstander\u201d (adic\u0103 un martor care \u00een\u021belege ce se \u00eent\u00e2mpl\u0103 \u0219i intervine \u00een ap\u0103rarea victimei: opre\u0219te agresiunea \u0219i\/sau raporteaz\u0103 incidentul), pentru a opri bullyingul \u0219i a \u00eencuraja victimele agresiunii s\u0103-\u0219i reia activitatea \u00een echipele sportive;<\/p>\n\n\n\n<p>* \u201cBuldogul Negru\u201d &#8211; s\u0103 \u00een\u021beleag\u0103 sentimentele victimelor bullyingului atunci c\u00e2nd le agreseaz\u0103 \u0219i care sunt consecin\u021bele acestor ac\u021biuni, de exemplu: excluderea sa din echip\u0103 etc.<\/p>\n\n\n\n<p><strong>PARTEA <\/strong><strong>a 3-a<\/strong><strong>:<\/strong><br>Evaluarea cuno\u0219tin\u021belor \u00eensu\u0219ite printr-un&nbsp;test de autoevaluare.<\/p>\n\n\n\n<p>\u00cen cea de-a treia parte a aplica\u021biei mobile, utilizatorul\/sportivul \u00ee\u0219i va testa cuno\u0219tin\u021bele asimilate dup\u0103 antrenamentul anterior prin alegerea pa\u0219ilor corec\u021bi necesari solu\u021bion\u0103rii unui caz ipotetic de bullying &#8211; discriminare ce a avut loc \u00een timpul unui meci de antrenament.<\/p>\n\n\n\n<p>Scenariul dat poate fi prezentat detaliat cu fotografii, grafice \u0219i, dac\u0103 este posibil, cu videoclipuri.<\/p>\n\n\n\n<p>Toate detaliile incidentului vor fi analizate cu aten\u021bie de utilizator \u0219i se va alege r\u0103spunsul corect dintre cele dou\u0103 variantele oferite. De exemplu:<\/p>\n\n\n\n<p><em>&#8211; U<\/em><em>nde a \u00eenceput incidentul<\/em><em>?<\/em><em> (pe terenu<\/em><em>l<\/em><em> de sport)<\/em><\/p>\n\n\n\n<p><em>&#8211; <\/em><em>De ce a \u00eenceput<\/em><em>?<\/em><em><\/em><\/p>\n\n\n\n<p><em>&#8211; <\/em><em>Cine a fost victima<\/em><em>?<\/em><em><\/em><\/p>\n\n\n\n<p><em>&#8211; <\/em><em>Cine a fost <\/em><em>agresorul?<\/em><em><\/em><\/p>\n\n\n\n<p><em>&#8211; <\/em><em>Ce <\/em><em>ar <\/em><em>trebui s\u0103 fac\u0103 victima<\/em><em>?<\/em><em> (strategii de ap\u0103rare)<\/em><\/p>\n\n\n\n<p><em>&#8211; <\/em><em>Cum au reac\u021bionat ceilal\u021bi coechipieri<\/em><em>? (martorii incidentului)<\/em><em><\/em><\/p>\n\n\n\n<p><em>&#8211; <\/em><em>Care a fost rolul profesorului\/antrenorului<\/em><em>?<\/em><\/p>\n\n\n\n<p><em>&#8211; <\/em><em>Care a fost rolul p\u0103rin\u021bilor din ambele p\u0103r\u021bi<\/em><em>?<\/em><\/p>\n\n\n\n<p><em>&#8211; <\/em><em>Cum a fost rezolvat\u0103 <\/em><em>situa\u021bia-<\/em><em>problem<\/em><em>\u0103?<\/em><\/p>\n\n\n\n<p><em>&#8211; <\/em><em>Cum s\u0103 preveni\u021bi un nou atac de agresiune<\/em><em>?<\/em><\/p>\n\n\n\n<p>Utilizatorii care vor selecta corect pa\u0219ii de urmat \u0219i vor rezolva incidentul de bullying (ob\u021bin\u00e2nd scoruri mari de peste 98%) vor primi titlul de \u201cBuldog de Aur\u201d.<\/p>\n\n\n<div class=\"wp-block-image\">\n<figure class=\"alignleft size-large is-resized\"><img loading=\"lazy\" decoding=\"async\" src=\"https:\/\/demo.bulldogproject.eu\/wp-content\/uploads\/2022\/07\/Screenshot_20220729-015106_BulldogApp-461x1024.jpg\" alt=\"\" class=\"wp-image-1345\" width=\"215\" height=\"478\" srcset=\"https:\/\/www.bulldogproject.eu\/wp-content\/uploads\/2022\/07\/Screenshot_20220729-015106_BulldogApp-461x1024.jpg 461w, https:\/\/www.bulldogproject.eu\/wp-content\/uploads\/2022\/07\/Screenshot_20220729-015106_BulldogApp-135x300.jpg 135w, https:\/\/www.bulldogproject.eu\/wp-content\/uploads\/2022\/07\/Screenshot_20220729-015106_BulldogApp-768x1707.jpg 768w, https:\/\/www.bulldogproject.eu\/wp-content\/uploads\/2022\/07\/Screenshot_20220729-015106_BulldogApp-691x1536.jpg 691w, https:\/\/www.bulldogproject.eu\/wp-content\/uploads\/2022\/07\/Screenshot_20220729-015106_BulldogApp-922x2048.jpg 922w, https:\/\/www.bulldogproject.eu\/wp-content\/uploads\/2022\/07\/Screenshot_20220729-015106_BulldogApp.jpg 1080w\" sizes=\"auto, (max-width: 215px) 100vw, 215px\" \/><\/figure>\n<\/div>\n\n\n<p>\u201cBuldogii de Aur\u201d vor deveni sportivi model \u0219i lideri ai echipelor de sportivi \u00eencep\u0103tori, ajut\u00e2ndu-\u0219i antrenorii \u00een timpul sesiunilor de con\u0219tientizare \u0219i la organizarea activit\u0103\u021bilor de tip antibullying. \u201cBuldogii de Aur\u201d vor fi considera\u021bi sportivi maturi \u00een g\u00e2ndire, care \u0219tiu s\u0103 se comporte \u00een sporturile de echip\u0103, capabili s\u0103 ia decizii corecte \u0219i care pot coopera \u0219i \u00ee\u0219i pot ajuta profesorii \u0219i antrenorii \u00een activitate.<\/p>\n\n\n\n<p>\u201cBuldogul de Aur\u201d va primi un tricou cu sigla proiectului de culoare aurie.<\/p>\n\n\n\n<p><\/p>\n\n\n\n<p><strong>Observa\u021bii!<\/strong><\/p>\n\n\n\n<p>Din cele 60 de jocuri de rol de tip antibullying&nbsp; prezentate \u00een cadrul proiectului nostru, recomand\u0103m a se analiza maxim 6 cazuri pe zi. Profesorul \/ antrenorul poate decide c\u00e2te \u0219i care dintre jocurile de rol existente \u00een aplica\u021bie s\u0103 fie analizate de juc\u0103tori (\u021bin\u00e2nd cont \u0219i de rezultatele testelor de autocunoa\u0219tere), dar un utilizator\/sportiv poate \u201cstudia\u201d toate cele 60 de situa\u021bii-problem\u0103 prezentate \u00een Jocul Educa\u021bional, f\u0103r\u0103 a fi limitat de timp sau de num\u0103rul de \u00eencerc\u0103ri.<\/p>\n\n\n\n<p>Testul de evaluare final\u0103 nu poate fi parcurs dec\u00e2t o singur\u0103 dat\u0103 pentru un joc (de c\u0103tre utilizatorul care a trimis cu succes rezultatele testului ini\u021bial de autocunoa\u0219tere). Dac\u0103 se va alege \u00een aplica\u021bia mobil\u0103 \u00eenceperea unui nou joc, atunci vor fi blocate p\u0103r\u021bile a doua \u0219i a treia p\u00e2n\u0103 la finalizarea primei p\u0103r\u021bi: testul de autocunoa\u0219tere.<\/p>\n\n\n\n<p><\/p>\n\n\n\n<figure class=\"wp-block-image size-full is-resized\"><img loading=\"lazy\" decoding=\"async\" src=\"https:\/\/demo.bulldogproject.eu\/wp-content\/uploads\/2022\/07\/logo-awareness.jpg\" alt=\"\" class=\"wp-image-1264\" width=\"626\" height=\"81\" srcset=\"https:\/\/www.bulldogproject.eu\/wp-content\/uploads\/2022\/07\/logo-awareness.jpg 533w, https:\/\/www.bulldogproject.eu\/wp-content\/uploads\/2022\/07\/logo-awareness-300x39.jpg 300w\" sizes=\"auto, (max-width: 626px) 100vw, 626px\" \/><\/figure>\n\n\n\n<p><strong>ZIUA a 2-a<\/strong><\/p>\n\n\n\n<p>Fiecare grup sportiv, dup\u0103 primirea rezultatelor din dispozitivele juc\u0103torilor care au utilizat aplica\u021bia BULLDOG, va proceda la desf\u0103\u0219urarea de activit\u0103\u021bi antibullying pe terenul sau \u00een sala de sport.<\/p>\n\n\n\n<p>Durata maxim\u0103 a fiec\u0103rei activit\u0103\u021bi: 15 min.<\/p>\n\n\n\n<p>Num\u0103rul total de activit\u0103\u021bi: 6 activit\u0103\u021bi\/zi<\/p>\n\n\n\n<p>Sportivii juniori vor fi \u00eemp\u0103r\u021bi\u021bi \u00een grupuri mai mici, de maxim 10 membri. Fiecare grup va include sportivi din cele trei tipuri de buldogi, form\u00e2nd echipe mai mici, inclusiv sportivi cu toate tipurile de comportamente (buldogi ro\u0219ii, alba\u0219tri, negri). \u201cBuldogii de Aur\u201d vor conduce fiecare grup \u0219i vor ajuta antrenorii la organizarea \u0219i desf\u0103\u0219urarea activit\u0103\u021bilor antibullying.<\/p>\n\n\n\n<p>Activit\u0103\u021bile vor include:<br><\/p>\n\n\n\n<p>a) Utilizarea materialelor didactice realizate: \u00eentreb\u0103ri tip brainstorming, scenarii de rezolvare a problemelor, cartona\u0219e cu imagini, fi\u0219e informative etc.<br>b) Activit\u0103\u021bi fizice (de ex. deplasarea pe terenul de sport conform indica\u021biilor date, respectarea comenzilor, de ex. \u201eTo\u021bi cei care simt c\u0103 au fost victime ale bullyingului, m\u0103car o dat\u0103 \u00een via\u021ba de sportiv, s\u0103 loveasc\u0103 mingea de st\u00e2lpul por\u021bii\u201d etc.<br>La sf\u00e2r\u0219itul tuturor activit\u0103\u021bilor, sportivii vor fi \u00eencuraja\u021bi s\u0103 noteze incidentele de bullying pe care le-au experimentat, le-au v\u0103zut sau comportamentele care i-au f\u0103cut s\u0103 simt\u0103 incomod \u0219i despre care ar dori s\u0103 vorbeasc\u0103, \u0219i s\u0103 introduc\u0103 nota \u00eentr-o cutie special creat\u0103.<\/p>\n\n\n\n<p>Jocul BULLDOG va \u00eencuraja participarea \u0219i a p\u0103rin\u021bilor, care nu numai c\u0103 vor asista la activit\u0103\u021bi, dar vor fi motiva\u021bi s\u0103 participe activ la jocurile de rol.<\/p>\n\n\n\n<p>De asemenea, la sf\u00e2r\u0219itul jocului BULLDOG, to\u021bi participan\u021bii (sportivii juniori, profesorii, antrenorii, p\u0103rin\u021bii) vor trebui s\u0103 completeze un scurt Formular de evaluare a produselor intelectuale.<\/p>\n\n\n\n<h4 class=\"wp-block-heading\"><\/h4>\n\n\n\n<figure class=\"wp-block-image size-large is-resized\"><img loading=\"lazy\" decoding=\"async\" src=\"https:\/\/demo.bulldogproject.eu\/wp-content\/uploads\/2022\/07\/logo-crop-1024x394.png\" alt=\"\" class=\"wp-image-1276\" width=\"239\" height=\"92\" srcset=\"https:\/\/www.bulldogproject.eu\/wp-content\/uploads\/2022\/07\/logo-crop-1024x394.png 1024w, https:\/\/www.bulldogproject.eu\/wp-content\/uploads\/2022\/07\/logo-crop-300x115.png 300w, https:\/\/www.bulldogproject.eu\/wp-content\/uploads\/2022\/07\/logo-crop-768x295.png 768w, https:\/\/www.bulldogproject.eu\/wp-content\/uploads\/2022\/07\/logo-crop-1536x590.png 1536w, https:\/\/www.bulldogproject.eu\/wp-content\/uploads\/2022\/07\/logo-crop-1170x450.png 1170w, https:\/\/www.bulldogproject.eu\/wp-content\/uploads\/2022\/07\/logo-crop.png 1920w\" sizes=\"auto, (max-width: 239px) 100vw, 239px\" \/><\/figure>\n\n\n\n<p><strong>ORGANIZAREA GRUPURILOR DE SPRIJIN:<\/strong><\/p>\n\n\n\n<p>Sportivii care au lucrat ca \u201cBuldogi de Aur\u201d \u00een Jocul BULLDOG vor forma un grup de sprijin pentru fiecare echip\u0103. To\u021bi membrii echipei care se simt neconfortabili sau stresa\u021bi de un comportament de tip bullying din partea altui coechipier, dar se tem s\u0103 raporteze incidentul profesorului\/antrenorului de sport sau unui p\u0103rinte, pot avea op\u021biunea de a discuta cu membrii acestui grup de suport. \u201cBuldogii de Aur\u201d vor fi mediatorii \u00eentre victime \u0219i profesori\/antrenori \u0219i vor raporta astfel de incidente adul\u021bilor.<\/p>\n","protected":false},"excerpt":{"rendered":"<p>Fiecare parte a \u201cJocului BULLDOG\u201d va avea o durat\u0103 de minim dou\u0103 zile. \u00cen func\u021bie de context, organiza\u021biile sportive \u0219i \u0219colile pot desf\u0103\u0219ura mai multe activit\u0103\u021bi antibullying pe terenul sau \u00een sala de sport din totalul activit\u0103\u021bilor antibullying propuse de proiectul nostru (60 de scenarii). Zilnic se recomand\u0103 a se desf\u0103\u0219ura maxim 6 activit\u0103\u021bi. ZIUA [&hellip;]<\/p>\n","protected":false},"author":2,"featured_media":1262,"parent":0,"menu_order":0,"comment_status":"closed","ping_status":"closed","template":"","meta":{"footnotes":""},"class_list":["post-1286","page","type-page","status-publish","has-post-thumbnail","hentry"],"_links":{"self":[{"href":"https:\/\/www.bulldogproject.eu\/ro\/wp-json\/wp\/v2\/pages\/1286","targetHints":{"allow":["GET"]}}],"collection":[{"href":"https:\/\/www.bulldogproject.eu\/ro\/wp-json\/wp\/v2\/pages"}],"about":[{"href":"https:\/\/www.bulldogproject.eu\/ro\/wp-json\/wp\/v2\/types\/page"}],"author":[{"embeddable":true,"href":"https:\/\/www.bulldogproject.eu\/ro\/wp-json\/wp\/v2\/users\/2"}],"replies":[{"embeddable":true,"href":"https:\/\/www.bulldogproject.eu\/ro\/wp-json\/wp\/v2\/comments?post=1286"}],"version-history":[{"count":9,"href":"https:\/\/www.bulldogproject.eu\/ro\/wp-json\/wp\/v2\/pages\/1286\/revisions"}],"predecessor-version":[{"id":4316,"href":"https:\/\/www.bulldogproject.eu\/ro\/wp-json\/wp\/v2\/pages\/1286\/revisions\/4316"}],"wp:featuredmedia":[{"embeddable":true,"href":"https:\/\/www.bulldogproject.eu\/ro\/wp-json\/wp\/v2\/media\/1262"}],"wp:attachment":[{"href":"https:\/\/www.bulldogproject.eu\/ro\/wp-json\/wp\/v2\/media?parent=1286"}],"curies":[{"name":"wp","href":"https:\/\/api.w.org\/{rel}","templated":true}]}}