{"id":4168,"date":"2022-08-29T14:04:50","date_gmt":"2022-08-29T14:04:50","guid":{"rendered":"https:\/\/www.bulldogproject.eu\/moodle-platform\/"},"modified":"2022-08-30T15:21:16","modified_gmt":"2022-08-30T15:21:16","slug":"moodle-platform","status":"publish","type":"page","link":"https:\/\/www.bulldogproject.eu\/pt-pt\/moodle-platform\/","title":{"rendered":"Plataforma BULLDOG no MOODLE"},"content":{"rendered":"\n<p><strong>PLATAFORMA BULLDOG NO MOODLE:<\/strong> 30 Cursos para Treinadores &amp; professores<\/p>\n\n\n\n<p><a href=\"https:\/\/moodle.bulldogproject.eu\/\">https:\/\/moodle.bulldogproject.eu\/<\/a><\/p>\n\n\n\n<p id=\"yui_3_17_2_1_1661789780969_42\"><\/p>\n\n\n\n<ul class=\"wp-block-list\"><li><strong>Estudos de caso<\/strong><\/li><li><strong>RESULTADOS- para o Atleta, para a equipa<\/strong><\/li><li><strong>Dicas e instru\u00e7\u00f5es pr\u00e1ticas<\/strong><\/li><li><strong>Testes<\/strong><\/li><li><strong>Leitura complementar<\/strong><\/li><\/ul>\n\n\n\n<figure class=\"wp-block-image size-large\"><a href=\"https:\/\/moodle.bulldogproject.eu\/\"><img loading=\"lazy\" decoding=\"async\" width=\"1024\" height=\"484\" src=\"https:\/\/www.bulldogproject.eu\/wp-content\/uploads\/2022\/08\/MOODLE-1024x484.jpg\" alt=\"\" class=\"wp-image-4159\" srcset=\"https:\/\/www.bulldogproject.eu\/wp-content\/uploads\/2022\/08\/MOODLE-1024x484.jpg 1024w, https:\/\/www.bulldogproject.eu\/wp-content\/uploads\/2022\/08\/MOODLE-300x142.jpg 300w, https:\/\/www.bulldogproject.eu\/wp-content\/uploads\/2022\/08\/MOODLE-768x363.jpg 768w, https:\/\/www.bulldogproject.eu\/wp-content\/uploads\/2022\/08\/MOODLE-1170x553.jpg 1170w, https:\/\/www.bulldogproject.eu\/wp-content\/uploads\/2022\/08\/MOODLE.jpg 1312w\" sizes=\"auto, (max-width: 1024px) 100vw, 1024px\" \/><\/a><\/figure>\n","protected":false},"excerpt":{"rendered":"<p>PLATAFORMA BULLDOG NO MOODLE: 30 Cursos para Treinadores &amp; professores https:\/\/moodle.bulldogproject.eu\/ Estudos de caso RESULTADOS- para o Atleta, para a equipa Dicas e instru\u00e7\u00f5es pr\u00e1ticas Testes Leitura complementar<\/p>\n","protected":false},"author":3,"featured_media":0,"parent":0,"menu_order":0,"comment_status":"closed","ping_status":"closed","template":"","meta":{"footnotes":""},"class_list":["post-4168","page","type-page","status-publish","hentry"],"_links":{"self":[{"href":"https:\/\/www.bulldogproject.eu\/pt-pt\/wp-json\/wp\/v2\/pages\/4168","targetHints":{"allow":["GET"]}}],"collection":[{"href":"https:\/\/www.bulldogproject.eu\/pt-pt\/wp-json\/wp\/v2\/pages"}],"about":[{"href":"https:\/\/www.bulldogproject.eu\/pt-pt\/wp-json\/wp\/v2\/types\/page"}],"author":[{"embeddable":true,"href":"https:\/\/www.bulldogproject.eu\/pt-pt\/wp-json\/wp\/v2\/users\/3"}],"replies":[{"embeddable":true,"href":"https:\/\/www.bulldogproject.eu\/pt-pt\/wp-json\/wp\/v2\/comments?post=4168"}],"version-history":[{"count":4,"href":"https:\/\/www.bulldogproject.eu\/pt-pt\/wp-json\/wp\/v2\/pages\/4168\/revisions"}],"predecessor-version":[{"id":4304,"href":"https:\/\/www.bulldogproject.eu\/pt-pt\/wp-json\/wp\/v2\/pages\/4168\/revisions\/4304"}],"wp:attachment":[{"href":"https:\/\/www.bulldogproject.eu\/pt-pt\/wp-json\/wp\/v2\/media?parent=4168"}],"curies":[{"name":"wp","href":"https:\/\/api.w.org\/{rel}","templated":true}]}}