{"id":3292,"date":"2022-08-21T19:31:08","date_gmt":"2022-08-21T19:31:08","guid":{"rendered":"https:\/\/demo.bulldogproject.eu\/bulldog-partnership\/"},"modified":"2022-08-30T15:19:55","modified_gmt":"2022-08-30T15:19:55","slug":"bulldog-partnership","status":"publish","type":"page","link":"https:\/\/www.bulldogproject.eu\/pt-pt\/bulldog-partnership\/","title":{"rendered":"Parceria BULLDOG"},"content":{"rendered":"\n<figure class=\"wp-block-image size-large\"><img loading=\"lazy\" decoding=\"async\" width=\"1024\" height=\"683\" src=\"https:\/\/demo.bulldogproject.eu\/wp-content\/uploads\/2022\/08\/IMG_5619-1024x683.jpg\" alt=\"\" class=\"wp-image-2427\" srcset=\"https:\/\/www.bulldogproject.eu\/wp-content\/uploads\/2022\/08\/IMG_5619-1024x683.jpg 1024w, https:\/\/www.bulldogproject.eu\/wp-content\/uploads\/2022\/08\/IMG_5619-300x200.jpg 300w, https:\/\/www.bulldogproject.eu\/wp-content\/uploads\/2022\/08\/IMG_5619-768x512.jpg 768w, https:\/\/www.bulldogproject.eu\/wp-content\/uploads\/2022\/08\/IMG_5619-1536x1024.jpg 1536w, https:\/\/www.bulldogproject.eu\/wp-content\/uploads\/2022\/08\/IMG_5619-2048x1365.jpg 2048w, https:\/\/www.bulldogproject.eu\/wp-content\/uploads\/2022\/08\/IMG_5619-1170x780.jpg 1170w\" sizes=\"auto, (max-width: 1024px) 100vw, 1024px\" \/><\/figure>\n\n\n\n<p><\/p>\n\n\n\n<h5 class=\"wp-block-heading\" id=\"block-116b1242-85a8-4032-bae5-a58bb596b224\">COM O APOIO DO PROGRAMA ERASMUS+ SPORT<\/h5>\n\n\n\n<p><\/p>\n\n\n\n<figure class=\"wp-block-image size-large is-resized\"><img loading=\"lazy\" decoding=\"async\" src=\"https:\/\/demo.bulldogproject.eu\/wp-content\/uploads\/2022\/08\/logosbeneficaireserasmusright_en-1024x210.jpg\" alt=\"\" class=\"wp-image-3038\" width=\"371\" height=\"76\" srcset=\"https:\/\/www.bulldogproject.eu\/wp-content\/uploads\/2022\/08\/logosbeneficaireserasmusright_en-1024x210.jpg 1024w, https:\/\/www.bulldogproject.eu\/wp-content\/uploads\/2022\/08\/logosbeneficaireserasmusright_en-300x62.jpg 300w, https:\/\/www.bulldogproject.eu\/wp-content\/uploads\/2022\/08\/logosbeneficaireserasmusright_en-768x158.jpg 768w, https:\/\/www.bulldogproject.eu\/wp-content\/uploads\/2022\/08\/logosbeneficaireserasmusright_en-1536x315.jpg 1536w, https:\/\/www.bulldogproject.eu\/wp-content\/uploads\/2022\/08\/logosbeneficaireserasmusright_en-2048x420.jpg 2048w, https:\/\/www.bulldogproject.eu\/wp-content\/uploads\/2022\/08\/logosbeneficaireserasmusright_en-1170x240.jpg 1170w\" sizes=\"auto, (max-width: 371px) 100vw, 371px\" \/><\/figure>\n\n\n\n<h5 class=\"wp-block-heading\"><\/h5>\n\n\n<p>Este projeto foi co-financiado pela Comiss\u00e3o Europeia no \u00e2mbito da ac\u00e7\u00e3o ERASMUS+ SPORT. O conte\u00fado do aplicativo reflete apenas a opini\u00e3o dos autores e a Ag\u00eancia e a Comiss\u00e3o n\u00e3o s\u00e3o respons\u00e1veis por qualquer uso que possa ser feito das informa\u00e7\u00f5es nele contidas.<\/p>\n<p><\/p>\n<h5><span style=\"color: #333399;\">PARCERIA BULLDOG<\/span><\/h5>\n<p>O aplicativo foi desenvolvido com a colabora\u00e7\u00e3o de seis institui\u00e7\u00f5es dos seguintes pa\u00edses:<\/p>\n<p><strong>ROM\u00caNIA:<\/strong>&nbsp;&nbsp;SCOALA GIMNAZIALA REDIU<\/p>\n<p>SOS. Valea Rediului N.R 342,<\/p>\n<p>Rediu 707405<\/p>\n<p><strong>website:&nbsp;<a href=\"https:\/\/scoalagimnazialarediu.ro\/\">https:\/\/scoalagimnazialarediu.ro\/<\/a><\/strong><\/p>\n<p><strong>GR\u00c9CIA: <\/strong>MAIANDROS EPE<\/p>\n<p>7 Artemidos st. Ekali<\/p>\n<p>14578 Athens<\/p>\n<p><strong>website:&nbsp;<a href=\"https:\/\/meandrosltd.gr\/\">https:\/\/meandrosltd.gr\/<\/a><\/strong><\/p>\n<p><strong>IT\u00c1LIA:<\/strong>&nbsp;CENTRO UNIVERSITARIO SPORTIVO \u2013 CUS PADOVA<\/p>\n<p>Via Giordano Bruno 27,<\/p>\n<p>35124 Padova<\/p>\n<p><strong>website<\/strong><em>:&nbsp;<\/em><strong><a href=\"https:\/\/www.cuspadova.it\/\">https:\/\/www.cuspadova.it\/<\/a><\/strong><\/p>\n<p><strong>PORTUGAL:<\/strong>&nbsp;ASSOCIA\u00c7\u00c3O DE FUTEBOL DE BRAGAN\u00c7A<\/p>\n<p>Bairro da Coxa Fundo de Fomento de Habita\u00e7\u00e3o,<\/p>\n<p>Bloco C&nbsp; Entrada 1,<\/p>\n<p>5300 \u2013 098 Bragan\u00e7a<\/p>\n<p><strong>website:&nbsp;<a href=\"https:\/\/afbraganca.fpf.pt\/\">https:\/\/afbraganca.fpf.pt\/<\/a><\/strong><\/p>\n<p><strong>ESLOV\u00c1QUIA:<\/strong>&nbsp;GYMNAZIUM PAVLA HOROVA<\/p>\n<p>Masarykova 1,<\/p>\n<p>07101 Michalovce, Ko\u0161ick\u00fd kraj<\/p>\n<p><strong>website:&nbsp;<a href=\"https:\/\/www.gphmi.sk\/\">https:\/\/www.gphmi.sk\/<\/a><\/strong><\/p>\n<p><strong>IRLANDA<\/strong>: CHAMPIONS FACTORY IRELAND LIMITED<\/p>\n<p>94 Northlands, Bettystown, Co. Meath,<\/p>\n<p>Dublin A92 D3T0<\/p>\n<p><strong>website:&nbsp;<a href=\"https:\/\/championsfactory.bg\/cf-community\/champions-factory-ireland\/\">https:\/\/championsfactory.bg<\/a><\/strong><\/p>\n<blockquote>\n<p>DESENHO E DESENVOLVIMENTO DA APLICA\u00c7\u00c3O: TOOL LTD.- GR\u00c9CIA<\/p>\n<\/blockquote>\n\n<div class=\"wp-block-image\">\n<figure class=\"alignleft size-full is-resized\"><a href=\"https:\/\/scoalagimnazialarediu.ro\/\"><img loading=\"lazy\" decoding=\"async\" src=\"https:\/\/demo.bulldogproject.eu\/wp-content\/uploads\/2022\/08\/5.jpg\" alt=\"\" class=\"wp-image-3001\" width=\"105\" height=\"106\" srcset=\"https:\/\/www.bulldogproject.eu\/wp-content\/uploads\/2022\/08\/5.jpg 150w, https:\/\/www.bulldogproject.eu\/wp-content\/uploads\/2022\/08\/5-80x80.jpg 80w\" sizes=\"auto, (max-width: 105px) 100vw, 105px\" \/><\/a><\/figure>\n<\/div>\n\n<div class=\"wp-block-image\">\n<figure class=\"alignleft size-full is-resized\"><a href=\"https:\/\/meandrosltd.gr\/\"><img loading=\"lazy\" decoding=\"async\" src=\"https:\/\/demo.bulldogproject.eu\/wp-content\/uploads\/2022\/08\/6.jpg\" alt=\"\" class=\"wp-image-3007\" width=\"221\" height=\"68\"\/><\/a><\/figure>\n<\/div>\n\n<div class=\"wp-block-image\">\n<figure class=\"alignleft size-full is-resized\"><a href=\"https:\/\/www.cuspadova.it\/\"><img loading=\"lazy\" decoding=\"async\" src=\"https:\/\/demo.bulldogproject.eu\/wp-content\/uploads\/2022\/08\/3.png\" alt=\"\" class=\"wp-image-2989\" width=\"101\" height=\"106\"\/><\/a><\/figure>\n<\/div>\n\n<div class=\"wp-block-image\">\n<figure class=\"alignleft size-full is-resized\"><a href=\"https:\/\/www.gphmi.sk\/\"><img loading=\"lazy\" decoding=\"async\" src=\"https:\/\/demo.bulldogproject.eu\/wp-content\/uploads\/2022\/08\/4.png\" alt=\"\" class=\"wp-image-2995\" width=\"101\" height=\"103\"\/><\/a><\/figure>\n<\/div>\n\n<div class=\"wp-block-image\">\n<figure class=\"alignleft size-full is-resized\"><a href=\"https:\/\/afbraganca.fpf.pt\/\"><img loading=\"lazy\" decoding=\"async\" src=\"https:\/\/demo.bulldogproject.eu\/wp-content\/uploads\/2022\/08\/1.png\" alt=\"\" class=\"wp-image-2977\" width=\"91\" height=\"107\"\/><\/a><\/figure>\n<\/div>\n\n<div class=\"wp-block-image\">\n<figure class=\"alignleft size-full is-resized\"><a href=\"https:\/\/championsfactory.bg\"><img loading=\"lazy\" decoding=\"async\" src=\"https:\/\/demo.bulldogproject.eu\/wp-content\/uploads\/2022\/08\/2.png\" alt=\"\" class=\"wp-image-2983\" width=\"95\" height=\"96\" srcset=\"https:\/\/www.bulldogproject.eu\/wp-content\/uploads\/2022\/08\/2.png 139w, https:\/\/www.bulldogproject.eu\/wp-content\/uploads\/2022\/08\/2-80x80.png 80w\" sizes=\"auto, (max-width: 95px) 100vw, 95px\" \/><\/a><\/figure>\n<\/div>","protected":false},"excerpt":{"rendered":"<p>COM O APOIO DO PROGRAMA ERASMUS+ SPORT Este projeto foi co-financiado pela Comiss\u00e3o Europeia no \u00e2mbito da ac\u00e7\u00e3o ERASMUS+ SPORT. O conte\u00fado do aplicativo reflete apenas a opini\u00e3o dos autores e a Ag\u00eancia e a Comiss\u00e3o n\u00e3o s\u00e3o respons\u00e1veis por qualquer uso que possa ser feito das informa\u00e7\u00f5es nele contidas. PARCERIA BULLDOG O aplicativo foi [&hellip;]<\/p>\n","protected":false},"author":3,"featured_media":0,"parent":0,"menu_order":0,"comment_status":"closed","ping_status":"closed","template":"","meta":{"footnotes":""},"class_list":["post-3292","page","type-page","status-publish","hentry"],"_links":{"self":[{"href":"https:\/\/www.bulldogproject.eu\/pt-pt\/wp-json\/wp\/v2\/pages\/3292","targetHints":{"allow":["GET"]}}],"collection":[{"href":"https:\/\/www.bulldogproject.eu\/pt-pt\/wp-json\/wp\/v2\/pages"}],"about":[{"href":"https:\/\/www.bulldogproject.eu\/pt-pt\/wp-json\/wp\/v2\/types\/page"}],"author":[{"embeddable":true,"href":"https:\/\/www.bulldogproject.eu\/pt-pt\/wp-json\/wp\/v2\/users\/3"}],"replies":[{"embeddable":true,"href":"https:\/\/www.bulldogproject.eu\/pt-pt\/wp-json\/wp\/v2\/comments?post=3292"}],"version-history":[{"count":8,"href":"https:\/\/www.bulldogproject.eu\/pt-pt\/wp-json\/wp\/v2\/pages\/3292\/revisions"}],"predecessor-version":[{"id":4302,"href":"https:\/\/www.bulldogproject.eu\/pt-pt\/wp-json\/wp\/v2\/pages\/3292\/revisions\/4302"}],"wp:attachment":[{"href":"https:\/\/www.bulldogproject.eu\/pt-pt\/wp-json\/wp\/v2\/media?parent=3292"}],"curies":[{"name":"wp","href":"https:\/\/api.w.org\/{rel}","templated":true}]}}