{"id":2797,"date":"2022-08-20T17:29:46","date_gmt":"2022-08-20T17:29:46","guid":{"rendered":"https:\/\/demo.bulldogproject.eu\/instructions-for-bulldog-app\/"},"modified":"2022-08-20T18:04:07","modified_gmt":"2022-08-20T18:04:07","slug":"instructions-for-bulldog-app","status":"publish","type":"page","link":"https:\/\/www.bulldogproject.eu\/pt-pt\/instructions-for-bulldog-app\/","title":{"rendered":"Instru\u00e7\u00f5es da aplica\u00e7\u00e3o BULLDOG"},"content":{"rendered":"\n<div class=\"wp-block-cover aligncenter is-light\" style=\"min-height:339px;aspect-ratio:unset;\"><span aria-hidden=\"true\" class=\"wp-block-cover__background has-background-dim\"><\/span><img loading=\"lazy\" decoding=\"async\" width=\"1920\" height=\"738\" class=\"wp-block-cover__image-background wp-image-2806\" alt=\"\" src=\"https:\/\/demo.bulldogproject.eu\/wp-content\/uploads\/2022\/08\/logo-crop.png\" data-object-fit=\"cover\" srcset=\"https:\/\/www.bulldogproject.eu\/wp-content\/uploads\/2022\/08\/logo-crop.png 1920w, https:\/\/www.bulldogproject.eu\/wp-content\/uploads\/2022\/08\/logo-crop-300x115.png 300w, https:\/\/www.bulldogproject.eu\/wp-content\/uploads\/2022\/08\/logo-crop-1024x394.png 1024w, https:\/\/www.bulldogproject.eu\/wp-content\/uploads\/2022\/08\/logo-crop-768x295.png 768w, https:\/\/www.bulldogproject.eu\/wp-content\/uploads\/2022\/08\/logo-crop-1536x590.png 1536w, https:\/\/www.bulldogproject.eu\/wp-content\/uploads\/2022\/08\/logo-crop-1170x450.png 1170w\" sizes=\"auto, (max-width: 1920px) 100vw, 1920px\" \/><div class=\"wp-block-cover__inner-container is-layout-flow wp-block-cover-is-layout-flow\">\n<p class=\"has-text-align-center has-large-font-size\"><\/p>\n<\/div><\/div>\n\n\n\n<p><\/p>\n\n\n\n<p><\/p>\n\n\n\n<p>O professor\/formador, para utilizar a aplica\u00e7\u00e3o BULLDOG, deve criar um novo jogo utilizando o painel de instrumentos da aplica\u00e7\u00e3o.<\/p>\n\n\n\n<p><strong>NO PAINEL DE CONTROLO&nbsp;<\/strong><\/p>\n\n\n\n<p><strong>O painel de controlo est\u00e1 localizado em: <a href=\"https:\/\/bulldog-admin.netlify.app\" target=\"_blank\" rel=\"noreferrer noopener\">https:\/\/bulldog-admin.netlify.app<\/a><\/strong><\/p>\n\n\n\n<p>A primeira vez que utilizar a aplica\u00e7\u00e3o, deve registar-se<\/p>\n\n\n\n<p>Recebes um e-mail de verifica\u00e7\u00e3o com uma palavra-passe que utilizar\u00e1s na primeira vez que estiveres ligado. (ver tamb\u00e9m o correio n\u00e3o solicitado)<\/p>\n\n\n\n<p>Depois, vai para o NOVO JOGO<\/p>\n\n\n\n<p>D\u00ea um nome ao jogo que criou<\/p>\n\n\n\n<p>Se pressionar nos JOGADORES, ent\u00e3o aparecem todos aqueles que submeteram a sua pontua\u00e7\u00e3o. No in\u00edcio, a lista est\u00e1 vazia. Recebes a identifica\u00e7\u00e3o do jogo que se encontra no topo da lista e distribui-a aos jogadores<\/p>\n\n\n\n<p>Podem ser criados tantos jogos quantos quiserem, sem limita\u00e7\u00f5es.<\/p>\n\n\n\n<p><strong>Sobre a APP<\/strong><\/p>\n\n\n\n<p>Assim que os jogadores terminam a parte 1 ou 3, utilizam o Game ID e um nome de utilizador \u00e0 sua escolha para submeterem a sua pontua\u00e7\u00e3o. As respostas, a identifica\u00e7\u00e3o do jogo e o nome de utilizador (se o utilizador as tiver submetido) s\u00e3o guardados durante toda a dura\u00e7\u00e3o do jogo.<\/p>\n\n\n\n<p>Se o utilizador carregar em NOVO JOGO, ent\u00e3o todos os dados acima s\u00e3o apagados do jogo.<\/p>\n\n\n\n<p>A BULLDOG App assegura que nenhum dado pessoal vai ser guardado na infra-estrutura para os estudantes. Os \u00fanicos dados pessoais que o sistema ir\u00e1 guardar s\u00e3o o e-mail do professor\/formador que \u00e9 necess\u00e1rio para fins de valida\u00e7\u00e3o.<\/p>\n\n\n\n<p>A aplica\u00e7\u00e3o BULLDOG cumpre os requisitos do actual quadro jur\u00eddico em rela\u00e7\u00e3o ao tratamento de dados e com o Regulamento (UE) 2016\/679 do Parlamento Europeu e do Conselho de 27 de Abril de 2016 relativo \u00e0 prote\u00e7\u00e3o das pessoas singulares no que diz respeito ao tratamento de dados pessoais e \u00e0 livre circula\u00e7\u00e3o desses dados, e que revoga a Directiva 95\/46\/CE (Regulamento Geral sobre Protec\u00e7\u00e3o de Dados).<\/p>\n\n\n\n<figure class=\"wp-block-gallery has-nested-images columns-default is-cropped wp-block-gallery-1 is-layout-flex wp-block-gallery-is-layout-flex\">\n<figure class=\"wp-block-image size-large\"><img loading=\"lazy\" decoding=\"async\" width=\"958\" height=\"486\" data-id=\"2778\" src=\"https:\/\/demo.bulldogproject.eu\/wp-content\/uploads\/2022\/08\/DASHBOARD1.jpg\" alt=\"\" class=\"wp-image-2778\" srcset=\"https:\/\/www.bulldogproject.eu\/wp-content\/uploads\/2022\/08\/DASHBOARD1.jpg 958w, https:\/\/www.bulldogproject.eu\/wp-content\/uploads\/2022\/08\/DASHBOARD1-300x152.jpg 300w, https:\/\/www.bulldogproject.eu\/wp-content\/uploads\/2022\/08\/DASHBOARD1-768x390.jpg 768w\" sizes=\"auto, (max-width: 958px) 100vw, 958px\" \/><\/figure>\n\n\n\n<figure class=\"wp-block-image size-large\"><img loading=\"lazy\" decoding=\"async\" width=\"947\" height=\"456\" data-id=\"2776\" src=\"https:\/\/demo.bulldogproject.eu\/wp-content\/uploads\/2022\/08\/DASHBOARD2.jpg\" alt=\"\" class=\"wp-image-2776\" srcset=\"https:\/\/www.bulldogproject.eu\/wp-content\/uploads\/2022\/08\/DASHBOARD2.jpg 947w, https:\/\/www.bulldogproject.eu\/wp-content\/uploads\/2022\/08\/DASHBOARD2-300x144.jpg 300w, https:\/\/www.bulldogproject.eu\/wp-content\/uploads\/2022\/08\/DASHBOARD2-768x370.jpg 768w\" sizes=\"auto, (max-width: 947px) 100vw, 947px\" \/><\/figure>\n\n\n\n<figure class=\"wp-block-image size-large\"><img loading=\"lazy\" decoding=\"async\" width=\"937\" height=\"479\" data-id=\"2788\" src=\"https:\/\/demo.bulldogproject.eu\/wp-content\/uploads\/2022\/08\/DASHBOARD3.jpg\" alt=\"\" class=\"wp-image-2788\" srcset=\"https:\/\/www.bulldogproject.eu\/wp-content\/uploads\/2022\/08\/DASHBOARD3.jpg 937w, https:\/\/www.bulldogproject.eu\/wp-content\/uploads\/2022\/08\/DASHBOARD3-300x153.jpg 300w, https:\/\/www.bulldogproject.eu\/wp-content\/uploads\/2022\/08\/DASHBOARD3-768x393.jpg 768w\" sizes=\"auto, (max-width: 937px) 100vw, 937px\" \/><\/figure>\n<\/figure>\n","protected":false},"excerpt":{"rendered":"<p>O professor\/formador, para utilizar a aplica\u00e7\u00e3o BULLDOG, deve criar um novo jogo utilizando o painel de instrumentos da aplica\u00e7\u00e3o. NO PAINEL DE CONTROLO&nbsp; O painel de controlo est\u00e1 localizado em: https:\/\/bulldog-admin.netlify.app A primeira vez que utilizar a aplica\u00e7\u00e3o, deve registar-se Recebes um e-mail de verifica\u00e7\u00e3o com uma palavra-passe que utilizar\u00e1s na primeira vez que estiveres [&hellip;]<\/p>\n","protected":false},"author":3,"featured_media":0,"parent":0,"menu_order":0,"comment_status":"closed","ping_status":"closed","template":"","meta":{"footnotes":""},"class_list":["post-2797","page","type-page","status-publish","hentry"],"_links":{"self":[{"href":"https:\/\/www.bulldogproject.eu\/pt-pt\/wp-json\/wp\/v2\/pages\/2797","targetHints":{"allow":["GET"]}}],"collection":[{"href":"https:\/\/www.bulldogproject.eu\/pt-pt\/wp-json\/wp\/v2\/pages"}],"about":[{"href":"https:\/\/www.bulldogproject.eu\/pt-pt\/wp-json\/wp\/v2\/types\/page"}],"author":[{"embeddable":true,"href":"https:\/\/www.bulldogproject.eu\/pt-pt\/wp-json\/wp\/v2\/users\/3"}],"replies":[{"embeddable":true,"href":"https:\/\/www.bulldogproject.eu\/pt-pt\/wp-json\/wp\/v2\/comments?post=2797"}],"version-history":[{"count":6,"href":"https:\/\/www.bulldogproject.eu\/pt-pt\/wp-json\/wp\/v2\/pages\/2797\/revisions"}],"predecessor-version":[{"id":2849,"href":"https:\/\/www.bulldogproject.eu\/pt-pt\/wp-json\/wp\/v2\/pages\/2797\/revisions\/2849"}],"wp:attachment":[{"href":"https:\/\/www.bulldogproject.eu\/pt-pt\/wp-json\/wp\/v2\/media?parent=2797"}],"curies":[{"name":"wp","href":"https:\/\/api.w.org\/{rel}","templated":true}]}}