{"id":2490,"date":"2022-08-19T20:52:51","date_gmt":"2022-08-19T20:52:51","guid":{"rendered":"https:\/\/demo.bulldogproject.eu\/our-meetings\/"},"modified":"2022-08-19T22:23:16","modified_gmt":"2022-08-19T22:23:16","slug":"our-meetings","status":"publish","type":"page","link":"https:\/\/www.bulldogproject.eu\/pt-pt\/our-meetings\/","title":{"rendered":"Meetings"},"content":{"rendered":"\n<figure class=\"wp-block-gallery has-nested-images columns-default is-cropped wp-block-gallery-1 is-layout-flex wp-block-gallery-is-layout-flex\">\n<figure class=\"wp-block-image size-large\"><img loading=\"lazy\" decoding=\"async\" width=\"1024\" height=\"576\" data-id=\"2367\" src=\"https:\/\/demo.bulldogproject.eu\/wp-content\/uploads\/2022\/08\/IMG-20200125-WA0002-1024x576.jpg\" alt=\"\" class=\"wp-image-2367\" srcset=\"https:\/\/www.bulldogproject.eu\/wp-content\/uploads\/2022\/08\/IMG-20200125-WA0002-1024x576.jpg 1024w, https:\/\/www.bulldogproject.eu\/wp-content\/uploads\/2022\/08\/IMG-20200125-WA0002-300x169.jpg 300w, https:\/\/www.bulldogproject.eu\/wp-content\/uploads\/2022\/08\/IMG-20200125-WA0002-768x432.jpg 768w, https:\/\/www.bulldogproject.eu\/wp-content\/uploads\/2022\/08\/IMG-20200125-WA0002-1536x864.jpg 1536w, https:\/\/www.bulldogproject.eu\/wp-content\/uploads\/2022\/08\/IMG-20200125-WA0002-570x320.jpg 570w, https:\/\/www.bulldogproject.eu\/wp-content\/uploads\/2022\/08\/IMG-20200125-WA0002-1170x658.jpg 1170w, https:\/\/www.bulldogproject.eu\/wp-content\/uploads\/2022\/08\/IMG-20200125-WA0002.jpg 1600w\" sizes=\"auto, (max-width: 1024px) 100vw, 1024px\" \/><figcaption>ATHENS<\/figcaption><\/figure>\n\n\n\n<figure class=\"wp-block-image size-large\"><img loading=\"lazy\" decoding=\"async\" width=\"1024\" height=\"768\" data-id=\"2373\" src=\"https:\/\/demo.bulldogproject.eu\/wp-content\/uploads\/2022\/08\/IMG-20200124-WA0006-1024x768.jpg\" alt=\"\" class=\"wp-image-2373\" srcset=\"https:\/\/www.bulldogproject.eu\/wp-content\/uploads\/2022\/08\/IMG-20200124-WA0006-1024x768.jpg 1024w, https:\/\/www.bulldogproject.eu\/wp-content\/uploads\/2022\/08\/IMG-20200124-WA0006-300x225.jpg 300w, https:\/\/www.bulldogproject.eu\/wp-content\/uploads\/2022\/08\/IMG-20200124-WA0006-768x576.jpg 768w, https:\/\/www.bulldogproject.eu\/wp-content\/uploads\/2022\/08\/IMG-20200124-WA0006-1536x1152.jpg 1536w, https:\/\/www.bulldogproject.eu\/wp-content\/uploads\/2022\/08\/IMG-20200124-WA0006-1170x878.jpg 1170w, https:\/\/www.bulldogproject.eu\/wp-content\/uploads\/2022\/08\/IMG-20200124-WA0006.jpg 1920w\" sizes=\"auto, (max-width: 1024px) 100vw, 1024px\" \/><figcaption>ATHENS<\/figcaption><\/figure>\n\n\n\n<figure class=\"wp-block-image size-large\"><img loading=\"lazy\" decoding=\"async\" width=\"1024\" height=\"768\" data-id=\"2379\" src=\"https:\/\/demo.bulldogproject.eu\/wp-content\/uploads\/2022\/08\/IMG-20200124-WA0040-1024x768.jpg\" alt=\"\" class=\"wp-image-2379\" srcset=\"https:\/\/www.bulldogproject.eu\/wp-content\/uploads\/2022\/08\/IMG-20200124-WA0040-1024x768.jpg 1024w, https:\/\/www.bulldogproject.eu\/wp-content\/uploads\/2022\/08\/IMG-20200124-WA0040-300x225.jpg 300w, https:\/\/www.bulldogproject.eu\/wp-content\/uploads\/2022\/08\/IMG-20200124-WA0040-768x576.jpg 768w, https:\/\/www.bulldogproject.eu\/wp-content\/uploads\/2022\/08\/IMG-20200124-WA0040-1536x1152.jpg 1536w, https:\/\/www.bulldogproject.eu\/wp-content\/uploads\/2022\/08\/IMG-20200124-WA0040-1170x878.jpg 1170w, https:\/\/www.bulldogproject.eu\/wp-content\/uploads\/2022\/08\/IMG-20200124-WA0040.jpg 1600w\" sizes=\"auto, (max-width: 1024px) 100vw, 1024px\" \/><figcaption>ATHENS<\/figcaption><\/figure>\n\n\n\n<figure class=\"wp-block-image size-large\"><img loading=\"lazy\" decoding=\"async\" width=\"1024\" height=\"576\" data-id=\"2385\" src=\"https:\/\/demo.bulldogproject.eu\/wp-content\/uploads\/2022\/08\/IMG-20210715-WA0115.jpg\" alt=\"\" class=\"wp-image-2385\" srcset=\"https:\/\/www.bulldogproject.eu\/wp-content\/uploads\/2022\/08\/IMG-20210715-WA0115.jpg 1024w, https:\/\/www.bulldogproject.eu\/wp-content\/uploads\/2022\/08\/IMG-20210715-WA0115-300x169.jpg 300w, https:\/\/www.bulldogproject.eu\/wp-content\/uploads\/2022\/08\/IMG-20210715-WA0115-768x432.jpg 768w, https:\/\/www.bulldogproject.eu\/wp-content\/uploads\/2022\/08\/IMG-20210715-WA0115-570x320.jpg 570w\" sizes=\"auto, (max-width: 1024px) 100vw, 1024px\" \/><figcaption>IASI<\/figcaption><\/figure>\n\n\n\n<figure class=\"wp-block-image size-large\"><img loading=\"lazy\" decoding=\"async\" width=\"1024\" height=\"768\" data-id=\"2391\" src=\"https:\/\/demo.bulldogproject.eu\/wp-content\/uploads\/2022\/08\/IMG-20210715-WA0116.jpg\" alt=\"\" class=\"wp-image-2391\" srcset=\"https:\/\/www.bulldogproject.eu\/wp-content\/uploads\/2022\/08\/IMG-20210715-WA0116.jpg 1024w, https:\/\/www.bulldogproject.eu\/wp-content\/uploads\/2022\/08\/IMG-20210715-WA0116-300x225.jpg 300w, https:\/\/www.bulldogproject.eu\/wp-content\/uploads\/2022\/08\/IMG-20210715-WA0116-768x576.jpg 768w\" sizes=\"auto, (max-width: 1024px) 100vw, 1024px\" \/><figcaption>IASI<\/figcaption><\/figure>\n\n\n\n<figure class=\"wp-block-image size-large\"><img loading=\"lazy\" decoding=\"async\" width=\"1024\" height=\"570\" data-id=\"2397\" src=\"https:\/\/demo.bulldogproject.eu\/wp-content\/uploads\/2022\/08\/romaniameeting-1024x570.jpg\" alt=\"\" class=\"wp-image-2397\" srcset=\"https:\/\/www.bulldogproject.eu\/wp-content\/uploads\/2022\/08\/romaniameeting-1024x570.jpg 1024w, https:\/\/www.bulldogproject.eu\/wp-content\/uploads\/2022\/08\/romaniameeting-300x167.jpg 300w, https:\/\/www.bulldogproject.eu\/wp-content\/uploads\/2022\/08\/romaniameeting-768x427.jpg 768w, https:\/\/www.bulldogproject.eu\/wp-content\/uploads\/2022\/08\/romaniameeting.jpg 1055w\" sizes=\"auto, (max-width: 1024px) 100vw, 1024px\" \/><figcaption>IASI<\/figcaption><\/figure>\n\n\n\n<figure class=\"wp-block-image size-large\"><img loading=\"lazy\" decoding=\"async\" width=\"1024\" height=\"768\" data-id=\"2403\" src=\"https:\/\/demo.bulldogproject.eu\/wp-content\/uploads\/2022\/08\/IMG-20211018-WA0005.jpg\" alt=\"\" class=\"wp-image-2403\" srcset=\"https:\/\/www.bulldogproject.eu\/wp-content\/uploads\/2022\/08\/IMG-20211018-WA0005.jpg 1024w, https:\/\/www.bulldogproject.eu\/wp-content\/uploads\/2022\/08\/IMG-20211018-WA0005-300x225.jpg 300w, https:\/\/www.bulldogproject.eu\/wp-content\/uploads\/2022\/08\/IMG-20211018-WA0005-768x576.jpg 768w\" sizes=\"auto, (max-width: 1024px) 100vw, 1024px\" \/><figcaption>PADOVA<\/figcaption><\/figure>\n\n\n\n<figure class=\"wp-block-image size-large\"><img loading=\"lazy\" decoding=\"async\" width=\"1024\" height=\"768\" data-id=\"2409\" src=\"https:\/\/demo.bulldogproject.eu\/wp-content\/uploads\/2022\/08\/IMG-20211018-WA0018.jpg\" alt=\"\" class=\"wp-image-2409\" srcset=\"https:\/\/www.bulldogproject.eu\/wp-content\/uploads\/2022\/08\/IMG-20211018-WA0018.jpg 1024w, https:\/\/www.bulldogproject.eu\/wp-content\/uploads\/2022\/08\/IMG-20211018-WA0018-300x225.jpg 300w, https:\/\/www.bulldogproject.eu\/wp-content\/uploads\/2022\/08\/IMG-20211018-WA0018-768x576.jpg 768w\" sizes=\"auto, (max-width: 1024px) 100vw, 1024px\" \/><figcaption>PADOVA<\/figcaption><\/figure>\n\n\n\n<figure class=\"wp-block-image size-large\"><img loading=\"lazy\" decoding=\"async\" width=\"1024\" height=\"986\" data-id=\"2415\" src=\"https:\/\/demo.bulldogproject.eu\/wp-content\/uploads\/2022\/08\/IMG-20211018-WA0043-1024x986.jpg\" alt=\"\" class=\"wp-image-2415\" srcset=\"https:\/\/www.bulldogproject.eu\/wp-content\/uploads\/2022\/08\/IMG-20211018-WA0043-1024x986.jpg 1024w, https:\/\/www.bulldogproject.eu\/wp-content\/uploads\/2022\/08\/IMG-20211018-WA0043-300x289.jpg 300w, https:\/\/www.bulldogproject.eu\/wp-content\/uploads\/2022\/08\/IMG-20211018-WA0043-768x739.jpg 768w, https:\/\/www.bulldogproject.eu\/wp-content\/uploads\/2022\/08\/IMG-20211018-WA0043-1170x1126.jpg 1170w, https:\/\/www.bulldogproject.eu\/wp-content\/uploads\/2022\/08\/IMG-20211018-WA0043.jpg 1200w\" sizes=\"auto, (max-width: 1024px) 100vw, 1024px\" \/><figcaption>PADOVA<\/figcaption><\/figure>\n\n\n\n<figure class=\"wp-block-image size-large\"><img loading=\"lazy\" decoding=\"async\" width=\"1024\" height=\"683\" data-id=\"2427\" src=\"https:\/\/demo.bulldogproject.eu\/wp-content\/uploads\/2022\/08\/IMG_5619-1024x683.jpg\" alt=\"\" class=\"wp-image-2427\" srcset=\"https:\/\/www.bulldogproject.eu\/wp-content\/uploads\/2022\/08\/IMG_5619-1024x683.jpg 1024w, https:\/\/www.bulldogproject.eu\/wp-content\/uploads\/2022\/08\/IMG_5619-300x200.jpg 300w, https:\/\/www.bulldogproject.eu\/wp-content\/uploads\/2022\/08\/IMG_5619-768x512.jpg 768w, https:\/\/www.bulldogproject.eu\/wp-content\/uploads\/2022\/08\/IMG_5619-1536x1024.jpg 1536w, https:\/\/www.bulldogproject.eu\/wp-content\/uploads\/2022\/08\/IMG_5619-2048x1365.jpg 2048w, https:\/\/www.bulldogproject.eu\/wp-content\/uploads\/2022\/08\/IMG_5619-1170x780.jpg 1170w\" sizes=\"auto, (max-width: 1024px) 100vw, 1024px\" \/><figcaption>BRAGAN\u00c7A&nbsp;<\/figcaption><\/figure>\n\n\n\n<figure class=\"wp-block-image size-large\"><img loading=\"lazy\" decoding=\"async\" width=\"1024\" height=\"683\" data-id=\"2433\" src=\"https:\/\/demo.bulldogproject.eu\/wp-content\/uploads\/2022\/08\/IMG_5610-1024x683.jpg\" alt=\"\" class=\"wp-image-2433\" srcset=\"https:\/\/www.bulldogproject.eu\/wp-content\/uploads\/2022\/08\/IMG_5610-1024x683.jpg 1024w, https:\/\/www.bulldogproject.eu\/wp-content\/uploads\/2022\/08\/IMG_5610-300x200.jpg 300w, https:\/\/www.bulldogproject.eu\/wp-content\/uploads\/2022\/08\/IMG_5610-768x512.jpg 768w, https:\/\/www.bulldogproject.eu\/wp-content\/uploads\/2022\/08\/IMG_5610-1536x1024.jpg 1536w, https:\/\/www.bulldogproject.eu\/wp-content\/uploads\/2022\/08\/IMG_5610-2048x1365.jpg 2048w, https:\/\/www.bulldogproject.eu\/wp-content\/uploads\/2022\/08\/IMG_5610-1170x780.jpg 1170w\" sizes=\"auto, (max-width: 1024px) 100vw, 1024px\" \/><figcaption>BRAGAN\u00c7A&nbsp;<\/figcaption><\/figure>\n\n\n\n<figure class=\"wp-block-image size-large\"><img loading=\"lazy\" decoding=\"async\" width=\"1024\" height=\"768\" data-id=\"2439\" src=\"https:\/\/demo.bulldogproject.eu\/wp-content\/uploads\/2022\/08\/20220106_171211-1024x768.jpg\" alt=\"\" class=\"wp-image-2439\" srcset=\"https:\/\/www.bulldogproject.eu\/wp-content\/uploads\/2022\/08\/20220106_171211-1024x768.jpg 1024w, https:\/\/www.bulldogproject.eu\/wp-content\/uploads\/2022\/08\/20220106_171211-300x225.jpg 300w, https:\/\/www.bulldogproject.eu\/wp-content\/uploads\/2022\/08\/20220106_171211-768x576.jpg 768w, https:\/\/www.bulldogproject.eu\/wp-content\/uploads\/2022\/08\/20220106_171211-1536x1152.jpg 1536w, https:\/\/www.bulldogproject.eu\/wp-content\/uploads\/2022\/08\/20220106_171211-2048x1536.jpg 2048w, https:\/\/www.bulldogproject.eu\/wp-content\/uploads\/2022\/08\/20220106_171211-1170x878.jpg 1170w\" sizes=\"auto, (max-width: 1024px) 100vw, 1024px\" \/><figcaption>BRAGAN\u00c7A&nbsp;<\/figcaption><\/figure>\n\n\n\n<figure class=\"wp-block-image size-large\"><img loading=\"lazy\" decoding=\"async\" width=\"1024\" height=\"768\" data-id=\"2445\" src=\"https:\/\/demo.bulldogproject.eu\/wp-content\/uploads\/2022\/08\/IMG-20220408-WA0010-1.jpg\" alt=\"\" class=\"wp-image-2445\" srcset=\"https:\/\/www.bulldogproject.eu\/wp-content\/uploads\/2022\/08\/IMG-20220408-WA0010-1.jpg 1024w, https:\/\/www.bulldogproject.eu\/wp-content\/uploads\/2022\/08\/IMG-20220408-WA0010-1-300x225.jpg 300w, https:\/\/www.bulldogproject.eu\/wp-content\/uploads\/2022\/08\/IMG-20220408-WA0010-1-768x576.jpg 768w\" sizes=\"auto, (max-width: 1024px) 100vw, 1024px\" \/><figcaption>DUBLIN<\/figcaption><\/figure>\n\n\n\n<figure class=\"wp-block-image size-large\"><img loading=\"lazy\" decoding=\"async\" width=\"1024\" height=\"768\" data-id=\"2451\" src=\"https:\/\/demo.bulldogproject.eu\/wp-content\/uploads\/2022\/08\/IMG-20220408-WA0002.jpg\" alt=\"\" class=\"wp-image-2451\" srcset=\"https:\/\/www.bulldogproject.eu\/wp-content\/uploads\/2022\/08\/IMG-20220408-WA0002.jpg 1024w, https:\/\/www.bulldogproject.eu\/wp-content\/uploads\/2022\/08\/IMG-20220408-WA0002-300x225.jpg 300w, https:\/\/www.bulldogproject.eu\/wp-content\/uploads\/2022\/08\/IMG-20220408-WA0002-768x576.jpg 768w\" sizes=\"auto, (max-width: 1024px) 100vw, 1024px\" \/><figcaption>DUBLIN<\/figcaption><\/figure>\n\n\n\n<figure class=\"wp-block-image size-large\"><img loading=\"lazy\" decoding=\"async\" width=\"768\" height=\"662\" data-id=\"2457\" src=\"https:\/\/demo.bulldogproject.eu\/wp-content\/uploads\/2022\/08\/IMG-20220408-WA0021.jpg\" alt=\"\" class=\"wp-image-2457\" srcset=\"https:\/\/www.bulldogproject.eu\/wp-content\/uploads\/2022\/08\/IMG-20220408-WA0021.jpg 768w, https:\/\/www.bulldogproject.eu\/wp-content\/uploads\/2022\/08\/IMG-20220408-WA0021-300x259.jpg 300w\" sizes=\"auto, (max-width: 768px) 100vw, 768px\" \/><figcaption>DUBLIN<\/figcaption><\/figure>\n\n\n\n<figure class=\"wp-block-image size-full\"><img loading=\"lazy\" decoding=\"async\" width=\"1024\" height=\"768\" data-id=\"2469\" src=\"https:\/\/demo.bulldogproject.eu\/wp-content\/uploads\/2022\/08\/IMG-20220621-WA0005.jpg\" alt=\"\" class=\"wp-image-2469\" srcset=\"https:\/\/www.bulldogproject.eu\/wp-content\/uploads\/2022\/08\/IMG-20220621-WA0005.jpg 1024w, https:\/\/www.bulldogproject.eu\/wp-content\/uploads\/2022\/08\/IMG-20220621-WA0005-300x225.jpg 300w, https:\/\/www.bulldogproject.eu\/wp-content\/uploads\/2022\/08\/IMG-20220621-WA0005-768x576.jpg 768w\" sizes=\"auto, (max-width: 1024px) 100vw, 1024px\" \/><figcaption>MICHALOVCE&nbsp;<\/figcaption><\/figure>\n\n\n\n<figure class=\"wp-block-image size-large\"><img loading=\"lazy\" decoding=\"async\" width=\"1024\" height=\"768\" data-id=\"2475\" src=\"https:\/\/demo.bulldogproject.eu\/wp-content\/uploads\/2022\/08\/20220621_102324-1024x768.jpg\" alt=\"\" class=\"wp-image-2475\" srcset=\"https:\/\/www.bulldogproject.eu\/wp-content\/uploads\/2022\/08\/20220621_102324-1024x768.jpg 1024w, https:\/\/www.bulldogproject.eu\/wp-content\/uploads\/2022\/08\/20220621_102324-300x225.jpg 300w, https:\/\/www.bulldogproject.eu\/wp-content\/uploads\/2022\/08\/20220621_102324-768x576.jpg 768w, https:\/\/www.bulldogproject.eu\/wp-content\/uploads\/2022\/08\/20220621_102324-1536x1152.jpg 1536w, https:\/\/www.bulldogproject.eu\/wp-content\/uploads\/2022\/08\/20220621_102324-2048x1536.jpg 2048w, https:\/\/www.bulldogproject.eu\/wp-content\/uploads\/2022\/08\/20220621_102324-1170x878.jpg 1170w\" sizes=\"auto, (max-width: 1024px) 100vw, 1024px\" \/><figcaption>MICHALOVCE&nbsp;<\/figcaption><\/figure>\n\n\n\n<figure class=\"wp-block-image size-large\"><img loading=\"lazy\" decoding=\"async\" width=\"1024\" height=\"768\" data-id=\"2481\" src=\"https:\/\/demo.bulldogproject.eu\/wp-content\/uploads\/2022\/08\/IMG-20220621-WA0003.jpg\" alt=\"\" class=\"wp-image-2481\" srcset=\"https:\/\/www.bulldogproject.eu\/wp-content\/uploads\/2022\/08\/IMG-20220621-WA0003.jpg 1024w, https:\/\/www.bulldogproject.eu\/wp-content\/uploads\/2022\/08\/IMG-20220621-WA0003-300x225.jpg 300w, https:\/\/www.bulldogproject.eu\/wp-content\/uploads\/2022\/08\/IMG-20220621-WA0003-768x576.jpg 768w\" sizes=\"auto, (max-width: 1024px) 100vw, 1024px\" \/><figcaption>MICHALOVCE&nbsp;<\/figcaption><\/figure>\n<figcaption class=\"blocks-gallery-caption\">BULLDOG PARTNERSHIP MEETINGS<\/figcaption><\/figure>\n","protected":false},"excerpt":{"rendered":"ATHENS ATHENS ATHENS IASI IASI IASI PADOVA PADOVA PADOVA BRAGAN\u00c7A&nbsp; BRAGAN\u00c7A&nbsp; BRAGAN\u00c7A&nbsp; DUBLIN DUBLIN DUBLIN MICHALOVCE&nbsp; MICHALOVCE&nbsp; MICHALOVCE&nbsp; BULLDOG PARTNERSHIP MEETINGS","protected":false},"author":3,"featured_media":0,"parent":0,"menu_order":0,"comment_status":"closed","ping_status":"closed","template":"","meta":{"footnotes":""},"class_list":["post-2490","page","type-page","status-publish","hentry"],"_links":{"self":[{"href":"https:\/\/www.bulldogproject.eu\/pt-pt\/wp-json\/wp\/v2\/pages\/2490","targetHints":{"allow":["GET"]}}],"collection":[{"href":"https:\/\/www.bulldogproject.eu\/pt-pt\/wp-json\/wp\/v2\/pages"}],"about":[{"href":"https:\/\/www.bulldogproject.eu\/pt-pt\/wp-json\/wp\/v2\/types\/page"}],"author":[{"embeddable":true,"href":"https:\/\/www.bulldogproject.eu\/pt-pt\/wp-json\/wp\/v2\/users\/3"}],"replies":[{"embeddable":true,"href":"https:\/\/www.bulldogproject.eu\/pt-pt\/wp-json\/wp\/v2\/comments?post=2490"}],"version-history":[{"count":3,"href":"https:\/\/www.bulldogproject.eu\/pt-pt\/wp-json\/wp\/v2\/pages\/2490\/revisions"}],"predecessor-version":[{"id":2525,"href":"https:\/\/www.bulldogproject.eu\/pt-pt\/wp-json\/wp\/v2\/pages\/2490\/revisions\/2525"}],"wp:attachment":[{"href":"https:\/\/www.bulldogproject.eu\/pt-pt\/wp-json\/wp\/v2\/media?parent=2490"}],"curies":[{"name":"wp","href":"https:\/\/api.w.org\/{rel}","templated":true}]}}