{"id":1528,"date":"2022-07-29T15:43:31","date_gmt":"2022-07-29T15:43:31","guid":{"rendered":"https:\/\/demo.bulldogproject.eu\/policy-2\/"},"modified":"2022-08-19T23:51:40","modified_gmt":"2022-08-19T23:51:40","slug":"policy-2","status":"publish","type":"page","link":"https:\/\/www.bulldogproject.eu\/pt-pt\/policy-2\/","title":{"rendered":"Termos de Utiliza\u00e7\u00e3o"},"content":{"rendered":"\n<figure class=\"wp-block-image size-full\"><img loading=\"lazy\" decoding=\"async\" width=\"600\" height=\"300\" src=\"https:\/\/demo.bulldogproject.eu\/wp-content\/uploads\/2022\/07\/BULLDOG-SPACE.jpg\" alt=\"\" class=\"wp-image-1570\" srcset=\"https:\/\/www.bulldogproject.eu\/wp-content\/uploads\/2022\/07\/BULLDOG-SPACE.jpg 600w, https:\/\/www.bulldogproject.eu\/wp-content\/uploads\/2022\/07\/BULLDOG-SPACE-300x150.jpg 300w\" sizes=\"auto, (max-width: 600px) 100vw, 600px\" \/><\/figure>\n\n\n\n<p><\/p>\n\n\n\n<p><strong>1. Introdu\u00e7\u00e3o<\/strong><\/p>\n\n\n\n<p>Com o presente aviso, gostar\u00edamos de o informar sobre os termos e condi\u00e7\u00f5es relativos \u00e0 nossa recolha e tratamento de dados pessoais, efetuado pela parceria do projeto BULLDOG, que consiste nas seguintes institui\u00e7\u00f5es: \u0218COALA GIMNAZIAL\u0102 REDIU, MAIANDROS EPE, CENTRO UNIVERSITARIO SPORTIVO &#8211; CUSPADOVA, ASSOCIA\u00c7\u00c3O DE FUTEBOL DE BRAGAN\u00c7A, GYMN\u00c1ZIUM PAVLA HOROVA e CHAMPIONS FACTORY IRELAND LIMITED, propriet\u00e1rios da BULLDOG App (vers\u00f5es em Romeno, Grego, Italiano, Portugu\u00eas, Eslovaco e Ingl\u00eas) e respons\u00e1veis pelos dos dados pessoais recolhidos atrav\u00e9s desta App (doravante referido como &#8220;BULLDOG&#8221;).<\/p>\n\n\n\n<p>O BULLDOG tomou todas as medidas necess\u00e1rias para assegurar uma prote\u00e7\u00e3o e seguran\u00e7a de alto n\u00edvel para a aplica\u00e7\u00e3o BULLDOG, de acordo com as melhores pr\u00e1ticas comerciais conhecidas.<\/p>\n\n\n\n<p>O acesso e a navega\u00e7\u00e3o na aplica\u00e7\u00e3o BULLDOG s\u00e3o gratuitos. \u00c9 estritamente proibida qualquer c\u00f3pia ou reprodu\u00e7\u00e3o, publica\u00e7\u00e3o, modifica\u00e7\u00e3o, altera\u00e7\u00e3o ou qualquer outra forma de utiliza\u00e7\u00e3o das fotografias, v\u00eddeos, imagens e log\u00f3tipos inclu\u00eddos na aplica\u00e7\u00e3o BULLDOG.<\/p>\n\n\n\n<p>O BULLDOG reserva-se o direito de modificar esta pol\u00edtica em qualquer altura sem aviso pr\u00e9vio dos utilizadores. Por conseguinte, \u00e9 aconselh\u00e1vel que a reveja regularmente ao utilizar a aplica\u00e7\u00e3o.<\/p>\n\n\n\n<p><strong>2. Quais os dados pessoais que recolhemos?<\/strong><\/p>\n\n\n\n<p>Ao utilizar esta aplica\u00e7\u00e3o, n\u00e3o \u00e9 necess\u00e1rio registar quaisquer dados pessoais.<\/p>\n\n\n\n<p>No entanto, se desejar entrar no \u201cdashboard\u201d do BULLDOG para criar um novo jogo para a aplica\u00e7\u00e3o BULLDOG, ser-lhe-\u00e1 pedido que submeta certos dados pessoais, tais como: o nome e o endere\u00e7o de correio eletr\u00f3nico.<\/p>\n\n\n\n<p><strong>3. Para que fins recolhemos os seus dados pessoais?<\/strong><\/p>\n\n\n\n<p>Temos o cuidado de recolher apenas os dados pessoais necess\u00e1rios, que sejam adequados e claros para os fins a que se destinam, n\u00e3o sendo sujeitos a qualquer outro processamento de qualquer forma incompat\u00edvel com os fins originais da recolha.<\/p>\n\n\n\n<p>Processamos os seus dados pessoais para os seguintes fins:<\/p>\n\n\n\n<p>&#8211; Para o contactar aquando do seu registo, de modo a receber o seu e-mail e enviar-lhe uma palavra-passe para poder ter acesso \u00e0 aplica\u00e7\u00e3o.<\/p>\n\n\n\n<p><strong>4. Durante quanto tempo guardamos os seus dados pessoais?<\/strong><\/p>\n\n\n\n<p>Asseguramos que os dados pessoais que recolhemos n\u00e3o s\u00e3o utilizados por mais tempo do que o necess\u00e1rio para a finalidade de processamento. Os crit\u00e9rios b\u00e1sicos que tomamos em considera\u00e7\u00e3o ao determinar a dura\u00e7\u00e3o da conserva\u00e7\u00e3o dos seus dados pessoais s\u00e3o a limita\u00e7\u00e3o temporal das reclama\u00e7\u00f5es determinada por lei e os prazos dentro dos quais uma autoridade p\u00fablica pode exigir que lhes forne\u00e7amos as informa\u00e7\u00f5es que possu\u00edmos nos nossos registos.<\/p>\n\n\n\n<p><strong>5. Qual \u00e9 a base legal para a BULLDOG processar os seus dados?<\/strong><\/p>\n\n\n\n<p>&#8211; O seu consentimento, quando apropriado, para um fim (por exemplo, quando se regista no painel de bordo do BULLDOG)<\/p>\n\n\n\n<p>&#8211; Cumprimento das obriga\u00e7\u00f5es impostas pela lei (por exemplo, quando precisamos de notificar os contactos dos nossos parceiros \u00e0s autoridades)<\/p>\n\n\n\n<p>&#8211; A prote\u00e7\u00e3o dos interesses leg\u00edtimos da parceria BULLDOG, bem como o cumprimento de obriga\u00e7\u00f5es contratuais ou estatut\u00e1rias.<\/p>\n\n\n\n<p><strong>6. Com quem partilhamos os seus dados pessoais?<\/strong><\/p>\n\n\n\n<p>Os dados que nos fornece n\u00e3o s\u00e3o divulgados a terceiros e n\u00e3o s\u00e3o de forma alguma tornados p\u00fablicos ou explorados de qualquer forma. Em casos excecionais, os dados pessoais do utilizador podem ser transmitidos a terceiros que s\u00e3o prestadores de servi\u00e7os do BULLDOG, que processam os seus dados pessoais exclusivamente para o cumprimento das suas obriga\u00e7\u00f5es, decorrentes da sua rela\u00e7\u00e3o contratual com o BULLDOG (tais como prestadores de servi\u00e7os de terceiros, consultores de servi\u00e7os de seguran\u00e7a, etc.).<\/p>\n\n\n\n<p>Al\u00e9m disso, o BULLDOG pode divulgar os seus dados pessoais nos seguintes casos:<\/p>\n\n\n\n<p>&#8211; Quando tiver o consentimento expresso da pessoa para publicar os seus dados de qualquer forma<\/p>\n\n\n\n<p>&#8211; Se tal divulga\u00e7\u00e3o for necess\u00e1ria para exercer os direitos do BULLDOG<\/p>\n\n\n\n<p>&#8211; Se for exigido por lei, uma ordem judicial ou qualquer outra autoridade governamental ou reguladora.<\/p>\n\n\n\n<p>No caso do BULLDOG transferir os seus dados pessoais para destinat\u00e1rios fora da Uni\u00e3o Europeia ou do Espa\u00e7o Econ\u00f3mico Europeu, aplicar\u00e1 as salvaguardas apropriadas para assegurar um n\u00edvel adequado de prote\u00e7\u00e3o dos mesmos.<\/p>\n\n\n\n<p><strong>7. Como garantimos que quem processa dados respeita os seus?<\/strong><\/p>\n\n\n\n<p>A entidade que processa dados, em nome da parceria, acordou e est\u00e1 contratualmente vinculada a n\u00f3s e entre outras coisas ter\u00e1 que fazer o seguinte:<\/p>\n\n\n\n<ul class=\"wp-block-list\"><li>&#8211; Para manter a confidencialidade<\/li><li>&#8211; N\u00e3o partilhar dados com terceiros sem o consentimento da parceria ou utiliz\u00e1-los para seu benef\u00edcio pessoal<\/li><li>&#8211; Tomar as medidas de seguran\u00e7a adequadas<\/li><li>&#8211;&nbsp; Cumprir o quadro legal para a prote\u00e7\u00e3o de dados pessoais, em particular o Regulamento 979\/2016\/\u0395\u0395 (tamb\u00e9m conhecido como GDPR)<\/li><\/ul>\n\n\n\n<p><strong>8. Quais s\u00e3o os seus direitos?<\/strong><\/p>\n\n\n\n<ul class=\"wp-block-list\"><li>Tem o direito de aceder aos seus dados pessoais.<\/li><li>Isto significa que tem o direito de ser informado por n\u00f3s se estivermos a processar os seus dados. Se estivermos a processar os seus dados, poder\u00e1 pedir informa\u00e7\u00f5es sobre a finalidade do processamento, o tipo de dados que possu\u00edmos, e com quem os partilhamos, durante quanto tempo os guardamos, mas tamb\u00e9m sobre os seus outros direitos, tais como corre\u00e7\u00e3o, elimina\u00e7\u00e3o, e apresenta\u00e7\u00e3o de uma queixa \u00e0 autoridade de prote\u00e7\u00e3o de dados.<\/li><\/ul>\n\n\n\n<ul class=\"wp-block-list\"><li>Tem o direito de corrigir dados pessoais imprecisos.<\/li><\/ul>\n\n\n\n<p>Se verificar que existe um erro nos seus dados, pode solicitar-nos a sua corre\u00e7\u00e3o (por exemplo, uma corre\u00e7\u00e3o do nome ou uma atualiza\u00e7\u00e3o de uma mudan\u00e7a de endere\u00e7o).<\/p>\n\n\n\n<ul class=\"wp-block-list\"><li>Tem o direito de ser apagado\/esquecido.<\/li><\/ul>\n\n\n\n<ul class=\"wp-block-list\"><li>Pode solicitar-nos que os seus dados sejam apagados caso seja violada algumas das regras previstas de acordo com a legisla\u00e7\u00e3o em vigor.<\/li><\/ul>\n\n\n\n<ul class=\"wp-block-list\"><li>O utilizador tem o direito de transferir os seus dados.<\/li><\/ul>\n\n\n\n<p>Caso o processamento se baseie no seu consentimento ou seja necess\u00e1rio para a execu\u00e7\u00e3o de um contrato consigo ou seja feito por meios automatizados, poder\u00e1 solicitar-nos que recebamos, de forma leg\u00edvel, os dados que nos forneceu, ou solicitar-nos que os reencaminhemos para outro respons\u00e1vel\/processador.<\/p>\n\n\n\n<ul class=\"wp-block-list\"><li>O cliente tem o direito de restringir o processamento.<\/li><\/ul>\n\n\n\n<p>Pode solicitar-nos que restrinjamos o processamento dos seus dados pessoais, caso exista alguma raz\u00e3o prevista na legisla\u00e7\u00e3o aplic\u00e1vel.<\/p>\n\n\n\n<ul class=\"wp-block-list\"><li>O cliente tem o direito de objctar e retirar o consentimento para o processamento dos seus Dados.<\/li><\/ul>\n\n\n\n<p>Se desejar exercer estes direitos, queira enviar um e-mail para gdpr@bulldogproject.eu ou uma carta para o seguinte endere\u00e7o:<\/p>\n\n\n\n<p>GIMNAZIAL\u0102 GIMNAZIAL\u0102 REDIU<\/p>\n\n\n\n<p>\u0218OS. VALEA REDIULUI NR. 342<\/p>\n\n\n\n<p>707405 REDIU<\/p>\n\n\n\n<p>ROM\u00c9NIA<\/p>\n\n\n\n<p>Finalmente, se considerar que estamos a violar a lei aplic\u00e1vel para a prote\u00e7\u00e3o dos seus dados pessoais, tem o direito de apresentar uma queixa \u00e0 Autoridade de Protec\u00e7\u00e3o de Dados Pessoais, registada em \u0218os. Valea Rediului, nr. 342 Rediu 70740, Rom\u00e9nia.<\/p>\n\n\n\n<p><strong>9. Limita\u00e7\u00e3o de responsabilidade<\/strong><\/p>\n\n\n\n<p>A aplica\u00e7\u00e3o BULLDOG pode incluir links para outros websites n\u00e3o controlados pela parceria BULLDOG mas por outros propriet\u00e1rios (indiv\u00edduos ou entidades jur\u00eddicas) a que pertencem os websites acima referidos. Em nenhuma circunst\u00e2ncia a parceria BULLDOG \u00e9 respons\u00e1vel por qualquer dano que o utilizador possa sofrer devido \u00e0 sua visita a outros sites, incluindo qualquer processamento ilegal dos seus dados pessoais em virtude da visita online aos sites acima referidos.<\/p>\n\n\n\n<p><strong>10. Cookies<\/strong><\/p>\n\n\n\n<p>Os cookies s\u00e3o pequenos ficheiros de texto contendo informa\u00e7\u00e3o, que s\u00e3o enviados pelo website bulldogproject.eu e s\u00e3o descarregados para o computador pessoal do utilizador\/visitante ou dispositivo eletr\u00f3nico. Estes ficheiros podem conter informa\u00e7\u00f5es sobre o tipo de navegador da internet utilizado por cada utilizador\/visitante, o tipo de computador, sistema operativo, o fornecedor de internet e outras informa\u00e7\u00f5es t\u00e9cnicas.<\/p>\n\n\n\n<p>Os cookies n\u00e3o danificam o seu computador ou dispositivo m\u00f3vel, ou os ficheiros neles armazenados, e n\u00e3o interv\u00eam de forma alguma com quaisquer documentos ou ficheiros armazenados no seu computador quando visita o website bulldogproject.eu. A utiliza\u00e7\u00e3o de cookies n\u00e3o revela a sua identidade, mas pode levar \u00e0 identifica\u00e7\u00e3o do seu computador.<\/p>\n\n\n\n<p>O website bulldogproject.eu pode utilizar cookies para os seguintes fins:<\/p>\n\n\n\n<p>(a) Google Analytics<\/p>\n\n\n\n<p>Realizar inqu\u00e9ritos para fins estat\u00edsticos e\/ou para melhorar o conte\u00fado e servi\u00e7os do bulldogproject.eu e\/ou para medir a sua efic\u00e1cia.<\/p>\n\n\n\n<p>(b) Redes sociais<\/p>\n\n\n\n<p>Os cookies s\u00e3o colocados por fornecedores de sites de redes sociais a fim de permitir ao visitante partilhar facilmente o conte\u00fado do bulldogproject.eu atrav\u00e9s destes sites.<\/p>\n\n\n\n<p>A maioria dos navegadores da web aceita a utiliza\u00e7\u00e3o de cookies por defeito, mas \u00e9 poss\u00edvel configurar o seu navegador para negar a rece\u00e7\u00e3o ou aceitar seletivamente certos cookies. Se desativar a rece\u00e7\u00e3o de cookies, certas caracter\u00edsticas fornecidas pelo nosso website podem n\u00e3o estar dispon\u00edveis, enquanto algumas p\u00e1ginas podem n\u00e3o ser exibidas corretamente.<\/p>\n\n\n\n<p>O website www.allaboutcookies.org oferece instru\u00e7\u00f5es simples e boas sobre como gerir os cookies, utilizando diferentes tipos de navegadores web.<\/p>\n\n\n","protected":false},"excerpt":{"rendered":"<p>1. Introdu\u00e7\u00e3o Com o presente aviso, gostar\u00edamos de o informar sobre os termos e condi\u00e7\u00f5es relativos \u00e0 nossa recolha e tratamento de dados pessoais, efetuado pela parceria do projeto BULLDOG, que consiste nas seguintes institui\u00e7\u00f5es: \u0218COALA GIMNAZIAL\u0102 REDIU, MAIANDROS EPE, CENTRO UNIVERSITARIO SPORTIVO &#8211; CUSPADOVA, ASSOCIA\u00c7\u00c3O DE FUTEBOL DE BRAGAN\u00c7A, GYMN\u00c1ZIUM PAVLA HOROVA e CHAMPIONS [&hellip;]<\/p>\n","protected":false},"author":3,"featured_media":0,"parent":0,"menu_order":0,"comment_status":"closed","ping_status":"closed","template":"","meta":{"footnotes":""},"class_list":["post-1528","page","type-page","status-publish","hentry"],"_links":{"self":[{"href":"https:\/\/www.bulldogproject.eu\/pt-pt\/wp-json\/wp\/v2\/pages\/1528","targetHints":{"allow":["GET"]}}],"collection":[{"href":"https:\/\/www.bulldogproject.eu\/pt-pt\/wp-json\/wp\/v2\/pages"}],"about":[{"href":"https:\/\/www.bulldogproject.eu\/pt-pt\/wp-json\/wp\/v2\/types\/page"}],"author":[{"embeddable":true,"href":"https:\/\/www.bulldogproject.eu\/pt-pt\/wp-json\/wp\/v2\/users\/3"}],"replies":[{"embeddable":true,"href":"https:\/\/www.bulldogproject.eu\/pt-pt\/wp-json\/wp\/v2\/comments?post=1528"}],"version-history":[{"count":9,"href":"https:\/\/www.bulldogproject.eu\/pt-pt\/wp-json\/wp\/v2\/pages\/1528\/revisions"}],"predecessor-version":[{"id":2766,"href":"https:\/\/www.bulldogproject.eu\/pt-pt\/wp-json\/wp\/v2\/pages\/1528\/revisions\/2766"}],"wp:attachment":[{"href":"https:\/\/www.bulldogproject.eu\/pt-pt\/wp-json\/wp\/v2\/media?parent=1528"}],"curies":[{"name":"wp","href":"https:\/\/api.w.org\/{rel}","templated":true}]}}