{"id":1432,"date":"2022-07-29T13:43:16","date_gmt":"2022-07-29T13:43:16","guid":{"rendered":"https:\/\/demo.bulldogproject.eu\/our-goals\/"},"modified":"2022-08-30T15:19:30","modified_gmt":"2022-08-30T15:19:30","slug":"our-goals","status":"publish","type":"page","link":"https:\/\/www.bulldogproject.eu\/pt-pt\/our-goals\/","title":{"rendered":"Objectivos"},"content":{"rendered":"\n<div class=\"wp-block-cover is-light\"><span aria-hidden=\"true\" class=\"wp-block-cover__background has-background-dim\"><\/span><img loading=\"lazy\" decoding=\"async\" width=\"575\" height=\"431\" class=\"wp-block-cover__image-background wp-image-1441\" alt=\"\" src=\"https:\/\/demo.bulldogproject.eu\/wp-content\/uploads\/2022\/07\/BeingBullied_0-1.png\" data-object-fit=\"cover\" srcset=\"https:\/\/www.bulldogproject.eu\/wp-content\/uploads\/2022\/07\/BeingBullied_0-1.png 575w, https:\/\/www.bulldogproject.eu\/wp-content\/uploads\/2022\/07\/BeingBullied_0-1-300x225.png 300w\" sizes=\"auto, (max-width: 575px) 100vw, 575px\" \/><div class=\"wp-block-cover__inner-container is-layout-flow wp-block-cover-is-layout-flow\">\n<p class=\"has-text-align-center has-large-font-size\"><\/p>\n<\/div><\/div>\n\n\n\n<p><\/p>\n\n\n\n<p>BULLDOG tem como objetivo identificar:<\/p>\n\n\n\n<p>a) Jovens atletas vulner\u00e1veis ao bullying e v\u00edtimas de bullying que sofrem secretamente, jovens atletas com uma predisposi\u00e7\u00e3o para comportamentos agressivos e atletas que podem funcionar como modelos em atividades de \u201crole play\u201d.<\/p>\n\n\n\n<p>O BULLDOG tem como objetivo:<\/p>\n\n\n\n<p>b) Educar jovens atletas, pais e treinadores e organizar jogos anti-bullying em espa\u00e7os desportivos;<\/p>\n\n\n\n<p>c) Encorajar a participa\u00e7\u00e3o de v\u00edtimas de bullying em desportos de equipa,<\/p>\n\n\n\n<p>d) Sensibilizar para todos os tipos de comportamento intolerante no desporto; e<\/p>\n\n\n\n<p>f) Facilitar a comunica\u00e7\u00e3o online das v\u00edtimas com treinadores e peritos.&nbsp;<\/p>\n\n\n\n<p><\/p>\n\n\n\n<figure class=\"wp-block-image size-large is-resized\"><img loading=\"lazy\" decoding=\"async\" src=\"https:\/\/demo.bulldogproject.eu\/wp-content\/uploads\/2022\/07\/bulldog-logo.-1-1024x387.jpg\" alt=\"\" class=\"wp-image-1416\" width=\"211\" height=\"80\" srcset=\"https:\/\/www.bulldogproject.eu\/wp-content\/uploads\/2022\/07\/bulldog-logo.-1-1024x387.jpg 1024w, https:\/\/www.bulldogproject.eu\/wp-content\/uploads\/2022\/07\/bulldog-logo.-1-300x113.jpg 300w, https:\/\/www.bulldogproject.eu\/wp-content\/uploads\/2022\/07\/bulldog-logo.-1-768x290.jpg 768w, https:\/\/www.bulldogproject.eu\/wp-content\/uploads\/2022\/07\/bulldog-logo.-1-1536x581.jpg 1536w, https:\/\/www.bulldogproject.eu\/wp-content\/uploads\/2022\/07\/bulldog-logo.-1-1170x442.jpg 1170w, https:\/\/www.bulldogproject.eu\/wp-content\/uploads\/2022\/07\/bulldog-logo.-1.jpg 1920w\" sizes=\"auto, (max-width: 211px) 100vw, 211px\" \/><\/figure>\n\n\n\n<p><\/p>\n\n\n\n<p><strong>P\u00daBLICO-ALVO<\/strong><\/p>\n\n\n\n<p>A) Jovens atletas (9-13 anos de idade),<\/p>\n\n\n\n<p>b) Os seus pais,<\/p>\n\n\n\n<p>c) Treinadores, professores de desporto, etc..,<\/p>\n\n\n\n<p>d) Federa\u00e7\u00f5es desportivas, associa\u00e7\u00f5es desportivas, escolas e equipas universit\u00e1rias da RO, EL, IT, IE, PT, SK e de toda a Europa.<\/p>\n\n\n\n<p>DESPORTOS ALVO: Futebol e outros desportos de equipa.<\/p>\n","protected":false},"excerpt":{"rendered":"<p>BULLDOG tem como objetivo identificar: a) Jovens atletas vulner\u00e1veis ao bullying e v\u00edtimas de bullying que sofrem secretamente, jovens atletas com uma predisposi\u00e7\u00e3o para comportamentos agressivos e atletas que podem funcionar como modelos em atividades de \u201crole play\u201d. O BULLDOG tem como objetivo: b) Educar jovens atletas, pais e treinadores e organizar jogos anti-bullying em [&hellip;]<\/p>\n","protected":false},"author":2,"featured_media":0,"parent":0,"menu_order":0,"comment_status":"closed","ping_status":"closed","template":"","meta":{"footnotes":""},"class_list":["post-1432","page","type-page","status-publish","hentry"],"_links":{"self":[{"href":"https:\/\/www.bulldogproject.eu\/pt-pt\/wp-json\/wp\/v2\/pages\/1432","targetHints":{"allow":["GET"]}}],"collection":[{"href":"https:\/\/www.bulldogproject.eu\/pt-pt\/wp-json\/wp\/v2\/pages"}],"about":[{"href":"https:\/\/www.bulldogproject.eu\/pt-pt\/wp-json\/wp\/v2\/types\/page"}],"author":[{"embeddable":true,"href":"https:\/\/www.bulldogproject.eu\/pt-pt\/wp-json\/wp\/v2\/users\/2"}],"replies":[{"embeddable":true,"href":"https:\/\/www.bulldogproject.eu\/pt-pt\/wp-json\/wp\/v2\/comments?post=1432"}],"version-history":[{"count":4,"href":"https:\/\/www.bulldogproject.eu\/pt-pt\/wp-json\/wp\/v2\/pages\/1432\/revisions"}],"predecessor-version":[{"id":4301,"href":"https:\/\/www.bulldogproject.eu\/pt-pt\/wp-json\/wp\/v2\/pages\/1432\/revisions\/4301"}],"wp:attachment":[{"href":"https:\/\/www.bulldogproject.eu\/pt-pt\/wp-json\/wp\/v2\/media?parent=1432"}],"curies":[{"name":"wp","href":"https:\/\/api.w.org\/{rel}","templated":true}]}}