{"id":1285,"date":"2022-07-28T22:24:03","date_gmt":"2022-07-28T22:24:03","guid":{"rendered":"https:\/\/demo.bulldogproject.eu\/how-the-game-works\/"},"modified":"2022-08-30T15:22:17","modified_gmt":"2022-08-30T15:22:17","slug":"how-the-game-works","status":"publish","type":"page","link":"https:\/\/www.bulldogproject.eu\/pt-pt\/how-the-game-works\/","title":{"rendered":"Como funcionam os jogos"},"content":{"rendered":"\n<div class=\"wp-block-cover is-light\"><span aria-hidden=\"true\" class=\"wp-block-cover__background has-background-dim\"><\/span><img loading=\"lazy\" decoding=\"async\" width=\"1152\" height=\"768\" class=\"wp-block-cover__image-background wp-image-1316\" alt=\"\" src=\"https:\/\/demo.bulldogproject.eu\/wp-content\/uploads\/2022\/07\/8-b.jpg\" data-object-fit=\"cover\" srcset=\"https:\/\/www.bulldogproject.eu\/wp-content\/uploads\/2022\/07\/8-b.jpg 1152w, https:\/\/www.bulldogproject.eu\/wp-content\/uploads\/2022\/07\/8-b-300x200.jpg 300w, https:\/\/www.bulldogproject.eu\/wp-content\/uploads\/2022\/07\/8-b-1024x683.jpg 1024w, https:\/\/www.bulldogproject.eu\/wp-content\/uploads\/2022\/07\/8-b-768x512.jpg 768w\" sizes=\"auto, (max-width: 1152px) 100vw, 1152px\" \/><div class=\"wp-block-cover__inner-container is-layout-flow wp-block-cover-is-layout-flow\">\n<p class=\"has-text-align-center has-large-font-size\"><\/p>\n<\/div><\/div>\n\n\n\n<figure class=\"wp-block-image size-large is-resized\"><img loading=\"lazy\" decoding=\"async\" src=\"https:\/\/demo.bulldogproject.eu\/wp-content\/uploads\/2022\/07\/bulldog-logo.-1024x387.jpg\" alt=\"\" class=\"wp-image-1295\" width=\"265\" height=\"100\" srcset=\"https:\/\/www.bulldogproject.eu\/wp-content\/uploads\/2022\/07\/bulldog-logo.-1024x387.jpg 1024w, https:\/\/www.bulldogproject.eu\/wp-content\/uploads\/2022\/07\/bulldog-logo.-300x113.jpg 300w, https:\/\/www.bulldogproject.eu\/wp-content\/uploads\/2022\/07\/bulldog-logo.-768x290.jpg 768w, https:\/\/www.bulldogproject.eu\/wp-content\/uploads\/2022\/07\/bulldog-logo.-1536x581.jpg 1536w, https:\/\/www.bulldogproject.eu\/wp-content\/uploads\/2022\/07\/bulldog-logo.-1170x442.jpg 1170w, https:\/\/www.bulldogproject.eu\/wp-content\/uploads\/2022\/07\/bulldog-logo..jpg 1920w\" sizes=\"auto, (max-width: 265px) 100vw, 265px\" \/><\/figure>\n\n\n\n<p><strong>COMO FUNCIONAM OS JOGOS<\/strong><\/p>\n\n\n\n<p>Cada BULLDOG GAME ter\u00e1 uma dura\u00e7\u00e3o m\u00ednima de dois dias. De acordo com as necessidades, as organiza\u00e7\u00f5es desportivas e escolas poder\u00e3o organizar mais atividades anti-bullying nos campos desportivos, uma vez que o total de atividades anti-bullying desenvolvidas pelo nosso projeto ser\u00e1 de 60 e o m\u00e1ximo por dia de atividades recomendadas ser\u00e1 de 6.<br><\/p>\n\n\n\n<h4 class=\"wp-block-heading\">DIA 1<\/h4>\n\n\n\n<p><\/p>\n\n\n\n<p>N\u00famero de participantes m\u00e1ximo em cada JOGO BULLDOG: 30 jovens atletas<\/p>\n\n\n\n<p>\u00c9 necess\u00e1rio o consentimento dos pais.<\/p>\n\n\n\n<p>Cada participante deve ter um smartphone e descarregar a aplica\u00e7\u00e3o BULLDOG na sua vers\u00e3o lingu\u00edstica: EN, EL, RO, IT, PT, SK.<\/p>\n\n\n\n<p>Dura\u00e7\u00e3o: M\u00e1ximo 60 min (20 min para cada parte da nossa aplica\u00e7\u00e3o m\u00f3vel). Se o grupo et\u00e1rio for muito jovem, os professores\/treinadores podem decidir dividir as sess\u00f5es digitais em dois dias.<\/p>\n\n\n\n<h4 class=\"wp-block-heading\">COMO FUNCIONA O JOGO:<\/h4>\n\n\n\n<p><\/p>\n\n\n\n<p>O jogo come\u00e7a da seguinte forma:<\/p>\n\n\n\n<figure class=\"wp-block-image size-full is-resized\"><img loading=\"lazy\" decoding=\"async\" src=\"https:\/\/demo.bulldogproject.eu\/wp-content\/uploads\/2022\/07\/logo-digital.jpg\" alt=\"\" class=\"wp-image-1270\" width=\"582\" height=\"83\" srcset=\"https:\/\/www.bulldogproject.eu\/wp-content\/uploads\/2022\/07\/logo-digital.jpg 517w, https:\/\/www.bulldogproject.eu\/wp-content\/uploads\/2022\/07\/logo-digital-300x43.jpg 300w\" sizes=\"auto, (max-width: 582px) 100vw, 582px\" \/><\/figure>\n\n\n<div class=\"wp-block-image\">\n<figure class=\"alignleft size-large is-resized\"><img loading=\"lazy\" decoding=\"async\" src=\"https:\/\/demo.bulldogproject.eu\/wp-content\/uploads\/2022\/07\/Screenshot_20220729-013934_BulldogApp-461x1024.jpg\" alt=\"\" class=\"wp-image-1329\" width=\"231\" height=\"512\" srcset=\"https:\/\/www.bulldogproject.eu\/wp-content\/uploads\/2022\/07\/Screenshot_20220729-013934_BulldogApp-461x1024.jpg 461w, https:\/\/www.bulldogproject.eu\/wp-content\/uploads\/2022\/07\/Screenshot_20220729-013934_BulldogApp-135x300.jpg 135w, https:\/\/www.bulldogproject.eu\/wp-content\/uploads\/2022\/07\/Screenshot_20220729-013934_BulldogApp-768x1707.jpg 768w, https:\/\/www.bulldogproject.eu\/wp-content\/uploads\/2022\/07\/Screenshot_20220729-013934_BulldogApp-691x1536.jpg 691w, https:\/\/www.bulldogproject.eu\/wp-content\/uploads\/2022\/07\/Screenshot_20220729-013934_BulldogApp-922x2048.jpg 922w, https:\/\/www.bulldogproject.eu\/wp-content\/uploads\/2022\/07\/Screenshot_20220729-013934_BulldogApp.jpg 1080w\" sizes=\"auto, (max-width: 231px) 100vw, 231px\" \/><\/figure>\n<\/div>\n\n\n<p><strong>PARTE 1:<\/strong><\/p>\n\n\n\n<p>1) O utilizador (atleta adolescente) deve responder a pequenas perguntas com respostas de escolha m\u00faltipla \u201cfechadas\u201d baseadas num formato tipo \u201cteste de avalia\u00e7\u00e3o\u201d.<\/p>\n\n\n\n<p>Este teste incluir\u00e1:<\/p>\n\n\n\n<p>&nbsp;a) Um teste de Personalidade contendo perguntas que revelar\u00e3o os sentimentos e pensamentos secretos do utilizador em rela\u00e7\u00e3o aos seus colegas de equipa, treinadores e at\u00e9 adeptos, a sua poss\u00edvel rea\u00e7\u00e3o a incidentes de bullying ou provoca\u00e7\u00e3o, o seu n\u00edvel de autoconfian\u00e7a, etc.<\/p>\n\n\n\n<p>b) Um teste sociom\u00e9trico contendo perguntas relacionadas com o contexto social em que o bullying ocorre. Ser\u00e3o analisados cinco fatores: Vitimiza\u00e7\u00e3o, Aceita\u00e7\u00e3o, Pro-Socialidade, Retirada, e Agressividade.<\/p>\n\n\n\n<p>No final do teste, o utilizador ter\u00e1 a op\u00e7\u00e3o de partilhar os resultados do teste de Avalia\u00e7\u00e3o com o seu treinador. Os resultados do teste n\u00e3o estar\u00e3o dispon\u00edveis para o utilizador. O utilizador apenas saber\u00e1 que respondeu com sucesso a todas as perguntas do teste.<\/p>\n\n\n\n<p>De acordo com os resultados dos testes de Avalia\u00e7\u00e3o, os professores\/t\u00e9cnicos desportivos obter\u00e3o informa\u00e7\u00f5es valiosas sobre o utilizador\/atleta e tamb\u00e9m alguns indicadores de que o utilizador\/atleta poder\u00e1 pertencer aos \u201cRed Bulldogs\u201d, \u201cBlue Bulldogs\u201d ou \u201cBlack Bulldogs\u201d.<\/p>\n\n\n\n<p>a) Red Bulldog ou Bulldog vermelho (vulner\u00e1vel a bullying ou v\u00edtima j\u00e1 intimidada),<\/p>\n\n\n\n<p>b) Blue Bulldog ou Bulldog azul (atleta com forte auto-confian\u00e7a do que pode aprender a agir como um opositor ao bullying),<\/p>\n\n\n\n<p>c) Black Bulldog ou Bulldog negro (bully, ou potencial bully, algu\u00e9m com um comportamento intolerante).<\/p>\n\n\n\n<p><strong>PARTE 2:<\/strong><\/p>\n\n\n\n<p>Papel Educativo do Jogo: O utilizador\/atleta aprender\u00e1 a reagir a v\u00e1rios incidentes stressantes de bullying e de comportamento intolerante que podem ocorrer em contexto desportivo.<\/p>\n\n\n\n<p>V\u00e1rios incidentes de bullying, viol\u00eancia, discrimina\u00e7\u00e3o, racismo nos desportos de equipa ser\u00e3o apresentados sob a forma de cen\u00e1rios de jogo. Cada vez, o utilizador ter\u00e1 de desempenhar um papel diferente: o papel da v\u00edtima de bullying (Bulldog Vermelho), o papel do agressor (Bulldog Preto) ou o papel do espectador (Bulldog Azul). O utilizador ter\u00e1 de selecionar a sua linha de defesa entre duas op\u00e7\u00f5es e ser\u00e1 imediatamente informado pelo sistema se a escolha foi certa ou errada.<\/p>\n\n\n\n<p>O Papel Educativo do Jogo tem como objetivo ensinar:<\/p>\n\n\n\n<p>&#8211; O \u201cBulldog Vermelho\u201d como se defender contra o bullying,<\/p>\n\n\n\n<p>&#8211; O \u201cBulldog Azul\u201d como mudar o seu papel de espectador para pessoa interventiva, (ou seja, uma pessoa que v\u00ea o que acontece e interv\u00e9m, interrompe, ou fala alto) para parar a intimida\u00e7\u00e3o e encorajar as v\u00edtimas intimidadas a tornarem-se novamente ativas nos desportos de equipa,<\/p>\n\n\n\n<p>&#8211; O \u201cBulldog preto\u201d para compreender como se sentem as v\u00edtimas quando s\u00e3o intimidadas e quais s\u00e3o as consequ\u00eancias destas a\u00e7\u00f5es (por exemplo, ser banido da equipa, etc.)<\/p>\n\n\n\n<p><strong>PARTE 3:<\/strong><\/p>\n\n\n\n<p>Avalia\u00e7\u00e3o dos conhecimentos recebidos atrav\u00e9s de um jogo de autoavalia\u00e7\u00e3o\/teste de avalia\u00e7\u00e3o de conhecimentos ap\u00f3s recebida a forma\u00e7\u00e3o sobre o tema.<\/p>\n\n\n\n<p>Na terceira parte do software, o utilizador\/atleta testar\u00e1 os seus conhecimentos recebidos escolhendo as medidas corretas para resolver um hipot\u00e9tico incidente de discrimina\u00e7\u00e3o que ocorra em contexto desportivo. O cen\u00e1rio realista ser\u00e1 elaborado com fotografias, gr\u00e1ficos e, sempre que poss\u00edvel, v\u00eddeos.<\/p>\n\n\n\n<p>Todas as fases do incidente ser\u00e3o descritas em m\u00faltiplos cen\u00e1rios.<\/p>\n\n\n\n<p>Por exemplo, onde o incidente come\u00e7ou (nos campos desportivos, nas instala\u00e7\u00f5es desportivas, etc.)<\/p>\n\n\n\n<p>&nbsp;&nbsp;&nbsp;&nbsp;&nbsp; porque \u00e9 que come\u00e7ou,<\/p>\n\n\n\n<p>&nbsp;&nbsp;&nbsp;&nbsp;&nbsp; que foi a v\u00edtima,<\/p>\n\n\n\n<p>&nbsp;&nbsp;&nbsp;&nbsp;&nbsp; que era o bully,<\/p>\n\n\n\n<p>&nbsp;&nbsp;&nbsp;&nbsp;&nbsp; o que a v\u00edtima deve fazer, (estrat\u00e9gias de defesa)<\/p>\n\n\n\n<p>&nbsp;&nbsp;&nbsp;&nbsp;&nbsp; como reagiram os outros colegas de equipa,<\/p>\n\n\n\n<p>&nbsp;&nbsp;&nbsp;&nbsp;&nbsp; qual era o papel do professor\/treinador,<\/p>\n\n\n\n<p>&nbsp;&nbsp;&nbsp;&nbsp;&nbsp; qual era o papel dos pais de ambos os lados,<\/p>\n\n\n\n<p>&nbsp;&nbsp;&nbsp;&nbsp;&nbsp; como a quest\u00e3o foi resolvida<\/p>\n\n\n\n<p>&nbsp;&nbsp;&nbsp;&nbsp;&nbsp; como evitar uma nova agress\u00e3o de bullying.<\/p>\n\n\n\n<p>Os utilizadores que selecionarem os passos corretos e resolverem o incidente de bullying com pontua\u00e7\u00f5es elevadas superiores a 98%, receber\u00e3o o t\u00edtulo de \u201cBulldog Dourado\u201d.<\/p>\n\n\n\n<p>Os \u201cBulldogs Dourados\u201d tornar-se-\u00e3o os atletas e l\u00edderes de equipas mais pequenas que v\u00e3o ajudar os treinadores durante as sess\u00f5es de sensibiliza\u00e7\u00e3o e sess\u00f5es anti-bullying. Os \u201cBulldogs Dourados\u201d ser\u00e3o atletas maduros, que sabem como se comportar no desporto de equipa, que s\u00e3o capazes de tomar as decis\u00f5es corretas e que podem cooperar muito bem com os professores e treinadores desportivos para ajudar no seu trabalho.<\/p>\n\n\n\n<p>O \u201cBulldog Dourado\u201d receber\u00e1 uma T-Shirt com o logotipo do nosso projeto em cor dourada. As atividades anti-bullying desenvolvidas pelo nosso projeto ser\u00e3o de 60 e as atividades m\u00e1ximas recomendadas por dia ser\u00e3o de 6.<\/p>\n\n\n\n<figure class=\"wp-block-image size-full is-resized\"><img loading=\"lazy\" decoding=\"async\" src=\"https:\/\/demo.bulldogproject.eu\/wp-content\/uploads\/2022\/07\/logo-awareness.jpg\" alt=\"\" class=\"wp-image-1264\" width=\"626\" height=\"81\" srcset=\"https:\/\/www.bulldogproject.eu\/wp-content\/uploads\/2022\/07\/logo-awareness.jpg 533w, https:\/\/www.bulldogproject.eu\/wp-content\/uploads\/2022\/07\/logo-awareness-300x39.jpg 300w\" sizes=\"auto, (max-width: 626px) 100vw, 626px\" \/><\/figure>\n\n\n\n<h4 class=\"wp-block-heading\">DIA 2<\/h4>\n\n\n\n<p>Todas as organiza\u00e7\u00f5es desportivas, ap\u00f3s receberem os resultados da aplica\u00e7\u00e3o BULLDOG, passam a realizar a atividades anti-bullying nas instala\u00e7\u00f5es desportivas.<\/p>\n\n\n\n<p>Dura\u00e7\u00e3o m\u00e1xima de cada atividade: 15 min.<\/p>\n\n\n\n<p>Total de atividades por dia: 6<\/p>\n\n\n\n<p>Os jovens atletas ser\u00e3o divididos em grupos menores no m\u00e1ximo com 10 atletas. Cada grupo incluir\u00e1 atletas de todos os tipos de \u201cBulldogs\u201d, criando equipas mais pequenas incluindo atletas com todos os tipos de comportamento (bulldogs vermelhos, azuis e pretos).<\/p>\n\n\n\n<p>Os Bulldogs dourados ir\u00e3o liderar cada grupo e assistir os treinadores na realiza\u00e7\u00e3o de v\u00e1rias atividades anti-bullying. As atividades incluem:<\/p>\n\n\n\n<p>a) A aplica\u00e7\u00e3o dos materiais pedag\u00f3gicos desenvolvidos: (perguntas de brainstorming, cen\u00e1rios de resolu\u00e7\u00e3o de problemas, cart\u00f5es de hist\u00f3rias, cart\u00f5es informativos, etc.)<\/p>\n\n\n\n<p>b) Atividades f\u00edsicas (por exemplo, deslocar-se nos campos desportivos de acordo com as instru\u00e7\u00f5es dadas, seguir instru\u00e7\u00f5es, por exemplo, &#8220;Todos aqueles que se sentem intimidados mesmo uma vez na sua vida desportiva chutam a bola para a baliza&#8221;, etc.)<\/p>\n\n\n\n<p>No final das atividades, os atletas ser\u00e3o encorajados a escrever incidentes de bullying que tenham experimentado, visto, ou comportamentos que os tenham feito sentir-se desconfort\u00e1veis e sobre os quais gostariam de falar, e a inserir o seu papel com a sua hist\u00f3ria numa urna de voto.<\/p>\n\n\n\n<p>Os jogos BULLDOG tamb\u00e9m encorajar\u00e3o a participa\u00e7\u00e3o dos pais, que n\u00e3o s\u00f3 observar\u00e3o os jogos, mas tamb\u00e9m ser\u00e3o motivados a participar em jogos de \u201crole-play\u201d.<\/p>\n\n\n\n<p>Al\u00e9m disso, durante o \u00faltimo dia do BULLDOG, todos os participantes (jovens atletas, professores, treinadores, pais) ter\u00e3o de preencher um pequeno Formul\u00e1rio de Avalia\u00e7\u00e3o de conte\u00fados.<\/p>\n\n\n\n<p><\/p>\n\n\n\n<figure class=\"wp-block-image size-large is-resized\"><img loading=\"lazy\" decoding=\"async\" src=\"https:\/\/demo.bulldogproject.eu\/wp-content\/uploads\/2022\/07\/logo-crop-1024x394.png\" alt=\"\" class=\"wp-image-1276\" width=\"239\" height=\"92\" srcset=\"https:\/\/www.bulldogproject.eu\/wp-content\/uploads\/2022\/07\/logo-crop-1024x394.png 1024w, https:\/\/www.bulldogproject.eu\/wp-content\/uploads\/2022\/07\/logo-crop-300x115.png 300w, https:\/\/www.bulldogproject.eu\/wp-content\/uploads\/2022\/07\/logo-crop-768x295.png 768w, https:\/\/www.bulldogproject.eu\/wp-content\/uploads\/2022\/07\/logo-crop-1536x590.png 1536w, https:\/\/www.bulldogproject.eu\/wp-content\/uploads\/2022\/07\/logo-crop-1170x450.png 1170w, https:\/\/www.bulldogproject.eu\/wp-content\/uploads\/2022\/07\/logo-crop.png 1920w\" sizes=\"auto, (max-width: 239px) 100vw, 239px\" \/><\/figure>\n\n\n\n<p> &nbsp;<br><strong>ORGANIZA\u00c7\u00c3O DE GRUPOS DE APOIO:<\/strong> Os atletas que trabalharam como \u201cBulldogs Dourados\u201d nos jogos Bulldog formar\u00e3o um Grupo de Apoio para cada equipa. Todos os membros da equipa que se sintam desconfort\u00e1veis ou stressados por um comportamento violento de outro colega de equipa, mas receiem comunicar o incidente ao professor\/treinador ou aos pais, poder\u00e3o ter a op\u00e7\u00e3o de falar com os membros deste grupo de apoio. Os \u201cBulldogs Dourados\u201d ser\u00e3o ent\u00e3o os mediadores entre as v\u00edtimas e os professores\/treinadores e v\u00e3o relatar tais incidentes aos adultos.<\/p>\n","protected":false},"excerpt":{"rendered":"<p>COMO FUNCIONAM OS JOGOS Cada BULLDOG GAME ter\u00e1 uma dura\u00e7\u00e3o m\u00ednima de dois dias. De acordo com as necessidades, as organiza\u00e7\u00f5es desportivas e escolas poder\u00e3o organizar mais atividades anti-bullying nos campos desportivos, uma vez que o total de atividades anti-bullying desenvolvidas pelo nosso projeto ser\u00e1 de 60 e o m\u00e1ximo por dia de atividades recomendadas [&hellip;]<\/p>\n","protected":false},"author":2,"featured_media":1261,"parent":0,"menu_order":0,"comment_status":"closed","ping_status":"closed","template":"","meta":{"footnotes":""},"class_list":["post-1285","page","type-page","status-publish","has-post-thumbnail","hentry"],"_links":{"self":[{"href":"https:\/\/www.bulldogproject.eu\/pt-pt\/wp-json\/wp\/v2\/pages\/1285","targetHints":{"allow":["GET"]}}],"collection":[{"href":"https:\/\/www.bulldogproject.eu\/pt-pt\/wp-json\/wp\/v2\/pages"}],"about":[{"href":"https:\/\/www.bulldogproject.eu\/pt-pt\/wp-json\/wp\/v2\/types\/page"}],"author":[{"embeddable":true,"href":"https:\/\/www.bulldogproject.eu\/pt-pt\/wp-json\/wp\/v2\/users\/2"}],"replies":[{"embeddable":true,"href":"https:\/\/www.bulldogproject.eu\/pt-pt\/wp-json\/wp\/v2\/comments?post=1285"}],"version-history":[{"count":9,"href":"https:\/\/www.bulldogproject.eu\/pt-pt\/wp-json\/wp\/v2\/pages\/1285\/revisions"}],"predecessor-version":[{"id":4306,"href":"https:\/\/www.bulldogproject.eu\/pt-pt\/wp-json\/wp\/v2\/pages\/1285\/revisions\/4306"}],"wp:featuredmedia":[{"embeddable":true,"href":"https:\/\/www.bulldogproject.eu\/pt-pt\/wp-json\/wp\/v2\/media\/1261"}],"wp:attachment":[{"href":"https:\/\/www.bulldogproject.eu\/pt-pt\/wp-json\/wp\/v2\/media?parent=1285"}],"curies":[{"name":"wp","href":"https:\/\/api.w.org\/{rel}","templated":true}]}}