{"id":1465,"date":"2022-07-29T14:20:18","date_gmt":"2022-07-29T14:20:18","guid":{"rendered":"https:\/\/demo.bulldogproject.eu\/legislation\/"},"modified":"2022-08-30T15:18:12","modified_gmt":"2022-08-30T15:18:12","slug":"legislation","status":"publish","type":"page","link":"https:\/\/www.bulldogproject.eu\/it\/legislation\/","title":{"rendered":"Legislazione"},"content":{"rendered":"\n<div class=\"wp-block-cover is-light\"><span aria-hidden=\"true\" class=\"wp-block-cover__background has-background-dim\"><\/span><img loading=\"lazy\" decoding=\"async\" width=\"641\" height=\"344\" class=\"wp-block-cover__image-background wp-image-1456\" alt=\"\" src=\"https:\/\/demo.bulldogproject.eu\/wp-content\/uploads\/2022\/07\/bullyingred.jpg\" data-object-fit=\"cover\" srcset=\"https:\/\/www.bulldogproject.eu\/wp-content\/uploads\/2022\/07\/bullyingred.jpg 641w, https:\/\/www.bulldogproject.eu\/wp-content\/uploads\/2022\/07\/bullyingred-300x161.jpg 300w\" sizes=\"auto, (max-width: 641px) 100vw, 641px\" \/><div class=\"wp-block-cover__inner-container is-layout-flow wp-block-cover-is-layout-flow\">\n<p class=\"has-text-align-center has-large-font-size\"><\/p>\n<\/div><\/div>\n\n\n\n<p><\/p>\n\n\n\n<p><strong>LEGISLAZIONE ITALIANA IN MATERIA DI BULLISMO<\/strong><strong><\/strong><\/p>\n\n\n\n<p>Nell\u2019ordinamento giuridico italiano in materia di bullismo, al momento esiste solo la legge 71\/2017 specifica per il cyber-bullismo.&nbsp; E\u2019 per\u00f2 in corso un dibattito parlamentare che dovrebbe portare all\u2019emanazione di una <a href=\"https:\/\/www.senato.it\/leg\/18\/BGT\/Schede\/Ddliter\/52723.htm\">legge anti-bullismo<\/a>, con scopi sia preventivi che repressivi, la quale ha avuto il via libera dalla Camera dei Deputati a gennaio 2020 e che tuttora (dicembre 2021) si trova in corso di esame in commissione per il successivo passaggio al Senato.<\/p>\n\n\n\n<p>In assenza, ad oggi, di una legge specifica sul bullismo, le modalit\u00e0 con cui tale fenomeno si sviluppa interessano i diversi rami del diritto<\/p>\n\n\n\n<ul class=\"wp-block-list\"><li>diritto penale: perch\u00e9 gli episodi possono ricadere in ambito di reato<\/li><li>diritto civile: perch\u00e9 il bullo pu\u00f2 danneggiare cose o persone ed essere tenuto al&nbsp;risarcimento<\/li><li>diritto minorile<\/li><\/ul>\n\n\n\n<p><strong>Reati contro la persona&nbsp;&nbsp;<\/strong><\/p>\n\n\n\n<p>Il bullismo pu\u00f2 configurarsi in uno dei seguenti reati contro la&nbsp;persona: istigazione al suicidio (art. 580 c.p.); percosse (art. 581 c.p.); lesioni (art. 582 c.p.);&nbsp;rissa (art. 588 c.p.); diffamazione (art. 595 c.p.); violenza sessuale (art. 609 bis c.p.); minaccia (art. 612 c.p.); stalking (art. 612 bis c.p.); interferenze illecite nella vita privata (art. 615 bis c.p.).&nbsp;&nbsp;<\/p>\n\n\n\n<p><strong>Reati contro il patrimonio&nbsp;<\/strong><\/p>\n\n\n\n<p>Dal bullismo, poi, pu\u00f2 derivare anche il compimento di reati contro il patrimonio: furto (art. 624 c.p.); estorsione (art. 629 c.p.); danneggiamento (art. 635 c.p.).&nbsp;&nbsp;<\/p>\n\n\n\n<p><strong>Altre ipotesi di reato&nbsp;&nbsp;<\/strong><\/p>\n\n\n\n<p>Infine, ulteriori fattispecie di reato che possono essere integrate dal compimento di&nbsp;atti di bullismo sono: sostituzione di persona (art. 494 c.p.); frode informatica (art. 640 ter c.p.).&nbsp;&nbsp;<\/p>\n\n\n\n<p>Un elemento di grande rilevanza nel delineare la responsabilit\u00e0 penale, risulta essere <strong>l\u2019et\u00e0<\/strong>; nella grande maggioranza dei casi, gli atti di (cyber)bullismo avvengono tra minorenni, i quali, non sono punibili penalmente. Nello specifico, <strong>i minori al di sotto dei quattordici anni<\/strong> \u2013 a seguito di condotte rilevanti \u2013 non sono perseguibili penalmente, anche se vengono ritenuti socialmente pericolosi. In questi casi, il Tribunale per i Minorenni pu\u00f2 sentenziare un percorso rieducativo che preveda misure di sicurezza (come l\u2019ingresso in un riformatorio giudiziario oppure lo stato di libert\u00e0 vigilata).<\/p>\n\n\n\n<p><strong>Qualora i minori<\/strong> al momento del compimento delle condotte lesive <strong>si trovino in<\/strong> <strong>un\u2019et\u00e0 compresa tra i quattordici e i diciassette anni<\/strong> possono incorrere in responsabilit\u00e0 penale, previa valutazione del giudice sulla loro capacit\u00e0 di intendere e di volere in merito al reato a loro ascritto. \u00c8 possibile porre nei loro confronti la c.d. <strong>procedura di ammonimento<\/strong> (qualora i fatti siano commessi mediante Internet). <strong>I soggetti in condizioni di maggiore et\u00e0<\/strong> sono perseguiti penalmente secondo le modalit\u00e0 ordinarie.<\/p>\n\n\n\n<p>In<strong> sede civile<\/strong> si configura una responsabilit\u00e0 del bullo maggiorenne e, qualora minorenne, anche dei genitori per gli atti che si verificano al di fuori dall\u2019ambiente scolastico; qualora, invece, le condotte si compiano nelle istituzioni scolastiche, passibili di responsabilit\u00e0 civile possono essere anche gli insegnanti e i dirigenti scolastici.<\/p>\n\n\n\n<p>I genitori incorrono in responsabilit\u00e0 civile, in base all\u2019<strong>art. 2048 c.c., <\/strong>rubricato <em>\u201cResponsabilit\u00e0 dei genitori, dei tutori, dei precettori e dei maestri d\u2019arte\u201d,<\/em> il quale afferma come i genitori o il tutore, sono responsabili degli eventuali danni cagionati dal minore, sia esso emancipato, sia esso sotto la loro tutela. Tale articolo prevede la c.d. <strong>responsabilit\u00e0 per culpa in vigilando e in educando dei genitori<\/strong> per non aver vigilato, impedito o prevenuto comportamenti scorretti.<\/p>\n\n\n\n<p>Nel panorama in cui ci troviamo e tenendo in considerazione i soggetti a cui facciamo riferimento, \u00e8 necessario considerare le <strong>istituzioni scolastiche<\/strong>, luoghi di forte impatto nella vita del bullo e, non esenti da responsabilit\u00e0 civile.<\/p>\n\n\n\n<p>L\u2019articolo di riferimento \u00e8 il <strong>2048, comma 2 c.c.<\/strong> che sancisce come coloro che insegnano un mestiere o un\u2019arte, risultano responsabili dei danni cagionati dai loro allievi e apprendisti, per tutto il tempo cui sottostanno a loro vigilanza. Con esso, si prevede, nei giorni e nelle ore scolastiche, in caso di mancata vigilanza e educazione, una c.d. <strong>responsabilit\u00e0 per culpa in vigilando e in educando delle istituzioni scolastiche<\/strong>, con particolare riguardo agli insegnanti e ai dirigenti scolastici. Essa risulter\u00e0 aggravata, salvo dimostrazione di aver vigilato bene o del caso fortuito.<\/p>\n\n\n\n<p><strong>L\u2019istituzione scolastica pu\u00f2 altres\u00ec incorrere anche nella c.d. \u201cculpa in organizzando\u201d qualora non siano attuate tutte le misure idonee atte a prevenire fenomeni di cyberbullismo.<\/strong><\/p>\n\n\n\n<p>Servizio emergenziale attivo 24 ore su 24<\/p>\n\n\n\n<p>Attualmente \u00e8 attivo il<strong> 114 Emergenza Infanzia <\/strong>in tutta Italia, 365 giorni all\u2019anno, 24 ore su 24, numero gratuito sia da telefonia fissa sia da mobile. Tale Helpline si rivolge a:<\/p>\n\n\n\n<ul class=\"wp-block-list\"><li>bambini e adolescenti (italiani e stranieri) in situazioni di pericolo immediato per la loro incolumit\u00e0;<\/li><li>adulti che vogliono segnalare un caso di presunta emergenza;<\/li><li>servizi ed istituzioni coinvolte nella tutela di bambini e adolescenti.<\/li><\/ul>\n\n\n\n<p>Tale numero \u00e8 stato istituito per rispondere in generale a qualsiasi situazione possa mettere a repentaglio la salute psico-fisica del minore e che richieda un intervento specialistico immediato, preso atto del fatto che in quel momento la famiglia o la comunit\u00e0 della quale fa parte non \u00e8 in grado di proteggerlo.&nbsp;<\/p>\n\n\n\n<p>Tra le situazioni emergenziali contemplate dal servizio vengono contemplati ovviamente anche situazioni di<strong> abuso e maltrattamento<\/strong>, ma anche le<strong> nuove emergenze sociali <\/strong>(legate ad internet, ai cellulari, ai videogiochi), il che consente di accogliere anche i casi di bullismo e cyber-bullismo.<a><\/a><\/p>\n\n\n\n<p>Fonti web:<\/p>\n\n\n\n<p><a href=\"https:\/\/www.studiocataldi.it\/articoli\/27611-il-bullismo.asp\">https:\/\/www.studiocataldi.it\/articoli\/27611-il-bullismo.asp<\/a><\/p>\n\n\n\n<p><a href=\"https:\/\/www.senato.it\/leg\/18\/BGT\/Schede\/Ddliter\/52723.htm#\">https:\/\/www.senato.it\/leg\/18\/BGT\/Schede\/Ddliter\/52723.htm#<\/a><\/p>\n\n\n\n<p><a href=\"http:\/\/114.it\/chi-siamo\/\">http:\/\/114.it\/chi-siamo\/<\/a><\/p>\n","protected":false},"excerpt":{"rendered":"<p>LEGISLAZIONE ITALIANA IN MATERIA DI BULLISMO Nell\u2019ordinamento giuridico italiano in materia di bullismo, al momento esiste solo la legge 71\/2017 specifica per il cyber-bullismo.&nbsp; E\u2019 per\u00f2 in corso un dibattito parlamentare che dovrebbe portare all\u2019emanazione di una legge anti-bullismo, con scopi sia preventivi che repressivi, la quale ha avuto il via libera dalla Camera dei [&hellip;]<\/p>\n","protected":false},"author":2,"featured_media":0,"parent":0,"menu_order":0,"comment_status":"closed","ping_status":"closed","template":"","meta":{"footnotes":""},"class_list":["post-1465","page","type-page","status-publish","hentry"],"_links":{"self":[{"href":"https:\/\/www.bulldogproject.eu\/it\/wp-json\/wp\/v2\/pages\/1465","targetHints":{"allow":["GET"]}}],"collection":[{"href":"https:\/\/www.bulldogproject.eu\/it\/wp-json\/wp\/v2\/pages"}],"about":[{"href":"https:\/\/www.bulldogproject.eu\/it\/wp-json\/wp\/v2\/types\/page"}],"author":[{"embeddable":true,"href":"https:\/\/www.bulldogproject.eu\/it\/wp-json\/wp\/v2\/users\/2"}],"replies":[{"embeddable":true,"href":"https:\/\/www.bulldogproject.eu\/it\/wp-json\/wp\/v2\/comments?post=1465"}],"version-history":[{"count":3,"href":"https:\/\/www.bulldogproject.eu\/it\/wp-json\/wp\/v2\/pages\/1465\/revisions"}],"predecessor-version":[{"id":4298,"href":"https:\/\/www.bulldogproject.eu\/it\/wp-json\/wp\/v2\/pages\/1465\/revisions\/4298"}],"wp:attachment":[{"href":"https:\/\/www.bulldogproject.eu\/it\/wp-json\/wp\/v2\/media?parent=1465"}],"curies":[{"name":"wp","href":"https:\/\/api.w.org\/{rel}","templated":true}]}}