{"id":1284,"date":"2022-07-28T22:24:03","date_gmt":"2022-07-28T22:24:03","guid":{"rendered":"https:\/\/demo.bulldogproject.eu\/how-the-game-works\/"},"modified":"2022-08-30T15:17:09","modified_gmt":"2022-08-30T15:17:09","slug":"how-the-game-works","status":"publish","type":"page","link":"https:\/\/www.bulldogproject.eu\/it\/how-the-game-works\/","title":{"rendered":"Come funziona il gioco"},"content":{"rendered":"\n<div class=\"wp-block-cover is-light\"><span aria-hidden=\"true\" class=\"wp-block-cover__background has-background-dim\"><\/span><img loading=\"lazy\" decoding=\"async\" width=\"1152\" height=\"768\" class=\"wp-block-cover__image-background wp-image-1316\" alt=\"\" src=\"https:\/\/demo.bulldogproject.eu\/wp-content\/uploads\/2022\/07\/8-b.jpg\" data-object-fit=\"cover\" srcset=\"https:\/\/www.bulldogproject.eu\/wp-content\/uploads\/2022\/07\/8-b.jpg 1152w, https:\/\/www.bulldogproject.eu\/wp-content\/uploads\/2022\/07\/8-b-300x200.jpg 300w, https:\/\/www.bulldogproject.eu\/wp-content\/uploads\/2022\/07\/8-b-1024x683.jpg 1024w, https:\/\/www.bulldogproject.eu\/wp-content\/uploads\/2022\/07\/8-b-768x512.jpg 768w\" sizes=\"auto, (max-width: 1152px) 100vw, 1152px\" \/><div class=\"wp-block-cover__inner-container is-layout-flow wp-block-cover-is-layout-flow\">\n<p class=\"has-text-align-center has-large-font-size\"><\/p>\n<\/div><\/div>\n\n\n\n<figure class=\"wp-block-image size-large is-resized\"><img loading=\"lazy\" decoding=\"async\" src=\"https:\/\/demo.bulldogproject.eu\/wp-content\/uploads\/2022\/07\/bulldog-logo.-1024x387.jpg\" alt=\"\" class=\"wp-image-1295\" width=\"265\" height=\"100\" srcset=\"https:\/\/www.bulldogproject.eu\/wp-content\/uploads\/2022\/07\/bulldog-logo.-1024x387.jpg 1024w, https:\/\/www.bulldogproject.eu\/wp-content\/uploads\/2022\/07\/bulldog-logo.-300x113.jpg 300w, https:\/\/www.bulldogproject.eu\/wp-content\/uploads\/2022\/07\/bulldog-logo.-768x290.jpg 768w, https:\/\/www.bulldogproject.eu\/wp-content\/uploads\/2022\/07\/bulldog-logo.-1536x581.jpg 1536w, https:\/\/www.bulldogproject.eu\/wp-content\/uploads\/2022\/07\/bulldog-logo.-1170x442.jpg 1170w, https:\/\/www.bulldogproject.eu\/wp-content\/uploads\/2022\/07\/bulldog-logo..jpg 1920w\" sizes=\"auto, (max-width: 265px) 100vw, 265px\" \/><\/figure>\n\n\n\n<p>Ogni GIOCO DI BULLDOG avr\u00e0 una durata minima di due giorni. In base alle esigenze, le associazioni sportive e le scuole possono organizzare pi\u00f9 attivit\u00e0 anti-bullismo sul campo, poich\u00e9 il totale delle attivit\u00e0 anti-bullismo sviluppate dal nostro progetto sia di 60 e il massimo di attivit\u00e0 giornaliere consigliate sia di 6.<\/p>\n\n\n\n<p><strong>GIORNO 1<\/strong><\/p>\n\n\n\n<p>Numero di partecipanti a ciascun GIOCO DI BULLDOG: max 30 giovani atleti.<\/p>\n\n\n\n<p>\u00c8 richiesto il consenso dei genitori<\/p>\n\n\n\n<p>Ogni partecipante deve avere uno smartphone e scaricare l&#8217;applicazione BULLDOG nella sua versione linguistica EN, EL, RO, IT, PT, SK.<\/p>\n\n\n\n<p>Durata: Max 60 minuti (20 minuti per ogni parte della nostra App). Se il gruppo di et\u00e0 \u00e8 molto giovane, gli insegnanti\/allenatori possono decidere di dividere le sessioni digitali in due giorni.<\/p>\n\n\n\n<p class=\"has-medium-font-size\"><strong>IL GIOCO<\/strong><\/p>\n\n\n\n<p><strong>Il gioco inizia come segue:<\/strong><\/p>\n\n\n\n<figure class=\"wp-block-image size-full is-resized\"><img loading=\"lazy\" decoding=\"async\" src=\"https:\/\/demo.bulldogproject.eu\/wp-content\/uploads\/2022\/07\/logo-digital.jpg\" alt=\"\" class=\"wp-image-1270\" width=\"582\" height=\"83\" srcset=\"https:\/\/www.bulldogproject.eu\/wp-content\/uploads\/2022\/07\/logo-digital.jpg 517w, https:\/\/www.bulldogproject.eu\/wp-content\/uploads\/2022\/07\/logo-digital-300x43.jpg 300w\" sizes=\"auto, (max-width: 582px) 100vw, 582px\" \/><\/figure>\n\n\n<div class=\"wp-block-image\">\n<figure class=\"alignleft size-large is-resized\"><img loading=\"lazy\" decoding=\"async\" src=\"https:\/\/demo.bulldogproject.eu\/wp-content\/uploads\/2022\/07\/Screenshot_20220729-013934_BulldogApp-461x1024.jpg\" alt=\"\" class=\"wp-image-1329\" width=\"231\" height=\"512\" srcset=\"https:\/\/www.bulldogproject.eu\/wp-content\/uploads\/2022\/07\/Screenshot_20220729-013934_BulldogApp-461x1024.jpg 461w, https:\/\/www.bulldogproject.eu\/wp-content\/uploads\/2022\/07\/Screenshot_20220729-013934_BulldogApp-135x300.jpg 135w, https:\/\/www.bulldogproject.eu\/wp-content\/uploads\/2022\/07\/Screenshot_20220729-013934_BulldogApp-768x1707.jpg 768w, https:\/\/www.bulldogproject.eu\/wp-content\/uploads\/2022\/07\/Screenshot_20220729-013934_BulldogApp-691x1536.jpg 691w, https:\/\/www.bulldogproject.eu\/wp-content\/uploads\/2022\/07\/Screenshot_20220729-013934_BulldogApp-922x2048.jpg 922w, https:\/\/www.bulldogproject.eu\/wp-content\/uploads\/2022\/07\/Screenshot_20220729-013934_BulldogApp.jpg 1080w\" sizes=\"auto, (max-width: 231px) 100vw, 231px\" \/><\/figure>\n<\/div>\n\n\n<p><strong>PARTE 1:<\/strong><\/p>\n\n\n\n<p>1) L&#8217;utente (atleta adolescente) deve rispondere a brevi domande con risposte a scelta multipla basate su un test di valutazione, utilizzando uno sfondo e un layout illustrati e accattivanti.<\/p>\n\n\n\n<p>Il test includer\u00e0:<\/p>\n\n\n\n<p>a) un test di personalit\u00e0 contenente domande che riveleranno i sentimenti e i pensieri segreti dell&#8217;utente nei confronti dei compagni di squadra, degli allenatori e dei tifosi, la sua possibile reazione a episodi di bullismo o di presa in giro, il suo livello di fiducia in se stesso, ecc.<\/p>\n\n\n\n<p>b) un test sociometrico contenente domande relative al contesto sociale in cui si verifica il bullismo. Saranno analizzati cinque fattori: vittimizzazione, accettazione, prosocialit\u00e0, evitamento e aggressivit\u00e0.<\/p>\n\n\n\n<p>Al termine del test l&#8217;utente avr\u00e0 la possibilit\u00e0 di condividere i risultati del test di valutazione con il proprio allenatore. I risultati del test non saranno disponibili per l&#8217;utente. L&#8217;utente sapr\u00e0 solo di aver risposto con successo a tutte le domande del test.<\/p>\n\n\n\n<p>In base ai risultati del test di valutazione, gli insegnanti\/allenatori sportivi otterranno informazioni preziose sull&#8217;utente\/atleta e anche alcuni indicatori che indicano che l&#8217;utente\/atleta potrebbe appartenere ai Red Bulldog, ai Blue Bulldog o ai Black Bulldog.<\/p>\n\n\n\n<ol class=\"wp-block-list\" type=\"a\"><li>Bulldog rosso (vulnerabile al bullismo o gi\u00e0 vittima di bullismo),<ol><li>Bulldog blu (atleta con una forte fiducia in se stesso che pu\u00f2 imparare ad agire come sostenitore),<\/li><\/ol><ol><li>Bulldog nero (potenziale bullo o comportamento intollerante).<\/li><\/ol><\/li><\/ol>\n\n\n\n<p><strong>PARTE 2:<\/strong><\/p>\n\n\n\n<p>Gioco di ruolo educativo: L&#8217;utente\/atleta imparer\u00e0 a reagire a vari episodi di bullismo e intolleranza che possono verificarsi nei campi sportivi.<\/p>\n\n\n\n<p>Diversi episodi di bullismo, violenza, discriminazione e razzismo negli sport di squadra saranno presentati sotto forma di scenari di gioco di ruolo. Ogni volta l&#8217;utente dovr\u00e0 interpretare un ruolo diverso: il ruolo della vittima del bullismo (Red bulldog), il ruolo del bullo (Black bulldog) o il ruolo dello spettatore (Blue bulldog). L&#8217;utente dovr\u00e0 scegliere la sua linea di difesa tra due opzioni e verr\u00e0 immediatamente informato dal sistema se la sua scelta \u00e8 giusta o sbagliata.<\/p>\n\n\n\n<p>Il gioco di ruolo educativo mira a insegnare<\/p>\n\n\n\n<p>&#8211; al bulldog rosso come difendersi dal bullismo,<\/p>\n\n\n\n<p>&#8211; al bulldog blu come cambiare il suo ruolo da spettatore a sostenitore (cio\u00e8 una persona che vede cosa succede e interviene, interrompe o parla) per fermare il bullismo e incoraggiare le vittime del bullismo a riprendere l&#8217;attivit\u00e0 sportiva,<\/p>\n\n\n\n<p>&#8211; al bulldog nero a capire come si sentono le vittime di bullismo quando subiscono atti di bullismo e quali sono le conseguenze di queste azioni, ad esempio l&#8217;essere esclusi dalla squadra, ecc.<\/p>\n\n\n<div class=\"wp-block-image\">\n<figure class=\"alignleft size-large is-resized\"><img loading=\"lazy\" decoding=\"async\" src=\"https:\/\/demo.bulldogproject.eu\/wp-content\/uploads\/2022\/07\/Screenshot_20220729-015106_BulldogApp-461x1024.jpg\" alt=\"\" class=\"wp-image-1341\" width=\"231\" height=\"513\" srcset=\"https:\/\/www.bulldogproject.eu\/wp-content\/uploads\/2022\/07\/Screenshot_20220729-015106_BulldogApp-461x1024.jpg 461w, https:\/\/www.bulldogproject.eu\/wp-content\/uploads\/2022\/07\/Screenshot_20220729-015106_BulldogApp-135x300.jpg 135w, https:\/\/www.bulldogproject.eu\/wp-content\/uploads\/2022\/07\/Screenshot_20220729-015106_BulldogApp-768x1707.jpg 768w, https:\/\/www.bulldogproject.eu\/wp-content\/uploads\/2022\/07\/Screenshot_20220729-015106_BulldogApp-691x1536.jpg 691w, https:\/\/www.bulldogproject.eu\/wp-content\/uploads\/2022\/07\/Screenshot_20220729-015106_BulldogApp-922x2048.jpg 922w, https:\/\/www.bulldogproject.eu\/wp-content\/uploads\/2022\/07\/Screenshot_20220729-015106_BulldogApp.jpg 1080w\" sizes=\"auto, (max-width: 231px) 100vw, 231px\" \/><\/figure>\n<\/div>\n\n\n<p><strong>PARTE 3:<\/strong><\/p>\n\n\n\n<p>Valutazione delle conoscenze ricevute attraverso un gioco di autovalutazione \/ Test di valutazione delle conoscenze post allenamento<\/p>\n\n\n\n<p>Nella terza parte del software, l&#8217;utente\/atleta metter\u00e0 alla prova le conoscenze ricevute scegliendo i passi corretti per risolvere un ipotetico episodio di bullismo e discriminazione che si verifica sul campo sportivo. Lo scenario realistico sar\u00e0 elaborato con foto, grafici e, ove possibile, video.<\/p>\n\n\n\n<p>Tutte le fasi dell&#8217;incidente saranno descritte in scenari multipli.<\/p>\n\n\n\n<p><\/p>\n\n\n\n<p><\/p>\n\n\n\n<p><\/p>\n\n\n\n<p><\/p>\n\n\n\n<p>Ad esempio,<\/p>\n\n\n\n<p>&nbsp;dove \u00e8 iniziato l&#8217;incidente (nei campi sportivi, negli impianti sportivi, ecc.)<\/p>\n\n\n\n<p>&nbsp;&nbsp;&nbsp;&nbsp;&nbsp; perch\u00e9 \u00e8 iniziato<\/p>\n\n\n\n<p>&nbsp;&nbsp;&nbsp;&nbsp;&nbsp; chi era la vittima<\/p>\n\n\n\n<p>&nbsp;&nbsp;&nbsp;&nbsp;&nbsp; chi era il bullo,<\/p>\n\n\n\n<p>&nbsp;&nbsp;&nbsp;&nbsp;&nbsp; cosa deve fare la vittima (strategie di difesa)<\/p>\n\n\n\n<p>&nbsp;&nbsp;&nbsp;&nbsp;&nbsp; come hanno reagito gli altri compagni di squadra<\/p>\n\n\n\n<p>&nbsp;&nbsp;&nbsp;&nbsp;&nbsp; qual \u00e8 stato il ruolo dell&#8217;insegnante\/allenatore,<\/p>\n\n\n\n<p>&nbsp;&nbsp;&nbsp;&nbsp;&nbsp; qual \u00e8 stato il ruolo dei genitori di entrambe le parti,<\/p>\n\n\n\n<p>&nbsp;&nbsp;&nbsp;&nbsp;&nbsp; come \u00e8 stato risolto il problema<\/p>\n\n\n\n<p>&nbsp;&nbsp;&nbsp;&nbsp;&nbsp; come prevenire una nuova aggressione di bullismo<\/p>\n\n\n\n<p>Gli utenti che selezioneranno i passaggi corretti e risolveranno l&#8217;episodio di bullismo ricevendo punteggi elevati, superiori al 98%, riceveranno il titolo di Golden bulldog.<\/p>\n\n\n\n<p>I bulldog oro diventeranno atleti modello e leader delle squadre pi\u00f9 piccole, aiutando gli allenatori durante le sessioni di sensibilizzazione e le sessioni anti-bullismo. I bulldog oro saranno atleti maturi, che sanno come comportarsi negli sport di squadra, sono in grado di prendere le decisioni corrette e possono collaborare bene con gli insegnanti di sport e gli allenatori per assistere il loro lavoro.<\/p>\n\n\n\n<p>I bulldog oro riceveranno una maglietta con il logo del progetto in colore oro.<\/p>\n\n\n\n<p>Le attivit\u00e0 anti-bullismo sviluppate dal nostro progetto saranno 60 e il massimo di attivit\u00e0 giornaliere consigliate sar\u00e0 di 6.<\/p>\n\n\n\n<figure class=\"wp-block-image size-full is-resized\"><img loading=\"lazy\" decoding=\"async\" src=\"https:\/\/demo.bulldogproject.eu\/wp-content\/uploads\/2022\/07\/logo-awareness.jpg\" alt=\"\" class=\"wp-image-1264\" width=\"626\" height=\"81\" srcset=\"https:\/\/www.bulldogproject.eu\/wp-content\/uploads\/2022\/07\/logo-awareness.jpg 533w, https:\/\/www.bulldogproject.eu\/wp-content\/uploads\/2022\/07\/logo-awareness-300x39.jpg 300w\" sizes=\"auto, (max-width: 626px) 100vw, 626px\" \/><\/figure>\n\n\n\n<p><strong>GIORNO 2<\/strong><\/p>\n\n\n\n<p>Ogni associazione sportiva, dopo aver ricevuto i risultati dell&#8217;app BULLDOG, proceder\u00e0 ad attivit\u00e0 anti-bullismo nei campi sportivi.<\/p>\n\n\n\n<p>Durata massima di ogni attivit\u00e0: 15 minuti<\/p>\n\n\n\n<p>Totale attivit\u00e0 al giorno: 6<\/p>\n\n\n\n<p>I giovani atleti saranno divisi in gruppi pi\u00f9 piccoli di massimo 10 atleti. Ogni gruppo comprender\u00e0 atleti di tutti i tipi di Bulldog, creando squadre pi\u00f9 piccole che includano atleti con tutti i tipi di comportamento (bulldog rossi, blu, neri).<\/p>\n\n\n\n<p>I bulldog oro guideranno ogni gruppo e assisteranno gli allenatori nello svolgimento di varie attivit\u00e0 anti-bullismo. Le attivit\u00e0 comprenderanno:<\/p>\n\n\n\n<p>a) L&#8217;applicazione dei materiali pedagogici sviluppati: (domande di brainstorming, scenari di problem solving, storie, schede informative, ecc.)<\/p>\n\n\n\n<p>b) Attivit\u00e0 fisiche (ad esempio, muoversi nei campi sportivi secondo le indicazioni date, seguire le istruzioni, ad esempio: &#8220;Tutti coloro che si sentono vittime di bullismo anche solo una volta nella loro vita sportiva, calciano la palla verso il palo della porta&#8221;, ecc.<\/p>\n\n\n\n<p>Alla fine di tutte le attivit\u00e0, gli atleti saranno incoraggiati a scrivere gli episodi di bullismo che hanno vissuto, visto o i comportamenti che li hanno fatti sentire a disagio e di cui vorrebbero parlare, e a inserire il loro foglio in un&#8217;urna.<\/p>\n\n\n\n<p>I giochi di BULLDOG incoraggeranno la partecipazione anche dei genitori, che non solo osserveranno i giochi ma saranno motivati a partecipare ai giochi di ruolo.<\/p>\n\n\n\n<p>Inoltre, durante l&#8217;ultimo giorno di BULLDOG tutti i partecipanti (giovani atleti, insegnanti, allenatori, genitori) dovranno compilare un breve modulo di valutazione dei materiali.<\/p>\n\n\n\n<p><\/p>\n\n\n\n<figure class=\"wp-block-image size-large is-resized\"><img loading=\"lazy\" decoding=\"async\" src=\"https:\/\/demo.bulldogproject.eu\/wp-content\/uploads\/2022\/07\/logo-crop-1024x394.png\" alt=\"\" class=\"wp-image-1276\" width=\"239\" height=\"92\" srcset=\"https:\/\/www.bulldogproject.eu\/wp-content\/uploads\/2022\/07\/logo-crop-1024x394.png 1024w, https:\/\/www.bulldogproject.eu\/wp-content\/uploads\/2022\/07\/logo-crop-300x115.png 300w, https:\/\/www.bulldogproject.eu\/wp-content\/uploads\/2022\/07\/logo-crop-768x295.png 768w, https:\/\/www.bulldogproject.eu\/wp-content\/uploads\/2022\/07\/logo-crop-1536x590.png 1536w, https:\/\/www.bulldogproject.eu\/wp-content\/uploads\/2022\/07\/logo-crop-1170x450.png 1170w, https:\/\/www.bulldogproject.eu\/wp-content\/uploads\/2022\/07\/logo-crop.png 1920w\" sizes=\"auto, (max-width: 239px) 100vw, 239px\" \/><\/figure>\n\n\n\n<p> &nbsp;<br>ORGANIZZAZIONE DI GRUPPI DI SOSTEGNO: Gli atleti che hanno lavorato come Bulldog oro nei giochi formeranno un gruppo di supporto per ogni squadra. Tutti i membri della squadra che si sentono a disagio o stressati da un comportamento violento di un altro compagno, ma che temono di riferire l&#8217;incidente all&#8217;insegnante, all&#8217;allenatore o ai genitori, possono avere la possibilit\u00e0 di parlare con i membri di questo gruppo di supporto. I Bulldog oro faranno da mediatori tra le vittime e gli insegnanti\/allenatori e riferiranno tali incidenti agli adulti.&nbsp;&nbsp;&nbsp;&nbsp;<\/p>\n","protected":false},"excerpt":{"rendered":"<p>Ogni GIOCO DI BULLDOG avr\u00e0 una durata minima di due giorni. In base alle esigenze, le associazioni sportive e le scuole possono organizzare pi\u00f9 attivit\u00e0 anti-bullismo sul campo, poich\u00e9 il totale delle attivit\u00e0 anti-bullismo sviluppate dal nostro progetto sia di 60 e il massimo di attivit\u00e0 giornaliere consigliate sia di 6. GIORNO 1 Numero di [&hellip;]<\/p>\n","protected":false},"author":2,"featured_media":1260,"parent":0,"menu_order":0,"comment_status":"closed","ping_status":"closed","template":"","meta":{"footnotes":""},"class_list":["post-1284","page","type-page","status-publish","has-post-thumbnail","hentry"],"_links":{"self":[{"href":"https:\/\/www.bulldogproject.eu\/it\/wp-json\/wp\/v2\/pages\/1284","targetHints":{"allow":["GET"]}}],"collection":[{"href":"https:\/\/www.bulldogproject.eu\/it\/wp-json\/wp\/v2\/pages"}],"about":[{"href":"https:\/\/www.bulldogproject.eu\/it\/wp-json\/wp\/v2\/types\/page"}],"author":[{"embeddable":true,"href":"https:\/\/www.bulldogproject.eu\/it\/wp-json\/wp\/v2\/users\/2"}],"replies":[{"embeddable":true,"href":"https:\/\/www.bulldogproject.eu\/it\/wp-json\/wp\/v2\/comments?post=1284"}],"version-history":[{"count":9,"href":"https:\/\/www.bulldogproject.eu\/it\/wp-json\/wp\/v2\/pages\/1284\/revisions"}],"predecessor-version":[{"id":4296,"href":"https:\/\/www.bulldogproject.eu\/it\/wp-json\/wp\/v2\/pages\/1284\/revisions\/4296"}],"wp:featuredmedia":[{"embeddable":true,"href":"https:\/\/www.bulldogproject.eu\/it\/wp-json\/wp\/v2\/media\/1260"}],"wp:attachment":[{"href":"https:\/\/www.bulldogproject.eu\/it\/wp-json\/wp\/v2\/media?parent=1284"}],"curies":[{"name":"wp","href":"https:\/\/api.w.org\/{rel}","templated":true}]}}